{"id":15082,"date":"2016-09-04T19:37:18","date_gmt":"2016-09-04T16:37:18","guid":{"rendered":"https:\/\/gowri.eu\/moodusark\/"},"modified":"2026-03-25T16:41:22","modified_gmt":"2026-03-25T14:41:22","slug":"moodusark","status":"publish","type":"page","link":"https:\/\/gowri.eu\/et\/moodusark\/","title":{"rendered":"M\u00f5\u00f5dus\u00e4rk"},"content":{"rendered":"\n\n    <img data-opt-id=2277721  fetchpriority=\"high\" decoding=\"async\" src=\"https:\/\/ml0tjjxz0vpi.i.optimole.com\/cb:IMMd.56e5c\/w:auto\/h:auto\/q:mauto\/f:best\/https:\/\/gowri.eu\/wp-content\/uploads\/mõõdusärk-2-scaled.jpg\" alt=\"M\u00f5\u00f5dus\u00e4rk\"\/>\n            <h1>M\u00f5\u00f5dus\u00e4rk<\/h1>\n            <p>Ideaalselt istuv triiks\u00e4rk &#8211; \u00d5mmeldud personaalselt Sinule Eesti s\u00e4rgimeistrite poolt.<br \/><a href=\"#tailor-steps-heading\">Hind ja tellimine<\/a><\/p>\n    <h2>M\u00f5\u00f5dus\u00e4rk kingitusena?<\/h2>\n    <p>Vaata meie <a href=\"https:\/\/gowri.eu\/et\/pood\/moodusargi-kinkekaart\/\">m\u00f5\u00f5dus\u00e4rgi kinkekaarti<\/a>.<\/p>\n    <h2>Suurep\u00e4rane kvaliteet l\u00e4bi kogemuse<\/h2>\n    <p>Gowri m\u00f5\u00f5dus\u00e4rk sai alguse juba aastal 1996 ja see Gowri triiks\u00e4rkide lipulaev on \u00fcks esimesi tooteid, mida me oma klientidele pakkuma hakkasime. Selle aja jooksul oleme valmistanud tuhandeid m\u00f5\u00f5dus\u00e4rke rahulolevatele klientidele Inglismaal, Skandinaavias ja Eestis.<\/p>\n    Kasutame parimaid \u00fche- ja topeltkeerutusega puuvilla, Itaalia siidi ja India toorsiidi ning p\u00e4ris p\u00e4rlmutter n\u00f6\u00f6pe.\n\t<img data-opt-id=2049163164  fetchpriority=\"high\" decoding=\"async\" src=\"https:\/\/ml0tjjxz0vpi.i.optimole.com\/cb:IMMd.56e5c\/w:auto\/h:auto\/q:mauto\/f:best\/https:\/\/gowri.eu\/wp-content\/uploads\/mõõdusärk-1.jpg\" alt=\"M\u00f5\u00f5dus\u00e4rk\"\/>\n\t<img data-opt-id=2021460943  fetchpriority=\"high\" decoding=\"async\" src=\"https:\/\/ml0tjjxz0vpi.i.optimole.com\/cb:IMMd.56e5c\/w:auto\/h:auto\/q:mauto\/f:best\/https:\/\/gowri.eu\/wp-content\/uploads\/mõõdusärk-3.jpg\" alt=\"M\u00f5\u00f5dus\u00e4rk\"\/>\n    <h2>Meisterlik Eesti k\u00e4sit\u00f6\u00f6<\/h2>\n    <p>Oleme teinud palju t\u00f6\u00f6d, et Gowri m\u00f5\u00f5dus\u00e4rk oleks t\u00e4nasel p\u00e4eval maailmatasemel kvaliteediga toode, Eesti k\u00e4sit\u00f6\u00f6 ja meisterlikkuse p\u00e4rl:<br \/>&#8211; \u00d5mbluspiste tihedus 6 pistet cm kohta<br \/>&#8211; Prantsuse \u00f5mblused (seest ja v\u00e4ljast puhtad kaenlaaugu ja k\u00fclje\u00f5mblused)<br \/>&#8211; Ristpistes \u00f5mmeldud n\u00f6\u00f6bid<br \/>&#8211; Inglise stiilis kolmnurgaga all\u00e4\u00e4red<br \/>&#8211; K\u00e4sitsi valmistatud tikand<\/p>\n    <h2>T\u00f5eliselt personaalne triiks\u00e4rk<\/h2>\n    <p>Gowri m\u00f5\u00f5dus\u00e4rgid on l\u00f5igatud \u00fckshaaval k\u00e4sitsi vastavalt sinu t\u00e4psetele m\u00f5\u00f5tudele. \u00d5mblemine on tehtud algusest l\u00f5puni \u00fcheainsa \u00f5mblusmeistri poolt, kasutades ainult \u00fchen\u00f5elalist \u00f5mblusmasinat. K\u00f5ik meie m\u00f5\u00f5dus\u00e4rgid on \u00f5mmeldud kohapeal Gowri Style Houses.<\/p>\n\t<img data-opt-id=1814252955  data-opt-src=\"https:\/\/ml0tjjxz0vpi.i.optimole.com\/cb:IMMd.56e5c\/w:auto\/h:auto\/q:mauto\/f:best\/https:\/\/gowri.eu\/wp-content\/uploads\/mõõdusärk-4.jpg\"  decoding=\"async\" src=\"data:image/svg+xml,%3Csvg%20viewBox%3D%220%200%20100%%20100%%22%20width%3D%22100%%22%20height%3D%22100%%22%20xmlns%3D%22http%3A%2F%2Fwww.w3.org%2F2000%2Fsvg%22%3E%3Crect%20width%3D%22100%%22%20height%3D%22100%%22%20fill%3D%22transparent%22%2F%3E%3C%2Fsvg%3E\" alt=\"M\u00f5\u00f5dus\u00e4rk\"\/>\n\t<h2 id=\"tailor-steps-heading\">3 Sammu m\u00f5\u00f5dus\u00e4rgi tellimiseks<\/h2>\nHinnad alates \u20ac149 | Valmistamise aeg 3-4 n\u00e4dalat\n    1) Kangas\n    Tee oma valik enam kui 400 k\u00f5rge kvaliteediga single-yarn, 2-ply puuvillase ja Itaalia siidi kangaste seast.\n    2) M\u00f5\u00f5dud\n    V\u00f5tame sinult t\u00e4psed keham\u00f5\u00f5dud, v\u00f5ttes arvesse sinu proportsioone ja ise\u00e4rasusi. Kui soovid, v\u00f5id kaasa tuua oma k\u00f5ige paremini istuva triiks\u00e4rgi ning me teeme sellest t\u00e4pse koopia.\n    3) Disain\n    Vali regular, slim v\u00f5i super slim l\u00f5igete vahel. Mudeli valikul saad otsustada krae stiili, manseti ja s\u00e4rgi esise disaini. Veelgi erilisemaks ning isikup\u00e4rasemaks saad triiks\u00e4rgi muuta tikitud monogrammi lisamisega.\n\tBroneeri aeg: <a href=\"https:\/\/gowri.eu\/et\/e-broneering\/\">E-broneering<\/a> | <a href=\"tel:+3726631696\" target=\"_blank\" rel=\"noopener noreferrer\">663 1696<\/a> | <a href=\"mailto:stylehouse@gowri.eu\" target=\"_blank\" rel=\"noopener noreferrer\">stylehouse@gowri.eu<\/a>\n    <h2>M\u00f5\u00f5dus\u00e4rk kingitusena?<\/h2>\n    <p>Vaata meie <a href=\"https:\/\/gowri.eu\/et\/pood\/moodusargi-kinkekaart\/\">m\u00f5\u00f5dus\u00e4rgi kinkekaarti<\/a>.<\/p>\n\t\t<iframe title=\"Made-to-measure Shirt Factory\" src=\"https:\/\/player.vimeo.com\/video\/191559988?dnt=1&amp;app_id=122963\" width=\"500\" height=\"281\" frameborder=\"0\" allow=\"autoplay; fullscreen; picture-in-picture; clipboard-write; encrypted-media\"><\/iframe>\t\n\n","protected":false},"excerpt":{"rendered":"<p>M\u00f5\u00f5dus\u00e4rk Ideaalselt istuv triiks\u00e4rk &#8211; \u00d5mmeldud personaalselt Sinule Eesti s\u00e4rgimeistrite poolt.Hind ja tellimine M\u00f5\u00f5dus\u00e4rk kingitusena? Vaata meie m\u00f5\u00f5dus\u00e4rgi kinkekaarti. Suurep\u00e4rane kvaliteet l\u00e4bi kogemuse Gowri m\u00f5\u00f5dus\u00e4rk sai alguse juba aastal 1996 ja see Gowri triiks\u00e4rkide lipulaev on \u00fcks esimesi tooteid, mida me oma klientidele pakkuma hakkasime. Selle aja jooksul oleme valmistanud tuhandeid m\u00f5\u00f5dus\u00e4rke rahulolevatele klientidele Inglismaal, [&hellip;]<\/p>\n","protected":false},"author":127,"featured_media":0,"parent":0,"menu_order":0,"comment_status":"closed","ping_status":"closed","template":"","meta":{"_acf_changed":false,"site-sidebar-layout":"default","site-content-layout":"","ast-site-content-layout":"default","site-content-style":"default","site-sidebar-style":"default","ast-global-header-display":"","ast-banner-title-visibility":"","ast-main-header-display":"","ast-hfb-above-header-display":"","ast-hfb-below-header-display":"","ast-hfb-mobile-header-display":"","site-post-title":"","ast-breadcrumbs-content":"","ast-featured-img":"","footer-sml-layout":"","ast-disable-related-posts":"","theme-transparent-header-meta":"","adv-header-id-meta":"","stick-header-meta":"","header-above-stick-meta":"","header-main-stick-meta":"","header-below-stick-meta":"","astra-migrate-meta-layouts":"default","ast-page-background-enabled":"default","ast-page-background-meta":{"desktop":{"background-color":"","background-image":"","background-repeat":"repeat","background-position":"center center","background-size":"auto","background-attachment":"scroll","background-type":"","background-media":"","overlay-type":"","overlay-color":"","overlay-opacity":"","overlay-gradient":""},"tablet":{"background-color":"","background-image":"","background-repeat":"repeat","background-position":"center center","background-size":"auto","background-attachment":"scroll","background-type":"","background-media":"","overlay-type":"","overlay-color":"","overlay-opacity":"","overlay-gradient":""},"mobile":{"background-color":"","background-image":"","background-repeat":"repeat","background-position":"center center","background-size":"auto","background-attachment":"scroll","background-type":"","background-media":"","overlay-type":"","overlay-color":"","overlay-opacity":"","overlay-gradient":""}},"ast-content-background-meta":{"desktop":{"background-color":"var(--ast-global-color-5)","background-image":"","background-repeat":"repeat","background-position":"center center","background-size":"auto","background-attachment":"scroll","background-type":"","background-media":"","overlay-type":"","overlay-color":"","overlay-opacity":"","overlay-gradient":""},"tablet":{"background-color":"var(--ast-global-color-5)","background-image":"","background-repeat":"repeat","background-position":"center center","background-size":"auto","background-attachment":"scroll","background-type":"","background-media":"","overlay-type":"","overlay-color":"","overlay-opacity":"","overlay-gradient":""},"mobile":{"background-color":"var(--ast-global-color-5)","background-image":"","background-repeat":"repeat","background-position":"center center","background-size":"auto","background-attachment":"scroll","background-type":"","background-media":"","overlay-type":"","overlay-color":"","overlay-opacity":"","overlay-gradient":""}},"footnotes":""},"class_list":["post-15082","page","type-page","status-publish","hentry"],"acf":[],"_links":{"self":[{"href":"https:\/\/gowri.eu\/et\/wp-json\/wp\/v2\/pages\/15082","targetHints":{"allow":["GET"]}}],"collection":[{"href":"https:\/\/gowri.eu\/et\/wp-json\/wp\/v2\/pages"}],"about":[{"href":"https:\/\/gowri.eu\/et\/wp-json\/wp\/v2\/types\/page"}],"author":[{"embeddable":true,"href":"https:\/\/gowri.eu\/et\/wp-json\/wp\/v2\/users\/127"}],"replies":[{"embeddable":true,"href":"https:\/\/gowri.eu\/et\/wp-json\/wp\/v2\/comments?post=15082"}],"version-history":[{"count":15,"href":"https:\/\/gowri.eu\/et\/wp-json\/wp\/v2\/pages\/15082\/revisions"}],"predecessor-version":[{"id":46955,"href":"https:\/\/gowri.eu\/et\/wp-json\/wp\/v2\/pages\/15082\/revisions\/46955"}],"wp:attachment":[{"href":"https:\/\/gowri.eu\/et\/wp-json\/wp\/v2\/media?parent=15082"}],"curies":[{"name":"wp","href":"https:\/\/api.w.org\/{rel}","templated":true}]}}