{"id":15090,"date":"2016-09-04T19:40:19","date_gmt":"2016-09-04T16:40:19","guid":{"rendered":"https:\/\/gowri.eu\/mooduulikond\/"},"modified":"2026-03-25T16:37:12","modified_gmt":"2026-03-25T14:37:12","slug":"mooduulikond","status":"publish","type":"page","link":"https:\/\/gowri.eu\/et\/mooduulikond\/","title":{"rendered":"M\u00f5\u00f5du\u00fclikond"},"content":{"rendered":"\n\n    <img data-opt-id=1942557982  fetchpriority=\"high\" decoding=\"async\" src=\"https:\/\/ml0tjjxz0vpi.i.optimole.com\/cb:IMMd.56e5c\/w:auto\/h:auto\/q:mauto\/f:best\/https:\/\/gowri.eu\/wp-content\/uploads\/LRM_EXPORT_20790655305975_20190513_145337204-1-scaled.jpg\" alt=\"M\u00f5\u00f5du\u00fclikond\"\/>\n            <h1>M\u00f5\u00f5du\u00fclikond<\/h1>\n            \u00dclikond, mis on valminud spetsiaalselt Sinule &#8211; Valitud kanga, mudeli ja detailide j\u00e4rgi. \n            Hind al. 699\u20ac<br \/><a href=\"#tailor-steps-heading\">Tellimise protsess<\/a>\n\t\t\t<a href=\"https:\/\/gowri.eu\/et\/portfoolio\/\"  target=\"_self\">\n\t\t\t\t\t\t\tPORTFOOLIO\n\t\t\t\t\t<\/a>\n    <h2>Suurep\u00e4raselt istuv \u00fclikond<\/h2>\n    <p>M\u00f5\u00f5du\u00fclikonna n\u00e4ol on v\u00f5imalus tellida endale \u00fclikond, mis istub seljas paremini kui mistahes valmis\u00fclikond. Erinevalt r\u00e4tsepa\u00fclikonnast, valmistatakse m\u00f5\u00f5du\u00fclikond olemasolevate l\u00f5igete j\u00e4rgi, mida hakkame Sinu j\u00e4rgi kohendama ning teeme 1 proovi pear\u00e4tsepaga, et \u00fclikond istuks perfektselt.<\/p>\n\t<img data-opt-id=1031689773  fetchpriority=\"high\" decoding=\"async\" src=\"https:\/\/ml0tjjxz0vpi.i.optimole.com\/cb:IMMd.56e5c\/w:auto\/h:auto\/q:mauto\/f:best\/https:\/\/gowri.eu\/wp-content\/uploads\/2025\/05\/IMG_2264-1-1.jpg\" alt=\"M\u00f5\u00f5du\u00fclikond\"\/>\n\t<img data-opt-id=1611337068  fetchpriority=\"high\" decoding=\"async\" src=\"https:\/\/ml0tjjxz0vpi.i.optimole.com\/cb:IMMd.56e5c\/w:auto\/h:auto\/q:mauto\/f:best\/https:\/\/gowri.eu\/wp-content\/uploads\/IMG_1036.jpg\" alt=\"M\u00f5\u00f5du\u00fclikond\"\/>\n    <h2>Vaieldamatu Kvaliteet<\/h2>\n    <p>K\u00f5ik meie m\u00f5\u00f5du\u00fclikonnad vastavad parimatele kvaliteedi standarditele. Oleme n\u00e4inud suurt vaeva, et pakkuda maailmaklassi tootmisstandardeid, suurep\u00e4rast mudeli valikut ning personaalset ja kodusooja teenust.<\/p>\n    <h2>Parimad komponendid<\/h2>\n    Kasutame kangabr\u00e4ndide nagu Inglismaal valmistatud Scabal, Holland &#038; Sherry ning Itaalia Carnet ja Drago peenvillaseid, \u00f5rnasid siidi- ja kashmiirisegu kangaid.\nSuurep\u00e4rase hingavuse saavutamiseks kasutame viskoosist ja siidist voodreid. Veatu l\u00f5ppviimistluste loomiseks kasutame corozo p\u00e4hklist, sarvest ja p\u00e4rlmuttrist tehtud n\u00f6\u00f6pe.  \n\t<img data-opt-id=1430908739  data-opt-src=\"https:\/\/ml0tjjxz0vpi.i.optimole.com\/cb:IMMd.56e5c\/w:auto\/h:auto\/q:mauto\/f:best\/https:\/\/gowri.eu\/wp-content\/uploads\/C258263c90472d67da-scaled.jpg\"  decoding=\"async\" src=\"data:image/svg+xml,%3Csvg%20viewBox%3D%220%200%20100%%20100%%22%20width%3D%22100%%22%20height%3D%22100%%22%20xmlns%3D%22http%3A%2F%2Fwww.w3.org%2F2000%2Fsvg%22%3E%3Crect%20width%3D%22100%%22%20height%3D%22100%%22%20fill%3D%22transparent%22%2F%3E%3C%2Fsvg%3E\" alt=\"M\u00f5\u00f5du\u00fclikond\"\/>\n\t<h2 id=\"tailor-steps-heading\">3 Sammu m\u00f5\u00f5du\u00fclikonna tellimiseks<\/h2>\nHinnad alates 699\u20ac | Valmistamise aeg 6-8 n\u00e4dalat<br \/>(Vaieldamatult parima hinna ja kvaliteedi suhtega m\u00f5\u00f5du\u00fclikond Eesti turul)\n    1) Kangas ja vooder\n    Tee oma valik parimate Itaalia ja Inglise kangaste seast. Lisa s\u00e4rtsu unikaalse voodri valikuga.\n    2) Disain\n    Meie stiiliekspertide soovitusel aitame valida just Sulle sobiva \u00fclikonna mudeli ja stiili.\n    3) M\u00f5\u00f5tmine\n    Teeme proovisuuruste abil kindlaks sulle k\u00f5ige paremini istuva \u00fclikonna suuruse. Korigeerime l\u00f5iget digitaalselt ning teeme 1  proovi pear\u00e4tsepaga, et \u00fclikond oleks sulle ideaalselt istuv.\n\tBroneeri aeg: <a href=\"https:\/\/gowri.eu\/et\/e-broneering\/\">E-broneering<\/a> | <a href=\"tel:+3726631696\" target=\"_blank\" rel=\"noopener noreferrer\">663 1696<\/a> | <a href=\"mailto:stylehouse@gowri.eu\" target=\"_blank\" rel=\"noopener noreferrer\">stylehouse@gowri.eu<\/a>\n    <h2>M\u00f5\u00f5du\u00fclikond kingitusena?<\/h2>\n    <p>Vaata meie <a href=\"https:\/\/gowri.eu\/et\/pood\/mooduulikonna-kinkekaart\/\">m\u00f5\u00f5du\u00fclikonna kinkekaarti<\/a>.<\/p>\n\t<img data-opt-id=24700839  data-opt-src=\"https:\/\/ml0tjjxz0vpi.i.optimole.com\/cb:IMMd.56e5c\/w:auto\/h:auto\/q:mauto\/f:best\/https:\/\/gowri.eu\/wp-content\/uploads\/mõõduülikond-2.jpg\"  decoding=\"async\" src=\"data:image/svg+xml,%3Csvg%20viewBox%3D%220%200%20100%%20100%%22%20width%3D%22100%%22%20height%3D%22100%%22%20xmlns%3D%22http%3A%2F%2Fwww.w3.org%2F2000%2Fsvg%22%3E%3Crect%20width%3D%22100%%22%20height%3D%22100%%22%20fill%3D%22transparent%22%2F%3E%3C%2Fsvg%3E\" alt=\"M\u00f5\u00f5du\u00fclikond\"\/>\n\n","protected":false},"excerpt":{"rendered":"<p>M\u00f5\u00f5du\u00fclikond \u00dclikond, mis on valminud spetsiaalselt Sinule &#8211; Valitud kanga, mudeli ja detailide j\u00e4rgi. Hind al. 699\u20acTellimise protsess PORTFOOLIO Suurep\u00e4raselt istuv \u00fclikond M\u00f5\u00f5du\u00fclikonna n\u00e4ol on v\u00f5imalus tellida endale \u00fclikond, mis istub seljas paremini kui mistahes valmis\u00fclikond. Erinevalt r\u00e4tsepa\u00fclikonnast, valmistatakse m\u00f5\u00f5du\u00fclikond olemasolevate l\u00f5igete j\u00e4rgi, mida hakkame Sinu j\u00e4rgi kohendama ning teeme 1 proovi pear\u00e4tsepaga, et \u00fclikond [&hellip;]<\/p>\n","protected":false},"author":127,"featured_media":0,"parent":0,"menu_order":0,"comment_status":"closed","ping_status":"closed","template":"","meta":{"_acf_changed":false,"site-sidebar-layout":"default","site-content-layout":"default","ast-site-content-layout":"default","site-content-style":"default","site-sidebar-style":"default","ast-global-header-display":"","ast-banner-title-visibility":"","ast-main-header-display":"","ast-hfb-above-header-display":"","ast-hfb-below-header-display":"","ast-hfb-mobile-header-display":"","site-post-title":"","ast-breadcrumbs-content":"","ast-featured-img":"","footer-sml-layout":"","ast-disable-related-posts":"","theme-transparent-header-meta":"default","adv-header-id-meta":"","stick-header-meta":"","header-above-stick-meta":"","header-main-stick-meta":"","header-below-stick-meta":"","astra-migrate-meta-layouts":"default","ast-page-background-enabled":"default","ast-page-background-meta":{"desktop":{"background-color":"","background-image":"","background-repeat":"repeat","background-position":"center center","background-size":"auto","background-attachment":"scroll","background-type":"","background-media":"","overlay-type":"","overlay-color":"","overlay-opacity":"","overlay-gradient":""},"tablet":{"background-color":"","background-image":"","background-repeat":"repeat","background-position":"center center","background-size":"auto","background-attachment":"scroll","background-type":"","background-media":"","overlay-type":"","overlay-color":"","overlay-opacity":"","overlay-gradient":""},"mobile":{"background-color":"","background-image":"","background-repeat":"repeat","background-position":"center center","background-size":"auto","background-attachment":"scroll","background-type":"","background-media":"","overlay-type":"","overlay-color":"","overlay-opacity":"","overlay-gradient":""}},"ast-content-background-meta":{"desktop":{"background-color":"var(--ast-global-color-5)","background-image":"","background-repeat":"repeat","background-position":"center center","background-size":"auto","background-attachment":"scroll","background-type":"","background-media":"","overlay-type":"","overlay-color":"","overlay-opacity":"","overlay-gradient":""},"tablet":{"background-color":"var(--ast-global-color-5)","background-image":"","background-repeat":"repeat","background-position":"center center","background-size":"auto","background-attachment":"scroll","background-type":"","background-media":"","overlay-type":"","overlay-color":"","overlay-opacity":"","overlay-gradient":""},"mobile":{"background-color":"var(--ast-global-color-5)","background-image":"","background-repeat":"repeat","background-position":"center center","background-size":"auto","background-attachment":"scroll","background-type":"","background-media":"","overlay-type":"","overlay-color":"","overlay-opacity":"","overlay-gradient":""}},"footnotes":""},"class_list":["post-15090","page","type-page","status-publish","hentry"],"acf":[],"_links":{"self":[{"href":"https:\/\/gowri.eu\/et\/wp-json\/wp\/v2\/pages\/15090","targetHints":{"allow":["GET"]}}],"collection":[{"href":"https:\/\/gowri.eu\/et\/wp-json\/wp\/v2\/pages"}],"about":[{"href":"https:\/\/gowri.eu\/et\/wp-json\/wp\/v2\/types\/page"}],"author":[{"embeddable":true,"href":"https:\/\/gowri.eu\/et\/wp-json\/wp\/v2\/users\/127"}],"replies":[{"embeddable":true,"href":"https:\/\/gowri.eu\/et\/wp-json\/wp\/v2\/comments?post=15090"}],"version-history":[{"count":29,"href":"https:\/\/gowri.eu\/et\/wp-json\/wp\/v2\/pages\/15090\/revisions"}],"predecessor-version":[{"id":46950,"href":"https:\/\/gowri.eu\/et\/wp-json\/wp\/v2\/pages\/15090\/revisions\/46950"}],"wp:attachment":[{"href":"https:\/\/gowri.eu\/et\/wp-json\/wp\/v2\/media?parent=15090"}],"curies":[{"name":"wp","href":"https:\/\/api.w.org\/{rel}","templated":true}]}}