{"id":15098,"date":"2016-09-04T19:42:55","date_gmt":"2016-09-04T16:42:55","guid":{"rendered":"https:\/\/gowri.eu\/ratsepaulikond\/"},"modified":"2026-03-25T16:39:41","modified_gmt":"2026-03-25T14:39:41","slug":"ratsepaulikond","status":"publish","type":"page","link":"https:\/\/gowri.eu\/et\/ratsepaulikond\/","title":{"rendered":"R\u00e4tsepa\u00fclikond"},"content":{"rendered":"\n\n    <img data-opt-id=1070504977  fetchpriority=\"high\" decoding=\"async\" src=\"https:\/\/ml0tjjxz0vpi.i.optimole.com\/cb:IMMd.56e5c\/w:auto\/h:auto\/q:mauto\/f:best\/https:\/\/gowri.eu\/wp-content\/uploads\/Rätsepaülikond-2-scaled.jpg\" alt=\"R\u00e4tsepa\u00fclikond\"\/>\n            <h1>R\u00e4tsepa\u00fclikond<\/h1>\n            <p>T\u00f5eliselt k\u00e4sit\u00f6\u00f6na valminud \u00fclikond \u2060- meeste stiilimaailma <i>cr\u00e8me de la cr\u00e8me<\/i>.<br \/><a href=\"#tailor-steps-heading\">Hind ja tellimine<\/a><\/p>\n    <h2>\u00dclikond Sinu keha j\u00e4rgi<\/h2>\n    <p>Oskusliku r\u00e4tsepa poolt valmistatud \u00fclikonda ei v\u00f5ida miski. \u00dckski poest leitud \u00fclikond ei istu sulle t\u00e4iuslikumalt, kui sinu jaoks \u00e0 la carte tehtud r\u00e4tsepa\u00fclikond. Lisaks on see kindlasti ka vastupidavuselt parim, mida mees v\u00f5ib endale soetada.<\/p>\n    <p>R\u00e4tsepa\u00fclikonna valmistamisel l\u00e4htub r\u00e4tsepmeister ainult sinu unikaalsetest keham\u00f5\u00f5tudest, mille j\u00e4rgi l\u00f5ikab ta k\u00e4sitsi v\u00e4lja just sinu proportsioone ja ise\u00e4rasusi arvestava \u00fclikonna. V\u00e4hemalt 2 proovi k\u00e4igus viimistletakse r\u00e4tsepa\u00fclikond ka detailides sinu jaoks ideaalselt sobivaks &#8211; nii vormis kui ka stiilis.<\/p>\n\t<img data-opt-id=1563334616  fetchpriority=\"high\" decoding=\"async\" src=\"https:\/\/ml0tjjxz0vpi.i.optimole.com\/cb:IMMd.56e5c\/w:auto\/h:auto\/q:mauto\/f:best\/https:\/\/gowri.eu\/wp-content\/uploads\/Rätsepaülikond-3.jpg\" alt=\"R\u00e4tsepa\u00fclikond\"\/>\n\t<img data-opt-id=473087960  fetchpriority=\"high\" decoding=\"async\" src=\"https:\/\/ml0tjjxz0vpi.i.optimole.com\/cb:IMMd.56e5c\/w:auto\/h:auto\/q:mauto\/f:best\/https:\/\/gowri.eu\/wp-content\/uploads\/Rätsepaülikond-4.jpg\" alt=\"R\u00e4tsepa\u00fclikond\"\/>\n    <h2>Traditsionaalsed k\u00e4sit\u00f6\u00f6 meetodid<\/h2>\n    <p>Kasutame Gowri r\u00e4tsepa\u00fclikondade valmistamisel traditsioonilisi k\u00e4sit\u00f6\u00f6 meetodeid, mida on r\u00e4tsepad kasutanud \u00fclikondade valmistamisel sajandeid. \u00dche r\u00e4tsepa\u00fclikonna valmistamiseks kulub r\u00e4tsepmeistril kuni 60 t\u00f6\u00f6tundi.<\/p>\n    <p>Loomulikult oskame soovitada, millised on k\u00f5ige moodsamad ja t\u00e4nap\u00e4evasemad l\u00f5iked, millistes detailides v\u00e4ljendub just sinule omane stiil ja milline vooder annab su riietele just selle \u00f5ige karakteri.<\/p>\n    <h2>Esmaklassilised kangad<\/h2>\n    <p>Kangavalikust on kohal kogu meeste klassikalise riietuse paremik: Inglismaal valmistatud Scabal ja Holland &#038; Sherry ning Itaaliast Carnet ja Drago. Kangaste valik algab peenvillasest Super 100\u00b4s kangastest ja l\u00f5peb ka\u0161miiri ja \u00f5rnade siidi segudega.<\/p>\n\t<img data-opt-id=355779787  data-opt-src=\"https:\/\/ml0tjjxz0vpi.i.optimole.com\/cb:IMMd.56e5c\/w:auto\/h:auto\/q:mauto\/f:best\/https:\/\/gowri.eu\/wp-content\/uploads\/Rätsepaülikond-5.jpg\"  decoding=\"async\" src=\"data:image/svg+xml,%3Csvg%20viewBox%3D%220%200%20100%%20100%%22%20width%3D%22100%%22%20height%3D%22100%%22%20xmlns%3D%22http%3A%2F%2Fwww.w3.org%2F2000%2Fsvg%22%3E%3Crect%20width%3D%22100%%22%20height%3D%22100%%22%20fill%3D%22transparent%22%2F%3E%3C%2Fsvg%3E\" alt=\"R\u00e4tsepa\u00fclikond\"\/>\n\t<h2 id=\"tailor-steps-heading\">3 Sammu r\u00e4tsepa\u00fclikonna tellimiseks<\/h2>\nHinnad alates \u20ac1499 | Valmistamise aeg 6-8 n\u00e4dalat\n    1) Kangas\n    Tee oma valik maailma parimate kangaste seast.\n    2) M\u00f5\u00f5dud\n    V\u00f5tame sinult t\u00e4psed keham\u00f5\u00f5dud, v\u00f5ttes arvesse sinu proportsioone ja ise\u00e4rasusi. Proovides vormime l\u00f5ike perfektsuseni, et valmistada sulle parim v\u00f5imalik \u00fclikond.\n    3) Disain\n    Vali \u00fclikonna l\u00f5ige ja stiilidetailid.\n\tBroneeri aeg: <a href=\"https:\/\/gowri.eu\/et\/e-broneering\/\">E-broneering<\/a> | <a href=\"tel:+3726631696\" target=\"_blank\" rel=\"noopener noreferrer\">663 1696<\/a> | <a href=\"mailto:stylehouse@gowri.eu\" target=\"_blank\" rel=\"noopener noreferrer\">stylehouse@gowri.eu<\/a>\n    <h2>R\u00e4tsepa\u00fclikond kingitusena?<\/h2>\n    <p>Vaata meie <a href=\"https:\/\/gowri.eu\/et\/pood\/ratsepaulikonna-kinkekaart\/\">r\u00e4tsepa\u00fclikonna kinkekaarti<\/a>.<\/p>\n\t<img data-opt-id=452118925  data-opt-src=\"https:\/\/ml0tjjxz0vpi.i.optimole.com\/cb:IMMd.56e5c\/w:auto\/h:auto\/q:mauto\/f:best\/https:\/\/gowri.eu\/wp-content\/uploads\/Rätsepaülikond-1.jpg\"  decoding=\"async\" src=\"data:image/svg+xml,%3Csvg%20viewBox%3D%220%200%20100%%20100%%22%20width%3D%22100%%22%20height%3D%22100%%22%20xmlns%3D%22http%3A%2F%2Fwww.w3.org%2F2000%2Fsvg%22%3E%3Crect%20width%3D%22100%%22%20height%3D%22100%%22%20fill%3D%22transparent%22%2F%3E%3C%2Fsvg%3E\" alt=\"R\u00e4tsepa\u00fclikond\"\/>\n\n","protected":false},"excerpt":{"rendered":"<p>R\u00e4tsepa\u00fclikond T\u00f5eliselt k\u00e4sit\u00f6\u00f6na valminud \u00fclikond \u2060- meeste stiilimaailma cr\u00e8me de la cr\u00e8me.Hind ja tellimine \u00dclikond Sinu keha j\u00e4rgi Oskusliku r\u00e4tsepa poolt valmistatud \u00fclikonda ei v\u00f5ida miski. \u00dckski poest leitud \u00fclikond ei istu sulle t\u00e4iuslikumalt, kui sinu jaoks \u00e0 la carte tehtud r\u00e4tsepa\u00fclikond. Lisaks on see kindlasti ka vastupidavuselt parim, mida mees v\u00f5ib endale soetada. R\u00e4tsepa\u00fclikonna [&hellip;]<\/p>\n","protected":false},"author":127,"featured_media":0,"parent":0,"menu_order":0,"comment_status":"closed","ping_status":"closed","template":"","meta":{"_acf_changed":false,"site-sidebar-layout":"default","site-content-layout":"default","ast-site-content-layout":"default","site-content-style":"default","site-sidebar-style":"default","ast-global-header-display":"","ast-banner-title-visibility":"","ast-main-header-display":"","ast-hfb-above-header-display":"","ast-hfb-below-header-display":"","ast-hfb-mobile-header-display":"","site-post-title":"","ast-breadcrumbs-content":"","ast-featured-img":"","footer-sml-layout":"","ast-disable-related-posts":"","theme-transparent-header-meta":"default","adv-header-id-meta":"","stick-header-meta":"","header-above-stick-meta":"","header-main-stick-meta":"","header-below-stick-meta":"","astra-migrate-meta-layouts":"default","ast-page-background-enabled":"default","ast-page-background-meta":{"desktop":{"background-color":"","background-image":"","background-repeat":"repeat","background-position":"center center","background-size":"auto","background-attachment":"scroll","background-type":"","background-media":"","overlay-type":"","overlay-color":"","overlay-opacity":"","overlay-gradient":""},"tablet":{"background-color":"","background-image":"","background-repeat":"repeat","background-position":"center center","background-size":"auto","background-attachment":"scroll","background-type":"","background-media":"","overlay-type":"","overlay-color":"","overlay-opacity":"","overlay-gradient":""},"mobile":{"background-color":"","background-image":"","background-repeat":"repeat","background-position":"center center","background-size":"auto","background-attachment":"scroll","background-type":"","background-media":"","overlay-type":"","overlay-color":"","overlay-opacity":"","overlay-gradient":""}},"ast-content-background-meta":{"desktop":{"background-color":"var(--ast-global-color-5)","background-image":"","background-repeat":"repeat","background-position":"center center","background-size":"auto","background-attachment":"scroll","background-type":"","background-media":"","overlay-type":"","overlay-color":"","overlay-opacity":"","overlay-gradient":""},"tablet":{"background-color":"var(--ast-global-color-5)","background-image":"","background-repeat":"repeat","background-position":"center center","background-size":"auto","background-attachment":"scroll","background-type":"","background-media":"","overlay-type":"","overlay-color":"","overlay-opacity":"","overlay-gradient":""},"mobile":{"background-color":"var(--ast-global-color-5)","background-image":"","background-repeat":"repeat","background-position":"center center","background-size":"auto","background-attachment":"scroll","background-type":"","background-media":"","overlay-type":"","overlay-color":"","overlay-opacity":"","overlay-gradient":""}},"footnotes":""},"class_list":["post-15098","page","type-page","status-publish","hentry"],"acf":[],"_links":{"self":[{"href":"https:\/\/gowri.eu\/et\/wp-json\/wp\/v2\/pages\/15098","targetHints":{"allow":["GET"]}}],"collection":[{"href":"https:\/\/gowri.eu\/et\/wp-json\/wp\/v2\/pages"}],"about":[{"href":"https:\/\/gowri.eu\/et\/wp-json\/wp\/v2\/types\/page"}],"author":[{"embeddable":true,"href":"https:\/\/gowri.eu\/et\/wp-json\/wp\/v2\/users\/127"}],"replies":[{"embeddable":true,"href":"https:\/\/gowri.eu\/et\/wp-json\/wp\/v2\/comments?post=15098"}],"version-history":[{"count":17,"href":"https:\/\/gowri.eu\/et\/wp-json\/wp\/v2\/pages\/15098\/revisions"}],"predecessor-version":[{"id":46952,"href":"https:\/\/gowri.eu\/et\/wp-json\/wp\/v2\/pages\/15098\/revisions\/46952"}],"wp:attachment":[{"href":"https:\/\/gowri.eu\/et\/wp-json\/wp\/v2\/media?parent=15098"}],"curies":[{"name":"wp","href":"https:\/\/api.w.org\/{rel}","templated":true}]}}