{"id":15106,"date":"2016-09-04T19:44:26","date_gmt":"2016-09-04T16:44:26","guid":{"rendered":"https:\/\/gowri.eu\/moodukingad\/"},"modified":"2026-03-25T16:55:04","modified_gmt":"2026-03-25T14:55:04","slug":"moodukingad","status":"publish","type":"page","link":"https:\/\/gowri.eu\/et\/moodukingad\/","title":{"rendered":"M\u00f5\u00f5dukingad"},"content":{"rendered":"\n\n    <img data-opt-id=404290136  fetchpriority=\"high\" decoding=\"async\" src=\"https:\/\/ml0tjjxz0vpi.i.optimole.com\/cb:IMMd.56e5c\/w:auto\/h:auto\/q:mauto\/f:best\/https:\/\/gowri.eu\/wp-content\/uploads\/WV_68923ca9-6ea8-44e9-9177-c37c7fe7712e-scaled.jpg\" alt=\"M\u00f5\u00f5dukingad\"\/>\n            <h1>M\u00f5\u00f5dukingad<\/h1>\n            <p>K\u00e4sit\u00f6\u00f6 kingad, mis on spetsiaalselt sinule meisterdatud Itaalia kingameistrite poolt.<br \/><a href=\"#tailor-steps-heading\">Hind ja tellimine<\/a><\/p>\n    <h2>Personaliseeritud Itaalia k\u00e4sit\u00f6\u00f6<\/h2>\n    <p>Gowri m\u00f5\u00f5dukingad avavad sinu ees meeste klassikaliste ja disainkingade avara maailma. Valikus on enam kui 50 erinevat nahavarianti ning \u00fcle 200 erineva kingamudeli, mis valmivad Itaalia kingameistrite poolt Kesk-Itaalia t\u00f6\u00f6kojas.<\/p>\n\t<img data-opt-id=1428409000  fetchpriority=\"high\" decoding=\"async\" src=\"https:\/\/ml0tjjxz0vpi.i.optimole.com\/cb:IMMd.56e5c\/w:auto\/h:auto\/q:mauto\/f:best\/https:\/\/gowri.eu\/wp-content\/uploads\/mõõdukingad-2.jpg\" alt=\"M\u00f5\u00f5dukingad\"\/>\n\t<img data-opt-id=984773620  fetchpriority=\"high\" decoding=\"async\" src=\"https:\/\/ml0tjjxz0vpi.i.optimole.com\/cb:IMMd.56e5c\/w:auto\/h:auto\/q:mauto\/f:best\/https:\/\/gowri.eu\/wp-content\/uploads\/20210727131953_IMG_5693.jpg\" alt=\"M\u00f5\u00f5dukingad\"\/>\n    <h2>King Sinu Jala J\u00e4rgi<\/h2>\n    <p>Kas su jalalaba on tavalisest laiem? Telli laiema jalalaba osaga mudel.<br \/>Kas su jalakaare t\u00f5us on tavalisest k\u00f5rgem? Telli k\u00f5rgendatud jalakaare t\u00f5usuga mudel.<br \/>Kas sul on soov kingadega oma pikkust suurendada? Telli kuni 7cm kontsaga kingad, millel 4cm kontsa on v\u00e4liselt n\u00e4htamatult kinga sees peidus.<\/p>\n\t<h2 id=\"tailor-steps-heading\">3 Sammu m\u00f5\u00f5dukingade tellimiseks<\/h2>\nHinnad alates \u20ac499 | Valmistamise aeg 7-8 n\u00e4dalat\n    1) Suurus\n    Teeme proovisuuruste abil kindlaks sulle k\u00f5ige paremini istuva kinga suuruse.\n    2) Kingamudel\n    Vali meie kingakataloogist endale sobiva stiiliga kingamudel. M\u00f5\u00f5dukingade kataloogiga on v\u00f5imalik tutvuda meie Style House&#8217;is (R\u00fc\u00fctli 28, Tallinn).\n    3) Nahat\u00fc\u00fcp\n    Nahavoldikust on v\u00f5imalik valida just selline nahat\u00fc\u00fcp, mis sulle t\u00f5eliselt meeldib.\n\tBroneeri aeg: <a href=\"https:\/\/gowri.eu\/et\/e-broneering\/\">E-broneering<\/a> | <a href=\"tel:+3726631696\" target=\"_blank\" rel=\"noopener noreferrer\">663 1696<\/a> | <a href=\"mailto:stylehouse@gowri.eu\" target=\"_blank\" rel=\"noopener noreferrer\">stylehouse@gowri.eu<\/a>\n    <h2>M\u00f5\u00f5dukingad kingitusena?<\/h2>\n    <p>Vaata meie <a href=\"https:\/\/gowri.eu\/et\/pood\/moodukingade-kinkekaart\/\">m\u00f5\u00f5dukingade kinkekaarti<\/a>.<\/p>\n\t<img data-opt-id=2090501331  data-opt-src=\"https:\/\/ml0tjjxz0vpi.i.optimole.com\/cb:IMMd.56e5c\/w:auto\/h:auto\/q:mauto\/f:best\/https:\/\/gowri.eu\/wp-content\/uploads\/mõõdukingad-1.jpg\"  decoding=\"async\" src=\"data:image/svg+xml,%3Csvg%20viewBox%3D%220%200%20100%%20100%%22%20width%3D%22100%%22%20height%3D%22100%%22%20xmlns%3D%22http%3A%2F%2Fwww.w3.org%2F2000%2Fsvg%22%3E%3Crect%20width%3D%22100%%22%20height%3D%22100%%22%20fill%3D%22transparent%22%2F%3E%3C%2Fsvg%3E\" alt=\"M\u00f5\u00f5dukingad\"\/>\n\n","protected":false},"excerpt":{"rendered":"<p>M\u00f5\u00f5dukingad K\u00e4sit\u00f6\u00f6 kingad, mis on spetsiaalselt sinule meisterdatud Itaalia kingameistrite poolt.Hind ja tellimine Personaliseeritud Itaalia k\u00e4sit\u00f6\u00f6 Gowri m\u00f5\u00f5dukingad avavad sinu ees meeste klassikaliste ja disainkingade avara maailma. Valikus on enam kui 50 erinevat nahavarianti ning \u00fcle 200 erineva kingamudeli, mis valmivad Itaalia kingameistrite poolt Kesk-Itaalia t\u00f6\u00f6kojas. King Sinu Jala J\u00e4rgi Kas su jalalaba on tavalisest [&hellip;]<\/p>\n","protected":false},"author":127,"featured_media":0,"parent":0,"menu_order":0,"comment_status":"closed","ping_status":"closed","template":"","meta":{"_acf_changed":false,"site-sidebar-layout":"default","site-content-layout":"default","ast-site-content-layout":"default","site-content-style":"default","site-sidebar-style":"default","ast-global-header-display":"","ast-banner-title-visibility":"","ast-main-header-display":"","ast-hfb-above-header-display":"","ast-hfb-below-header-display":"","ast-hfb-mobile-header-display":"","site-post-title":"","ast-breadcrumbs-content":"","ast-featured-img":"","footer-sml-layout":"","ast-disable-related-posts":"","theme-transparent-header-meta":"default","adv-header-id-meta":"","stick-header-meta":"","header-above-stick-meta":"","header-main-stick-meta":"","header-below-stick-meta":"","astra-migrate-meta-layouts":"default","ast-page-background-enabled":"default","ast-page-background-meta":{"desktop":{"background-color":"","background-image":"","background-repeat":"repeat","background-position":"center center","background-size":"auto","background-attachment":"scroll","background-type":"","background-media":"","overlay-type":"","overlay-color":"","overlay-opacity":"","overlay-gradient":""},"tablet":{"background-color":"","background-image":"","background-repeat":"repeat","background-position":"center center","background-size":"auto","background-attachment":"scroll","background-type":"","background-media":"","overlay-type":"","overlay-color":"","overlay-opacity":"","overlay-gradient":""},"mobile":{"background-color":"","background-image":"","background-repeat":"repeat","background-position":"center center","background-size":"auto","background-attachment":"scroll","background-type":"","background-media":"","overlay-type":"","overlay-color":"","overlay-opacity":"","overlay-gradient":""}},"ast-content-background-meta":{"desktop":{"background-color":"var(--ast-global-color-5)","background-image":"","background-repeat":"repeat","background-position":"center center","background-size":"auto","background-attachment":"scroll","background-type":"","background-media":"","overlay-type":"","overlay-color":"","overlay-opacity":"","overlay-gradient":""},"tablet":{"background-color":"var(--ast-global-color-5)","background-image":"","background-repeat":"repeat","background-position":"center center","background-size":"auto","background-attachment":"scroll","background-type":"","background-media":"","overlay-type":"","overlay-color":"","overlay-opacity":"","overlay-gradient":""},"mobile":{"background-color":"var(--ast-global-color-5)","background-image":"","background-repeat":"repeat","background-position":"center center","background-size":"auto","background-attachment":"scroll","background-type":"","background-media":"","overlay-type":"","overlay-color":"","overlay-opacity":"","overlay-gradient":""}},"footnotes":""},"class_list":["post-15106","page","type-page","status-publish","hentry"],"acf":[],"_links":{"self":[{"href":"https:\/\/gowri.eu\/et\/wp-json\/wp\/v2\/pages\/15106","targetHints":{"allow":["GET"]}}],"collection":[{"href":"https:\/\/gowri.eu\/et\/wp-json\/wp\/v2\/pages"}],"about":[{"href":"https:\/\/gowri.eu\/et\/wp-json\/wp\/v2\/types\/page"}],"author":[{"embeddable":true,"href":"https:\/\/gowri.eu\/et\/wp-json\/wp\/v2\/users\/127"}],"replies":[{"embeddable":true,"href":"https:\/\/gowri.eu\/et\/wp-json\/wp\/v2\/comments?post=15106"}],"version-history":[{"count":18,"href":"https:\/\/gowri.eu\/et\/wp-json\/wp\/v2\/pages\/15106\/revisions"}],"predecessor-version":[{"id":46960,"href":"https:\/\/gowri.eu\/et\/wp-json\/wp\/v2\/pages\/15106\/revisions\/46960"}],"wp:attachment":[{"href":"https:\/\/gowri.eu\/et\/wp-json\/wp\/v2\/media?parent=15106"}],"curies":[{"name":"wp","href":"https:\/\/api.w.org\/{rel}","templated":true}]}}