{"id":15114,"date":"2016-08-24T07:01:44","date_gmt":"2016-08-24T04:01:44","guid":{"rendered":"https:\/\/gowri.eu\/meie-lugu\/"},"modified":"2025-05-08T20:39:37","modified_gmt":"2025-05-08T17:39:37","slug":"meie-lugu","status":"publish","type":"page","link":"https:\/\/gowri.eu\/et\/meie-lugu\/","title":{"rendered":"Meie lugu"},"content":{"rendered":"\n\n    <img data-opt-id=1691831162  fetchpriority=\"high\" decoding=\"async\" src=\"https:\/\/ml0tjjxz0vpi.i.optimole.com\/cb:IMMd.56e5c\/w:auto\/h:auto\/q:mauto\/f:best\/https:\/\/gowri.eu\/wp-content\/uploads\/Gowri-meie-lugu-2-scaled.jpg\" alt=\"Meie lugu\"\/>\n\t<blockquote>\n<p><strong>Selleks, et t\u00f5eliselt elada, vajame me k\u00f5ik soojust, inimlikku l\u00e4hedust ning s\u00e4det, mis sellest tekib. Meie r\u00e4tsepmeistrite \u00f5mmeldud r\u00f5ivad on m\u00f5eldud just iga hetk meenutama seda kokkupuute punkti, mis meid seob. Tehtud mitte masstoodangu v\u00f5i suure masinav\u00e4rgi poolt, vaid k\u00e4sitsi ja autentselt &#8211; \u00fchelt inimeselt teisele.<\/strong><\/p>\n<\/blockquote>\n\t\t\t\t<img data-opt-id=199617697  fetchpriority=\"high\" decoding=\"async\" src=\"https:\/\/ml0tjjxz0vpi.i.optimole.com\/cb:IMMd.56e5c\/w:auto\/h:auto\/q:mauto\/f:best\/https:\/\/gowri.eu\/wp-content\/uploads\/2025\/05\/Gowri-Tiger-family-3.jpg\" alt=\"Gowri-Tiger-family-3\" itemprop=\"image\" height=\"720\" width=\"1200\" title=\"Gowri-Tiger-family-3\" onerror=\"this.style.display='none'\"  \/>\n\t\t\t\t<img data-opt-id=816328041  fetchpriority=\"high\" decoding=\"async\" src=\"https:\/\/ml0tjjxz0vpi.i.optimole.com\/cb:IMMd.56e5c\/w:auto\/h:auto\/q:mauto\/f:best\/https:\/\/gowri.eu\/wp-content\/uploads\/2025\/05\/IMG_0997-scaled-e1746723969587.jpg\" alt=\"Shanti Grand ja Gowri Grand Uustalu\" itemprop=\"image\" height=\"2560\" width=\"1707\" title=\"Shanti Grand ja Gowri Grand Uustalu\" onerror=\"this.style.display='none'\"  \/>\n\t\t\t\t<img data-opt-id=1238609504  data-opt-src=\"https:\/\/ml0tjjxz0vpi.i.optimole.com\/cb:IMMd.56e5c\/w:auto\/h:auto\/q:mauto\/f:best\/https:\/\/gowri.eu\/wp-content\/uploads\/2025\/05\/IMG_8641-2-scaled.jpeg\"  decoding=\"async\" src=\"data:image/svg+xml,%3Csvg%20viewBox%3D%220%200%20100%%20100%%22%20width%3D%22100%%22%20height%3D%22100%%22%20xmlns%3D%22http%3A%2F%2Fwww.w3.org%2F2000%2Fsvg%22%3E%3Crect%20width%3D%22100%%22%20height%3D%22100%%22%20fill%3D%22transparent%22%2F%3E%3C%2Fsvg%3E\" alt=\"IMG_8641 (2)\" itemprop=\"image\" height=\"2560\" width=\"1987\" title=\"IMG_8641 (2)\" onerror=\"this.style.display='none'\"  \/>\n\t\t\t\t<img data-opt-id=549093370  data-opt-src=\"https:\/\/ml0tjjxz0vpi.i.optimole.com\/cb:IMMd.56e5c\/w:auto\/h:auto\/q:mauto\/f:best\/https:\/\/gowri.eu\/wp-content\/uploads\/2025\/05\/406338_421317011236659_1692329979_n.jpeg\"  decoding=\"async\" src=\"data:image/svg+xml,%3Csvg%20viewBox%3D%220%200%20100%%20100%%22%20width%3D%22100%%22%20height%3D%22100%%22%20xmlns%3D%22http%3A%2F%2Fwww.w3.org%2F2000%2Fsvg%22%3E%3Crect%20width%3D%22100%%22%20height%3D%22100%%22%20fill%3D%22transparent%22%2F%3E%3C%2Fsvg%3E\" alt=\"406338_421317011236659_1692329979_n\" itemprop=\"image\" height=\"671\" width=\"455\" title=\"406338_421317011236659_1692329979_n\" onerror=\"this.style.display='none'\"  \/>\n\t\t\t\t<img data-opt-id=245466374  data-opt-src=\"https:\/\/ml0tjjxz0vpi.i.optimole.com\/cb:IMMd.56e5c\/w:auto\/h:auto\/q:mauto\/f:best\/https:\/\/gowri.eu\/wp-content\/uploads\/2025\/05\/1-Gowri-ulikonnad-triiksargid-ja-lipsud-2.jpeg\"  decoding=\"async\" src=\"data:image/svg+xml,%3Csvg%20viewBox%3D%220%200%20100%%20100%%22%20width%3D%22100%%22%20height%3D%22100%%22%20xmlns%3D%22http%3A%2F%2Fwww.w3.org%2F2000%2Fsvg%22%3E%3Crect%20width%3D%22100%%22%20height%3D%22100%%22%20fill%3D%22transparent%22%2F%3E%3C%2Fsvg%3E\" alt=\"1 Gowri-u\u0308likonnad, triiksa\u0308rgid ja lipsud (2)\" itemprop=\"image\" height=\"812\" width=\"579\" title=\"1 Gowri-u\u0308likonnad, triiksa\u0308rgid ja lipsud (2)\" onerror=\"this.style.display='none'\"  \/>\n\t\t\t\t<img data-opt-id=527494975  data-opt-src=\"https:\/\/ml0tjjxz0vpi.i.optimole.com\/cb:IMMd.56e5c\/w:auto\/h:auto\/q:mauto\/f:best\/https:\/\/gowri.eu\/wp-content\/uploads\/2025\/05\/2-Gowri-ulikonnad-triiksargid-ja-lipsud-scaled.jpeg\"  decoding=\"async\" src=\"data:image/svg+xml,%3Csvg%20viewBox%3D%220%200%20100%%20100%%22%20width%3D%22100%%22%20height%3D%22100%%22%20xmlns%3D%22http%3A%2F%2Fwww.w3.org%2F2000%2Fsvg%22%3E%3Crect%20width%3D%22100%%22%20height%3D%22100%%22%20fill%3D%22transparent%22%2F%3E%3C%2Fsvg%3E\" alt=\"2 Gowri-u\u0308likonnad, triiksa\u0308rgid ja lipsud\" itemprop=\"image\" height=\"2560\" width=\"1707\" title=\"2 Gowri-u\u0308likonnad, triiksa\u0308rgid ja lipsud\" onerror=\"this.style.display='none'\"  \/>\n\t<p>&nbsp;<\/p>\n<p>&nbsp;<\/p>\n<blockquote>\n<p><strong>Kas pole mitte t\u00e4htis teada nende r\u00f5ivaste kohta, mida me oma ihu vastas kanname &#8211; kes, kus ja kuidas on see tehtud. See teadmine tekitab hea ja koduse tunde ning me usume, et see on elus t\u00f5eliselt oluline.<\/strong><\/p>\n<\/blockquote>\n\t<img data-opt-id=1071511640  data-opt-src=\"https:\/\/ml0tjjxz0vpi.i.optimole.com\/cb:IMMd.56e5c\/w:auto\/h:auto\/q:mauto\/f:best\/https:\/\/gowri.eu\/wp-content\/uploads\/Gowri-meie-lugu-3.jpg\"  decoding=\"async\" src=\"data:image/svg+xml,%3Csvg%20viewBox%3D%220%200%20100%%20100%%22%20width%3D%22100%%22%20height%3D%22100%%22%20xmlns%3D%22http%3A%2F%2Fwww.w3.org%2F2000%2Fsvg%22%3E%3Crect%20width%3D%22100%%22%20height%3D%22100%%22%20fill%3D%22transparent%22%2F%3E%3C%2Fsvg%3E\" alt=\"Meie lugu\"\/>\n\t<p><strong>Heast tundest tulevad head m\u00f5tted, headest m\u00f5tetest tekivad head teod, headest tegudest s\u00fcnnib ilus reaalsus, ja sellest kogemus, mis tunne on t\u00f5eliselt elada.<\/strong><\/p>\n<p><strong>Kui sa n\u00e4ed hea v\u00e4lja, sa tunned ennast h\u00e4sti, kui sa tunned ennast h\u00e4sti, sul l\u00e4heb h\u00e4sti! Su hea saab paremaks ning paremast parimaks, su parim on \u00f5nnistatud<\/strong><\/p>\n\t<img data-opt-id=1761959430  data-opt-src=\"https:\/\/ml0tjjxz0vpi.i.optimole.com\/cb:IMMd.56e5c\/w:auto\/h:auto\/q:mauto\/f:best\/https:\/\/gowri.eu\/wp-content\/uploads\/Gowri-meie-lugu-1.jpg\"  decoding=\"async\" src=\"data:image/svg+xml,%3Csvg%20viewBox%3D%220%200%20100%%20100%%22%20width%3D%22100%%22%20height%3D%22100%%22%20xmlns%3D%22http%3A%2F%2Fwww.w3.org%2F2000%2Fsvg%22%3E%3Crect%20width%3D%22100%%22%20height%3D%22100%%22%20fill%3D%22transparent%22%2F%3E%3C%2Fsvg%3E\" alt=\"Meie lugu\"\/>\n    <img data-opt-id=304943718  data-opt-src=\"https:\/\/ml0tjjxz0vpi.i.optimole.com\/cb:IMMd.56e5c\/w:auto\/h:auto\/q:mauto\/f:best\/https:\/\/gowri.eu\/wp-content\/uploads\/Gowri-meie-lugu-4-scaled.jpg\"  decoding=\"async\" src=\"data:image/svg+xml,%3Csvg%20viewBox%3D%220%200%20100%%20100%%22%20width%3D%22100%%22%20height%3D%22100%%22%20xmlns%3D%22http%3A%2F%2Fwww.w3.org%2F2000%2Fsvg%22%3E%3Crect%20width%3D%22100%%22%20height%3D%22100%%22%20fill%3D%22transparent%22%2F%3E%3C%2Fsvg%3E\" alt=\"Meie lugu\"\/>\n\t<iframe title=\"Hannes V\u00f5rno, Lauri ja Gowri Grand: K\u00d5IK GOWRI BR\u00c4NDIST &amp; MEHED MEESTEST!\" width=\"500\" height=\"281\" src=\"https:\/\/www.youtube.com\/embed\/h5XRaaAcqBE?feature=oembed\" frameborder=\"0\" allow=\"accelerometer; autoplay; clipboard-write; encrypted-media; gyroscope; picture-in-picture; web-share\" referrerpolicy=\"strict-origin-when-cross-origin\" allowfullscreen><\/iframe>\n\n","protected":false},"excerpt":{"rendered":"<p>Selleks, et t\u00f5eliselt elada, vajame me k\u00f5ik soojust, inimlikku l\u00e4hedust ning s\u00e4det, mis sellest tekib. Meie r\u00e4tsepmeistrite \u00f5mmeldud r\u00f5ivad on m\u00f5eldud just iga hetk meenutama seda kokkupuute punkti, mis meid seob. Tehtud mitte masstoodangu v\u00f5i suure masinav\u00e4rgi poolt, vaid k\u00e4sitsi ja autentselt &#8211; \u00fchelt inimeselt teisele. &nbsp; &nbsp; Kas pole mitte t\u00e4htis teada nende r\u00f5ivaste [&hellip;]<\/p>\n","protected":false},"author":127,"featured_media":0,"parent":0,"menu_order":0,"comment_status":"closed","ping_status":"closed","template":"","meta":{"_acf_changed":false,"site-sidebar-layout":"default","site-content-layout":"","ast-site-content-layout":"default","site-content-style":"default","site-sidebar-style":"default","ast-global-header-display":"","ast-banner-title-visibility":"","ast-main-header-display":"","ast-hfb-above-header-display":"","ast-hfb-below-header-display":"","ast-hfb-mobile-header-display":"","site-post-title":"","ast-breadcrumbs-content":"","ast-featured-img":"","footer-sml-layout":"","ast-disable-related-posts":"","theme-transparent-header-meta":"","adv-header-id-meta":"","stick-header-meta":"","header-above-stick-meta":"","header-main-stick-meta":"","header-below-stick-meta":"","astra-migrate-meta-layouts":"set","ast-page-background-enabled":"default","ast-page-background-meta":{"desktop":{"background-color":"","background-image":"","background-repeat":"repeat","background-position":"center center","background-size":"auto","background-attachment":"scroll","background-type":"","background-media":"","overlay-type":"","overlay-color":"","overlay-opacity":"","overlay-gradient":""},"tablet":{"background-color":"","background-image":"","background-repeat":"repeat","background-position":"center center","background-size":"auto","background-attachment":"scroll","background-type":"","background-media":"","overlay-type":"","overlay-color":"","overlay-opacity":"","overlay-gradient":""},"mobile":{"background-color":"","background-image":"","background-repeat":"repeat","background-position":"center center","background-size":"auto","background-attachment":"scroll","background-type":"","background-media":"","overlay-type":"","overlay-color":"","overlay-opacity":"","overlay-gradient":""}},"ast-content-background-meta":{"desktop":{"background-color":"var(--ast-global-color-5)","background-image":"","background-repeat":"repeat","background-position":"center center","background-size":"auto","background-attachment":"scroll","background-type":"","background-media":"","overlay-type":"","overlay-color":"","overlay-opacity":"","overlay-gradient":""},"tablet":{"background-color":"var(--ast-global-color-5)","background-image":"","background-repeat":"repeat","background-position":"center center","background-size":"auto","background-attachment":"scroll","background-type":"","background-media":"","overlay-type":"","overlay-color":"","overlay-opacity":"","overlay-gradient":""},"mobile":{"background-color":"var(--ast-global-color-5)","background-image":"","background-repeat":"repeat","background-position":"center center","background-size":"auto","background-attachment":"scroll","background-type":"","background-media":"","overlay-type":"","overlay-color":"","overlay-opacity":"","overlay-gradient":""}},"footnotes":""},"class_list":["post-15114","page","type-page","status-publish","hentry"],"acf":[],"_links":{"self":[{"href":"https:\/\/gowri.eu\/et\/wp-json\/wp\/v2\/pages\/15114","targetHints":{"allow":["GET"]}}],"collection":[{"href":"https:\/\/gowri.eu\/et\/wp-json\/wp\/v2\/pages"}],"about":[{"href":"https:\/\/gowri.eu\/et\/wp-json\/wp\/v2\/types\/page"}],"author":[{"embeddable":true,"href":"https:\/\/gowri.eu\/et\/wp-json\/wp\/v2\/users\/127"}],"replies":[{"embeddable":true,"href":"https:\/\/gowri.eu\/et\/wp-json\/wp\/v2\/comments?post=15114"}],"version-history":[{"count":7,"href":"https:\/\/gowri.eu\/et\/wp-json\/wp\/v2\/pages\/15114\/revisions"}],"predecessor-version":[{"id":44094,"href":"https:\/\/gowri.eu\/et\/wp-json\/wp\/v2\/pages\/15114\/revisions\/44094"}],"wp:attachment":[{"href":"https:\/\/gowri.eu\/et\/wp-json\/wp\/v2\/media?parent=15114"}],"curies":[{"name":"wp","href":"https:\/\/api.w.org\/{rel}","templated":true}]}}