{"id":15117,"date":"2018-03-06T17:29:15","date_gmt":"2018-03-06T15:29:15","guid":{"rendered":"https:\/\/gowri.eu\/privaatsuspoliitika\/"},"modified":"2020-05-05T18:28:05","modified_gmt":"2020-05-05T15:28:05","slug":"privaatsuspoliitika","status":"publish","type":"page","link":"https:\/\/gowri.eu\/et\/privaatsuspoliitika\/","title":{"rendered":"Privaatsuspoliitika"},"content":{"rendered":"\n\t<h1>Privaatsuspoliitika<\/h1>\n\t<p>Oleme v\u00f5tnud endale kohustuse kaitsta klientide ja kasutajate privaatsust. Sellest l\u00e4htuvalt oleme koostanud k\u00e4esolevad privaatsuspoliitika p\u00f5him\u00f5tted, mis k\u00e4sitlevad kliendi andmete kogumist, kasutamist, avaldamist, edastamist ja talletamist. Meie tegevus internetis on koosk\u00f5las k\u00f5igi asjakohaste tegevuste ja vastavate Euroopa Liidu \u00f5igusaktide ja Eesti Vabariigi seadustega. Leia veidi aega ja tutvu meie privaatsusp\u00f5him\u00f5tetega.<\/p>\n<strong>Isikuandmete kogumine ja kasutamine<\/strong><br \/>\nIsikuandmed on andmed, mida kogume \u00fcksikisikuga s\u00f5lmitud lepingu t\u00e4itmisel v\u00f5i temaga \u00fchenduse v\u00f5tmiseks.<br \/>\nP\u00fcsikliendi isikuandmete kogumine v\u00f5ib toimuda allj\u00e4rgnevatel viisidel:<br \/>\n\u2022 kontaktandmete (sh nimi, postiaadress, telefoninumber, e-posti aadress) esitamisel meie veebisaidil v\u00f5i mujal<br \/>\n\u2022 veebisaidi kasutamisel kliendi kontoinfost v\u00f5i k\u00fcpsiste (cookies) kaudu<br \/>\n\u2022 ostu v\u00f5i tellimuse sooritamisel meie poes v\u00f5i e-poes isiku kontaktandmete v\u00f5i ostueelistusi puudutavate andmete talletamisel<br \/>\n(v\u00f5ime paluda teatud veebilehe aladel vabatahtlikult esitada isikuandmeid ja personaalset informatsiooni. N\u00f5utavad isikuandmed v\u00f5ivad sisaldada nime, aadressi, postiindeksit, e-posti aadressi, telefoninumbrit ja teisi andmeid.)\n<strong>Muude andmete kogumine<br \/>\n<\/strong>Kogume ka isikustamata andmeid \u2013 andmeid, mida ei saa otseselt \u00fche kindla isikuga siduda (sugu, vanus, keele eelistus, asukoht).<br \/>\nV\u00f5ime koguda ka andmeid \u00fcldistatud klienditegevuste kohta meie poodides ja veebisaidil. Need andmed koondatakse ja neid kasutatakse selleks, et saaksime klientidele edastada kasulikumat teavet ja saaksime teada, millised veebisaidi, toodete ja teenuste osad on k\u00f5ige huvipakkuvamad. Koondandmeid k\u00e4sitletakse selles privaatsuspoliitikas isikustamata andmetena.\n<strong>Kogutud isikuandmete kasutamine<\/strong><br \/>\nKogutud isikuandmete abil saame teavitada kliente tooteuudistest, kampaaniatest ja tulevastest s\u00fcndmustest. Klient, kes ei soovi olla meie uudiskirjaloendis v\u00f5i saada teavitusi teda huvitada v\u00f5ivatest toodetest, saab ennast adressaatide sihtr\u00fchmast igal ajal eemaldada.<br \/>\nKogutud isikuandmeid kasutame ka kauba kohaletoimetamiseks ning kliendi ees v\u00f5etud kohustuste t\u00e4itmiseks. Privaatsuspoliitika tingimustega n\u00f5ustumisel annab klient n\u00f5usoleku enda andmete automatiseeritud t\u00f6\u00f6tlemiseks. V\u00f5id alati oma n\u00f5usoleku tagasi v\u00f5tta kirjalikku taasesitamist v\u00f5imaldavas vormis avalduse tegemisega. Tagasiulatuvat j\u00f5udu avaldusel ega n\u00f5usoleku tagasiv\u00f5tmisel ei ole.<br \/>\nKliendi paremaks teenindamiseks v\u00f5ime avaldada teavet \u00fcksikute kasutajate kohta kolmandale osapoolele, kes osutab meile teenuseid ning on lepinguga kohustunud hoidma jagatud teavet konfidentsiaalsena. Kolmandaks osapooleks on n\u00e4iteks meie partner, kelle \u00fclesanneteks on e-poes m\u00fc\u00fcdavate kaupade transport.\n<strong>Kogutud isikuandmete muutmine<\/strong><br \/>\nKliendi tuvastamiseks ja temaga kontakteerumiseks kogutud isikuandmeid on kliendil v\u00f5imalik muuta, v\u00f5ttes meiega \u00fchendust.\n<strong>Isikuandmete kaitse<br \/>\n<\/strong>Rakendame k\u00f5iki ettevaatusabin\u00f5usid (sh administratiivsed, tehnilised ja f\u00fc\u00fcsilised meetmed) kliendi isikuandmete kaitsmiseks. Juurdep\u00e4\u00e4s andmete muutmiseks ja t\u00f6\u00f6tlemiseks on ainult selleks volitatud isikutel.<br \/>\nKui kahtlustad, et Sinu isikuandmetega on toimitud vastupidiselt k\u00e4esolevas privaatsuspoliitikas kirjeldatule v\u00f5i on oht, et Sinu andmed on lekkinud v\u00f5\u00f5rastele isikutele, anna meile sellest koheselt teada. Ainult nii saame hoida potentsiaalse kahju v\u00f5imalikult v\u00e4ikesena.<br \/>\nKliendil on \u00f5igus n\u00f5uda oma andmete t\u00f6\u00f6tlemise l\u00f5petamist, teavet andmete kasutamise kohta ning andmete edastamist endale v\u00f5i kolmandale isikule \u00fcldkasutatavas vormingus. V\u00e4ltimaks kliendi andmete ja \u00f5iguste v\u00e4\u00e4rkasutust on taotlusi lubatud esitada \u00fcksnes vormis, kus taotleja isik on tuvastatav (digitaalselt allkirjastatud v\u00f5i esinduses isiklikult allkirjastatud). Meil on \u00f5igus sellistele taotlustele vastata 30 p\u00e4eva jooksul.\n<strong>Turvalisus<br \/>\n<\/strong>K\u00f5iki e-poe k\u00fclastamise ja ostude sooritamise k\u00e4igus teatavaks saanud kliendi isikuandmeid k\u00e4sitletakse kui konfidentsiaalset infot. Kr\u00fcpteeritud andmesidekanal pankadega tagab ostu sooritaja isikuandmete ja pangarekvisiitide turvalisuse.\n<strong>Privaatsuspoliitika tingimused ja muudatused<br \/>\n<\/strong>Meie veebisaiti kasutama asudes v\u00f5i p\u00fcsikliendi avalduse t\u00e4itmisel oled k\u00e4esolevate p\u00f5him\u00f5tete ja tingimustega tutvunud ning nendega n\u00f5ustunud. J\u00e4tame endale \u00f5iguse vajadusel privaatsuspoliitika \u00fcldtingimusi muuta, teavitades sellest k\u00f5iki p\u00fcsikliente, kuid anname oma parima, et hoida meie privaatsuspoliitika ajakohase ja Sinule k\u00e4ttesaadavana meie kodulehel.<br \/>\nK\u00f5igi privaatsuspoliitika v\u00f5i andmet\u00f6\u00f6tluse kohta tekkivate k\u00fcsimuste v\u00f5i muredega palume v\u00f5tta meiega \u00fchendust aadressil <a href=\"mailto:stylehouse@gowri.eu\">stylehouse@gowri.eu<\/a>.<br \/>\nSul on alati \u00f5igus p\u00f6\u00f6rduda oma andmete kaitsmiseks Andmekaitse Inspektsiooni v\u00f5i kohtu poole. Andmekaitse Inspektsiooni n\u00e4ol on tegemist riikliku asutusega, mille poole on v\u00f5imalik p\u00f6\u00f6rduda ka isikuandmete kaitse teemadel konsultatsiooni v\u00f5i abi saamiseks.\n<p>&nbsp;<\/p>\n<h2>K\u00fcpsiste kasutamise tingimused<\/h2>\n<p>Selleks, et pakkuda Sulle parimat v\u00f5imalikku kasutuskogemust meie veebilehel, kasutame me k\u00fcpsiseid.<\/p>\n<strong>Mis on k\u00fcpsis?<br \/>\n<\/strong>K\u00fcpsis (cookie) on v\u00e4ike tekstifail, mis salvestatakse veeblehte k\u00fclastades Sinu seadmesse.\n<strong>Milleks me k\u00fcpsiseid kasutame? <\/strong><br \/>\nT\u00e4nu k\u00fcpsiste kasutamisele saame pakkuda paremat kasutuskogemust veebilehel, n\u00e4iteks aitavad k\u00fcpsised meelde j\u00e4tta sinu varasemaid k\u00fclastusi ja veebilehel tehtud valikuid.<br \/>\nVeebilehte kasutades n\u00f5ustud sellega, et kasutame k\u00fcpsiseid:<br \/>\n\u2013 kasutusharjumuste ja statistiliste andmete kogumiseks;<br \/>\n\u2013 parema klienditeeninduse pakkumiseks (online chat);<br \/>\n\u2013 kasutaja eelistuste ja seadistuste meelde j\u00e4tmiseks;<br \/>\n\u2013 kasutaja vajadustele sobivamate pakkumiste ja turundusteadete esitamiseks;<br \/>\n\u2013 veebilehe arendamiseks vajaliku teabe kogumiseks;<br \/>\n\u2013 lehel oleva sisu lihtsamaks jagamiseks sotsiaalmeedias;<br \/>\n\u2013 sisu pakkumiseks (Youtube, Google maps).\n<strong>Mis t\u00fc\u00fcpi k\u00fcpsiseid kasutame?<br \/>\n<\/strong><br \/>\n<em><strong>Sessioonik\u00fcpsised<\/strong><\/em><br \/>\nSessioonik\u00fcpsiseid ehk ajutised k\u00fcpsised \u2013 kasutatakse iga kord, kui meie veebilehte k\u00fclastad ja need kustutatakse p\u00e4rast veebilehitseja sulgemist. Ajutisi k\u00fcpsiseid kasutatakse n\u00e4iteks lehe valikute meeldej\u00e4tmiseks.\n<em><strong>P\u00fcsivad k\u00fcpsised<\/strong><\/em><br \/>\nP\u00fcsivad k\u00fcpsised j\u00e4\u00e4vad kasutaja seadmesse alles ka p\u00e4rast veebilehe sulgemist. P\u00fcsivatel k\u00fcpsistel on erinev aegumisperiood ning m\u00f5ned neist j\u00e4\u00e4vad kasutaja seadmesse p\u00e4evadeks, kuudeks v\u00f5i isegi aastateks. P\u00fcsivaid k\u00fcpsiseid kasutatakse n\u00e4iteks kasutaja eelistuste meelde j\u00e4tmiseks.\n<em><strong>Kolmandate osapoolte k\u00fcpsised:<\/strong><\/em><br \/>\nMeie lehel kasutatakse kvaliteetsema sisu pakkumise, statistika kogumise ja reklaamide n\u00e4itamise eesm\u00e4rgil kolmandate osapoolte k\u00fcpsiseid. Kolmandate osapoolte privaatsuspoliitika ja tingimustega saate tutvuda k\u00fcpsise tootja lehel.\nKolmandate osapoolte k\u00fcpsiste nimekiri:<br \/>\n\u2013 Facebooki k\u00fcpsiste tingimustega saad tutvuda: <a href=\"https:\/\/www.facebook.com\/policies\/cookies\/\" target=\"_blank\" rel=\"noreferrer noopener\">https:\/\/www.facebook.com\/policies\/cookies\/<\/a><br \/>\n\u2013 Google\u2019i k\u00fcpsiste tingimustega saad tutvuda: <a href=\"https:\/\/www.google.com\/policies\/technologies\/cookies\/\" target=\"_blank\" rel=\"noreferrer noopener\">https:\/\/www.google.com\/policies\/technologies\/cookies\/<\/a>\n<strong>Kuidas k\u00fcpsiste kasutamist piirata ja neid kustutada?<\/strong><br \/>\nKasutaja saab kustutada seadmesse salvestatud k\u00fcpsised ja ennetavalt v\u00e4ltida k\u00fcpsiste salvestamist tema seadmesse. Selleks tuleb kasutajal muuta veebilehitseja privaatsusseadeid.<br \/>\nT\u00e4psemalt juhised leiab veebilehitseja kasutusjuhendist.<br \/>\nNB! k\u00fcpsiste blokeerimise korral ei saa me tagada kodulehe korrektset toimimist.\n<p>K\u00fcpsiste kohta saab rohkem teavet veebilehelt: <a href=\"http:\/\/www.allaboutcookies.org\/\" target=\"_blank\" rel=\"noreferrer noopener\">http:\/\/www.allaboutcookies.org\/<\/a> v\u00f5i <a href=\"http:\/\/www.youronlinechoices.com\/ee\/\" target=\"_blank\" rel=\"noreferrer noopener\">http:\/\/www.youronlinechoices.com\/ee\/<\/a><\/p>\n","protected":false},"excerpt":{"rendered":"<p>Privaatsuspoliitika Oleme v\u00f5tnud endale kohustuse kaitsta klientide ja kasutajate privaatsust. Sellest l\u00e4htuvalt oleme koostanud k\u00e4esolevad privaatsuspoliitika p\u00f5him\u00f5tted, mis k\u00e4sitlevad kliendi andmete kogumist, kasutamist, avaldamist, edastamist ja talletamist. Meie tegevus internetis on koosk\u00f5las k\u00f5igi asjakohaste tegevuste ja vastavate Euroopa Liidu \u00f5igusaktide ja Eesti Vabariigi seadustega. Leia veidi aega ja tutvu meie privaatsusp\u00f5him\u00f5tetega. Isikuandmete kogumine ja kasutamine [&hellip;]<\/p>\n","protected":false},"author":127,"featured_media":0,"parent":0,"menu_order":0,"comment_status":"closed","ping_status":"closed","template":"","meta":{"_acf_changed":false,"site-sidebar-layout":"no-sidebar","site-content-layout":"page-builder","ast-site-content-layout":"default","site-content-style":"default","site-sidebar-style":"default","ast-global-header-display":"","ast-banner-title-visibility":"","ast-main-header-display":"","ast-hfb-above-header-display":"","ast-hfb-below-header-display":"","ast-hfb-mobile-header-display":"","site-post-title":"disabled","ast-breadcrumbs-content":"","ast-featured-img":"disabled","footer-sml-layout":"","ast-disable-related-posts":"","theme-transparent-header-meta":"","adv-header-id-meta":"","stick-header-meta":"","header-above-stick-meta":"","header-main-stick-meta":"","header-below-stick-meta":"","astra-migrate-meta-layouts":"default","ast-page-background-enabled":"default","ast-page-background-meta":{"desktop":{"background-color":"","background-image":"","background-repeat":"repeat","background-position":"center center","background-size":"auto","background-attachment":"scroll","background-type":"","background-media":"","overlay-type":"","overlay-color":"","overlay-opacity":"","overlay-gradient":""},"tablet":{"background-color":"","background-image":"","background-repeat":"repeat","background-position":"center center","background-size":"auto","background-attachment":"scroll","background-type":"","background-media":"","overlay-type":"","overlay-color":"","overlay-opacity":"","overlay-gradient":""},"mobile":{"background-color":"","background-image":"","background-repeat":"repeat","background-position":"center center","background-size":"auto","background-attachment":"scroll","background-type":"","background-media":"","overlay-type":"","overlay-color":"","overlay-opacity":"","overlay-gradient":""}},"ast-content-background-meta":{"desktop":{"background-color":"var(--ast-global-color-5)","background-image":"","background-repeat":"repeat","background-position":"center center","background-size":"auto","background-attachment":"scroll","background-type":"","background-media":"","overlay-type":"","overlay-color":"","overlay-opacity":"","overlay-gradient":""},"tablet":{"background-color":"var(--ast-global-color-5)","background-image":"","background-repeat":"repeat","background-position":"center center","background-size":"auto","background-attachment":"scroll","background-type":"","background-media":"","overlay-type":"","overlay-color":"","overlay-opacity":"","overlay-gradient":""},"mobile":{"background-color":"var(--ast-global-color-5)","background-image":"","background-repeat":"repeat","background-position":"center center","background-size":"auto","background-attachment":"scroll","background-type":"","background-media":"","overlay-type":"","overlay-color":"","overlay-opacity":"","overlay-gradient":""}},"footnotes":""},"class_list":["post-15117","page","type-page","status-publish","hentry"],"acf":[],"_links":{"self":[{"href":"https:\/\/gowri.eu\/et\/wp-json\/wp\/v2\/pages\/15117","targetHints":{"allow":["GET"]}}],"collection":[{"href":"https:\/\/gowri.eu\/et\/wp-json\/wp\/v2\/pages"}],"about":[{"href":"https:\/\/gowri.eu\/et\/wp-json\/wp\/v2\/types\/page"}],"author":[{"embeddable":true,"href":"https:\/\/gowri.eu\/et\/wp-json\/wp\/v2\/users\/127"}],"replies":[{"embeddable":true,"href":"https:\/\/gowri.eu\/et\/wp-json\/wp\/v2\/comments?post=15117"}],"version-history":[{"count":1,"href":"https:\/\/gowri.eu\/et\/wp-json\/wp\/v2\/pages\/15117\/revisions"}],"predecessor-version":[{"id":18561,"href":"https:\/\/gowri.eu\/et\/wp-json\/wp\/v2\/pages\/15117\/revisions\/18561"}],"wp:attachment":[{"href":"https:\/\/gowri.eu\/et\/wp-json\/wp\/v2\/media?parent=15117"}],"curies":[{"name":"wp","href":"https:\/\/api.w.org\/{rel}","templated":true}]}}