{"id":15120,"date":"2016-08-24T07:08:52","date_gmt":"2016-08-24T04:08:52","guid":{"rendered":"https:\/\/gowri.eu\/tarne-tagastus\/"},"modified":"2020-05-05T18:24:53","modified_gmt":"2020-05-05T15:24:53","slug":"tarne-tagastus","status":"publish","type":"page","link":"https:\/\/gowri.eu\/et\/tarne-tagastus\/","title":{"rendered":"Tarne &#038; tagastus"},"content":{"rendered":"\n\t<h1>Tarne &#038; tagastus<\/h1>\n\t<h2>Tasuta tarne &#038; tarne maksumus<\/h2>\n<u>Tasuta tarne:<\/u><br \/>\nEesti \u2013 al. 50\u20ac ostusummast<br \/>\nTeised EL-i riigid \u2013 al. 150\u20ac ostusummast\n<u>Tarne maksumus:<\/u><br \/>\nEesti (Omniva pakiautomaat) \u2013 5\u20ac<br \/>\nTeised EL-i riigid (tavapakk) \u2013 12\u20ac<br \/>\nMuu maailm (tavapakk) \u2013 22\u20ac\n<h2>Tarneaeg<\/h2>\n<p>Tellitud tooted j\u00f5uavad Eestis kohale 1-3 t\u00f6\u00f6p\u00e4evaga. V\u00e4lismaale j\u00f5uab kaup tavaliselt 1-2 n\u00e4dala jooksul. M\u00f5ningatel juhtudel v\u00f5ib transport v\u00e4lismaale v\u00f5tta kuni 30 p\u00e4eva s\u00f5ltuvalt riigist, transpordifirmast ja v\u00f5imalikest tolliprotseduuridest. Tellimuss\u00e4rkide puhul lisandub tarneajale 1-2 n\u00e4dalat. Palume arvestada, et riiklike p\u00fchade ajal v\u00f5ib tarne kauem aega v\u00f5tta.<\/p>\n<p>Juhul, kui soovid kaubale ise j\u00e4rgi tulla, siis ostu vormistades vali \u201cTulen ise j\u00e4rgi\u201d. Kauba saad k\u00e4tte Gowri Style House\u2019ist (R\u00fc\u00fctli 28, Tallinn).<\/p>\n<h2>Tagastamine &amp; \u00fcmbervahetamine<\/h2>\n<p>Tooteid on v\u00f5imalik tagastada v\u00f5i vahetada 30 p\u00e4eva jooksul alates toote k\u00e4ttesaamisest. Peamine tingimus on, et tagastatavad tooted ei tohi olla kantud, m\u00e4\u00e4rdunud, pestud ega muul viisil kahjustatud.<\/p>\n<p>Tagastamiseks tuleb toode tuua v\u00f5i saata Man\u2019s World O\u00dc, R\u00fc\u00fctli 28, 10130 Tallinn ning teavitada meid e-maili teel: <a href=\"mailto:stylehouse@gowri.eu\">stylehouse@gowri.eu<\/a>. Omniva pakiautomaadiga saab tasuta tagastada 14 p\u00e4eva jooksul p\u00e4rast SMS-teavituse saamist, kasutades Omniva s\u00f5numis olevat tagastuskoodi.<\/p>\n<p>Ostusumma h\u00fcvitamine tagastatud toodete eest toimub esimesel v\u00f5imalusel, ent mitte hiljem, kui 14 t\u00f6\u00f6p\u00e4eva jooksul alates toodete j\u00f5udmisest tagastamisaadressile.<\/p>\n","protected":false},"excerpt":{"rendered":"<p>Tarne &#038; tagastus Tasuta tarne &#038; tarne maksumus Tasuta tarne: Eesti \u2013 al. 50\u20ac ostusummast Teised EL-i riigid \u2013 al. 150\u20ac ostusummast Tarne maksumus: Eesti (Omniva pakiautomaat) \u2013 5\u20ac Teised EL-i riigid (tavapakk) \u2013 12\u20ac Muu maailm (tavapakk) \u2013 22\u20ac Tarneaeg Tellitud tooted j\u00f5uavad Eestis kohale 1-3 t\u00f6\u00f6p\u00e4evaga. V\u00e4lismaale j\u00f5uab kaup tavaliselt 1-2 n\u00e4dala jooksul. [&hellip;]<\/p>\n","protected":false},"author":127,"featured_media":0,"parent":0,"menu_order":0,"comment_status":"closed","ping_status":"closed","template":"","meta":{"_acf_changed":false,"site-sidebar-layout":"no-sidebar","site-content-layout":"page-builder","ast-site-content-layout":"default","site-content-style":"default","site-sidebar-style":"default","ast-global-header-display":"","ast-banner-title-visibility":"","ast-main-header-display":"","ast-hfb-above-header-display":"","ast-hfb-below-header-display":"","ast-hfb-mobile-header-display":"","site-post-title":"disabled","ast-breadcrumbs-content":"","ast-featured-img":"disabled","footer-sml-layout":"","ast-disable-related-posts":"","theme-transparent-header-meta":"","adv-header-id-meta":"","stick-header-meta":"","header-above-stick-meta":"","header-main-stick-meta":"","header-below-stick-meta":"","astra-migrate-meta-layouts":"default","ast-page-background-enabled":"default","ast-page-background-meta":{"desktop":{"background-color":"","background-image":"","background-repeat":"repeat","background-position":"center center","background-size":"auto","background-attachment":"scroll","background-type":"","background-media":"","overlay-type":"","overlay-color":"","overlay-opacity":"","overlay-gradient":""},"tablet":{"background-color":"","background-image":"","background-repeat":"repeat","background-position":"center center","background-size":"auto","background-attachment":"scroll","background-type":"","background-media":"","overlay-type":"","overlay-color":"","overlay-opacity":"","overlay-gradient":""},"mobile":{"background-color":"","background-image":"","background-repeat":"repeat","background-position":"center center","background-size":"auto","background-attachment":"scroll","background-type":"","background-media":"","overlay-type":"","overlay-color":"","overlay-opacity":"","overlay-gradient":""}},"ast-content-background-meta":{"desktop":{"background-color":"var(--ast-global-color-5)","background-image":"","background-repeat":"repeat","background-position":"center center","background-size":"auto","background-attachment":"scroll","background-type":"","background-media":"","overlay-type":"","overlay-color":"","overlay-opacity":"","overlay-gradient":""},"tablet":{"background-color":"var(--ast-global-color-5)","background-image":"","background-repeat":"repeat","background-position":"center center","background-size":"auto","background-attachment":"scroll","background-type":"","background-media":"","overlay-type":"","overlay-color":"","overlay-opacity":"","overlay-gradient":""},"mobile":{"background-color":"var(--ast-global-color-5)","background-image":"","background-repeat":"repeat","background-position":"center center","background-size":"auto","background-attachment":"scroll","background-type":"","background-media":"","overlay-type":"","overlay-color":"","overlay-opacity":"","overlay-gradient":""}},"footnotes":""},"class_list":["post-15120","page","type-page","status-publish","hentry"],"acf":[],"_links":{"self":[{"href":"https:\/\/gowri.eu\/et\/wp-json\/wp\/v2\/pages\/15120","targetHints":{"allow":["GET"]}}],"collection":[{"href":"https:\/\/gowri.eu\/et\/wp-json\/wp\/v2\/pages"}],"about":[{"href":"https:\/\/gowri.eu\/et\/wp-json\/wp\/v2\/types\/page"}],"author":[{"embeddable":true,"href":"https:\/\/gowri.eu\/et\/wp-json\/wp\/v2\/users\/127"}],"replies":[{"embeddable":true,"href":"https:\/\/gowri.eu\/et\/wp-json\/wp\/v2\/comments?post=15120"}],"version-history":[{"count":1,"href":"https:\/\/gowri.eu\/et\/wp-json\/wp\/v2\/pages\/15120\/revisions"}],"predecessor-version":[{"id":18559,"href":"https:\/\/gowri.eu\/et\/wp-json\/wp\/v2\/pages\/15120\/revisions\/18559"}],"wp:attachment":[{"href":"https:\/\/gowri.eu\/et\/wp-json\/wp\/v2\/media?parent=15120"}],"curies":[{"name":"wp","href":"https:\/\/api.w.org\/{rel}","templated":true}]}}