{"id":15128,"date":"2016-08-24T07:05:41","date_gmt":"2016-08-24T04:05:41","guid":{"rendered":"https:\/\/gowri.eu\/muugitingimused\/"},"modified":"2020-05-05T18:22:43","modified_gmt":"2020-05-05T15:22:43","slug":"muugitingimused","status":"publish","type":"page","link":"https:\/\/gowri.eu\/et\/muugitingimused\/","title":{"rendered":"M\u00fc\u00fcgitingimused"},"content":{"rendered":"\n\t<h1>M\u00fc\u00fcgitingimused<\/h1>\n\t<p>Veebipoe&nbsp;<a href=\"http:\/\/gowri.eu\/\" target=\"_blank\" rel=\"noreferrer noopener\">GOWRI.EU<\/a>&nbsp;(edaspidi Veebipood) omanik on Man\u2019s World O\u00dc (registrikood 11740421), asukohaga&nbsp;R\u00fc\u00fctli 28, Tallinn 10130.<\/p>\n<p><strong>1. M\u00fc\u00fcgilepingu kehtivus, kauba- ja hinnainfo<\/strong><\/p>\n<p>M\u00fc\u00fcgitingimused kehtivad VEEBIPOEST kaupade ostmisel.<\/p>\n<p>Veebipoes m\u00fc\u00fcdavate toodete hinnad on m\u00e4rgitud toodete juurde. Hinnale v\u00f5ib lisanduda tasu kauba k\u00e4ttetoimetamise eest.<\/p>\n<p>Kauba k\u00e4ttetoimetamise tasu s\u00f5ltub OSTJA asukohast ning k\u00e4ttetoimetamise viisist. K\u00e4ttetoimetamise tasu kuvatakse OSTJALE tellimuse vormistamisel.<\/p>\n<p>Teave kauba kohta on esitatud VEEBIPOES vahetult kauba juures.<\/p>\n<p><strong>2. Tellimuse vormistamine<\/strong><\/p>\n<p>Kauba tellimiseks tuleb OSTJAL lisada soovitud tooted ostukorvi. Tellimuse vormistamiseks tuleb t\u00e4ita n\u00f5utud andmev\u00e4ljad ning valida sobiv toodete kohaletoimetamise viis. Seej\u00e4rel kuvatakse ekraanile tasu suurus, mille saab tasuda pangalingi kaudu v\u00f5i muu makselahenduse abil.<br>Prooviks saadetud toodete eest tuleb tasuda vastvalt kaubaga kaasas olevale ja samuti&nbsp; emailiga saadetud arvele. Makset\u00e4htaeg on 5 p\u00e4eva. Ostja poolse&nbsp; maksega hilinamise korral on VEEBIPOEL n\u00f5uda viivist<br>0.1% iga maksega hilinetud p\u00e4eva kohta.<\/p>\n<p>Tellimusest tulenev v\u00f5la\u00f5iguslik leping j\u00f5ustub alates kauba k\u00e4ttesaamise hetkest OSTJA poolt.<\/p>\n<p>Kui tellitud kaupa ei ole v\u00f5imalik tarnida seoses kauba l\u00f5ppemisega v\u00f5i muul p\u00f5hjusel, v\u00f5i on tellimuse vormistamisel esinenud tehniline viga, teavitatakse sellest OSTJAT esimesel v\u00f5imalusel ning tagastatakse tasutud raha (sh kauba k\u00e4ttetoimetamise kulud) viivitamata, kuid mitte hiljem kui 14 p\u00e4eva jooksul teate saatmisest.<\/p>\n<p><strong>3. Kohaletoimetamine<\/strong><\/p>\n<p>Kaupu saadetakse j\u00e4rgmistesse riikidesse: Euroopa Liidu riigid ning, erikokkuleppel VEEBIPOEGA, muud maailma riigid.<\/p>\n<p>Kauba saatmiskulud kannab s\u00f5ltuvalt tellimuse suurusest ja tarneviisist OSTJA v\u00f5i VEEBIPOOD. Vastav hinnainfo on kuvatud saatmisviisi juures.<\/p>\n<p>Eestisisesed saadetised j\u00f5uavad \u00fcldjuhul Ostja m\u00e4\u00e4ratud sihtpunkti 1-3 t\u00f6\u00f6p\u00e4eva jooksul alates m\u00fc\u00fcgilepingu j\u00f5ustumist. Tellimuss\u00e4rkide puhul lisandub tarneajale 1-2 n\u00e4dalat. V\u00e4ljaspool Eestit toimub kohaletoimetamine kuni 30 kalendrip\u00e4eva jooksul.<\/p>\n<p>Erandlikel juhtumitel on \u00f5igus kaup kohale toimetada kuni 45 kalendrip\u00e4eva jooksul.<\/p>\n<p><strong>3. Taganemis\u00f5igus<\/strong><\/p>\n<p><strong>3.1. Kaupade tagastamine<\/strong><\/p>\n<p>P\u00e4rast tellimuse k\u00e4ttesaamist on OSTJAL \u00f5igus veebipoes s\u00f5lmitud lepingust taganeda 30 p\u00e4eva jooksul.<\/p>\n<p>30-p\u00e4evase tagastamis\u00f5iguse kasutamiseks ei tohi tellitud kaupa kasutada muul viisil, kui on vajalik kauba olemuses, omadustes ja toimimises veendumiseks viisil nagu see on lubatud kauba testimiseks f\u00fc\u00fcsilises poes. \u00dcmbervahetatav v\u00f5i tagastatav ese ei tohi olla kahjustunud ega kandmisj\u00e4lgedega, see peab olema originaalpakendis ja toote k\u00fcljes peavad olema k\u00f5ik originaaletiketid.<\/p>\n<p>Kui kaupa on kasutatud muuks otstarbeks, kui on vajalik kauba olemuses, omadustes ja toimimises veendumiseks v\u00f5i sellel on kasutamise v\u00f5i kulumise m\u00e4rke, on VEEBIPOEL \u00f5igus keelduda kauba tagastamisest.<\/p>\n<p>Kauba tagastamiseks tuleb tuua v\u00f5i saata koos orginaalpakendiga kaup&nbsp;hiljemalt 30 p\u00e4eva jooksul kauba k\u00e4ttesaamisest Gowri Style House aadressile \u201cMan\u2019s World O\u00dc, R\u00fc\u00fctli 28, 10130 Tallinn\u201d ning&nbsp;teavitada Veebipoodi e-maili teel:&nbsp;<a href=\"mailto:stylehouse@gowri.eu\" target=\"_blank\" rel=\"noreferrer noopener\">stylehouse@gowri.eu<\/a>.<\/p>\n<p>Kauba tagastamise kulud kannab OSTJA, v\u00e4lja arvatud juhul, kui<br><br>a) kui VEEBIPOOD on andnud kaupadega kaasa koodi, millega saab tagastada kaupa pakiautomaadi abil ning see kood veel kehtib v\u00f5i<\/p>\n<p>b) kui OSTJA toob kauba Gowri Style House aadressile \u201cMan\u2019s World O\u00dc, R\u00fc\u00fctli 28, 10130 Tallinn\u201d<\/p>\n<p>c) tagastamise p\u00f5hjus seisneb asjaolus, et tagastamisele kuuluv asi ei vasta tellitule (nt vale v\u00f5i defektiga asi).<\/p>\n<p>VEEBIPOOD tagastab tagastatava kauba k\u00e4ttesaamisel OSTJAL viivitamata, kuid mitte hiljem kui 14 p\u00e4eva m\u00f6\u00f6dumisel, k\u00f5ik OSTJALT lepingu alusel saadud tasud. Kaup loetakse tagastatuks, kui see j\u00f5uab Gowri Style House aadressile \u201cMan\u2019s World O\u00dc, R\u00fc\u00fctli 28, 10130 Tallinn.<\/p>\n<p>VEEBIPOELl on \u00f5igus taganeda m\u00fc\u00fcgitehingust ning n\u00f5uda OSTJALT tagasi kaup, kui kauba hind veebipoes on eksituse t\u00f5ttu m\u00e4rgitud oluliselt alla kauba turuhinna.<\/p>\n<p><strong>3.2 Kaupade \u00fcmbervahetamine<\/strong><\/p>\n<p>Kaupade \u00fcmbervahetamine on taganemis\u00f5iguse erijuhtum, mille puhul OSTJA tagastab kaubad samadel tingimustel, nagu s\u00e4testatud peat\u00fckis \u201c3.1. Kaupade tagastamine\u201d, kuid ei soovi saada raha tagasi, vaid saada ostetud kaupade asemel sarnaseid kaupu samas v\u00f5i suuremas v\u00e4\u00e4rtuses. Vahetades kaubad suuremas v\u00e4\u00e4rtuses kaupade vastu, katab rahalise vahe OSTJA.<\/p>\n<p>Kauba vahetamiseks tuleb tuua v\u00f5i saata pakendis kaup&nbsp;hiljemalt 5 p\u00e4eva jooksul kauba k\u00e4ttesaamisest Gowri Style House aadressile \u201cMan\u2019s World O\u00dc, R\u00fc\u00fctli 28, 10130 Tallinn\u201d ning&nbsp;teavitada Veebipoodi e-maili teel:&nbsp;<a href=\"mailto:stylehouse@gowri.eu\" target=\"_blank\" rel=\"noreferrer noopener\">stylehouse@gowri.eu<\/a>.<\/p>\n<p>Toote \u00fcmbervahetamise korral l\u00e4hetame asendustoote teele 2 t\u00f6\u00f6p\u00e4eva jooksul hetkest, kui \u00fcmbervahetamisele kuuluv toode on tagastamisaadressile j\u00f5udnud. VEEBIPOOD ei saa laoseisu muutumise t\u00f5ttu alati garanteerida toodete \u00fcmbervahetamise v\u00f5imalust.<\/p>\n<p><strong>3.3 Defektiga kaubad<\/strong><\/p>\n<p>VEEBIPOOD vastutab OSTJALE m\u00fc\u00fcdud kauba lepingutingimustele mittevastavuse v\u00f5i puuduse eest, mis oli olemas juba asja \u00fcleandmise hetkel ning mis ilmneb kuni \u00fche aasta jooksul, alates kauba \u00fcleandmisest OSTJALE.<\/p>\n<p>OSTJAL on \u00f5igus puuduse ilmnemisel p\u00f6\u00f6rduda hiljemalt kahe kuu jooksul veebipoe poole, saates e-kirja aadressile&nbsp;<a href=\"mailto:stylehouse@gowri.eu\" target=\"_blank\" rel=\"noreferrer noopener\">stylehouse@gowri.eu<\/a>&nbsp;v\u00f5i helistades telefonil (+372) 663 1696.<\/p>\n<p>VEEBIPOOD ei vastuta puuduste eest, mis on tekkinud p\u00e4rast kauba \u00fcleandmist OSTJALE.<\/p>\n<p>Kui VEEBIPOEST ostetud kaubal on puudused, mille eest VEEBIPOOD vastutab, parandab v\u00f5i asendab VEEBIPOOD puudusega kauba. Kui kaupa ei ole v\u00f5imalik parandada ega asendada, tagastab VEEBIPOOD OSTJALE k\u00f5ik m\u00fc\u00fcgilepinguga kaasnenud tasud.<\/p>\n<p><strong>4. Otseturustus ja isikuandmete t\u00f6\u00f6tlemine<\/strong><\/p>\n<p>VEEBIPOOD kasutab OSTJA poolt sisestatud isikuandmeid (sh nimi, telefoninumber, aadress, e-maili aadress, pangarekvisiidid) ainult tellimuse t\u00f6\u00f6tlemiseks ning kauba OSTJALE saatmiseks. VEEBIPOOD edastab isikuandmeid veoteenust pakkuvale ettev\u00f5tetele selleks, et kohale toimetada kaupa.<\/p>\n<p>VEEBIPOOD saadab OSTJALE uudiskirju ning pakkumisi OSTJA e-posti aadressile ainult juhul, kui OSTJA on selleks avaldanud soovi, sisestades veebilehel e-kirja aadressi ning andnud teada oma soovist otsepostituse teadete saamiseks.<\/p>\n<p>OSTJAL on igal ajal v\u00f5imalik loobuda e-postile saadetavatest pakkumistest ja uudiskirjadest, j\u00e4rgides pakkumisi sisaldava e-kirjas toodud juhiseid.<\/p>\n<p><strong>5. Vaidluste lahendamine<\/strong><br><br>Kui OSTJA ja VEEBIPOOD ei suuda lahenda vaidlust kokkuleppe teel, siis on OSTJAL v\u00f5i VEEBIPOELv\u00f5imalik p\u00f6\u00f6rduda&nbsp;<a href=\"https:\/\/www.tarbijakaitseamet.ee\/et\/tarbijavaidluste-komisjon\" target=\"_blank\" rel=\"noreferrer noopener\">Tarbijavaidluste komisjoni<\/a>. Tarbijavaidluste komisjoni p\u00e4devuses on lahendada OSTJA ja VEEBIPOE vahel s\u00f5lmitud lepingust tulenevaid vaidlusi.<\/p>\n<p>OSTJA v\u00f5ib p\u00f6\u00f6rduda Euroopa Liidu tarbijavaidlusi lahendava&nbsp;<a href=\"https:\/\/ec.europa.eu\/consumers\/odr\/main\/index.cfm?event=main.home2.show&amp;lng=ET\" target=\"_blank\" rel=\"noreferrer noopener\">platvormi<\/a>&nbsp;poole.<br><br>Kokkuleppele mittej\u00f5udmisel v\u00f5i Tarbijakaitseameti tarbijakaebuste lahendamise komisjoni otsusega mitten\u00f5ustumisel kuuluvad vaidlused lahendamisele kohtus. Kohtuks, milles vaidlused lahendatakse on Harju Maakohus, kus ainsana v\u00f5ib tsiviilasja lahendamiseks p\u00f6\u00f6rduda. Juhul kui OSTJA asub p\u00e4rast lepingu s\u00f5lmimist elama v\u00e4lisriiki v\u00f5i OSTJA elukoht ei ole hagi esitamisel teada, kuuluvad vaidlused lahendamisele Harju Maakohtus.<\/p>\n","protected":false},"excerpt":{"rendered":"<p>M\u00fc\u00fcgitingimused Veebipoe&nbsp;GOWRI.EU&nbsp;(edaspidi Veebipood) omanik on Man\u2019s World O\u00dc (registrikood 11740421), asukohaga&nbsp;R\u00fc\u00fctli 28, Tallinn 10130. 1. M\u00fc\u00fcgilepingu kehtivus, kauba- ja hinnainfo M\u00fc\u00fcgitingimused kehtivad VEEBIPOEST kaupade ostmisel. Veebipoes m\u00fc\u00fcdavate toodete hinnad on m\u00e4rgitud toodete juurde. Hinnale v\u00f5ib lisanduda tasu kauba k\u00e4ttetoimetamise eest. Kauba k\u00e4ttetoimetamise tasu s\u00f5ltub OSTJA asukohast ning k\u00e4ttetoimetamise viisist. K\u00e4ttetoimetamise tasu kuvatakse OSTJALE tellimuse vormistamisel. [&hellip;]<\/p>\n","protected":false},"author":127,"featured_media":0,"parent":0,"menu_order":0,"comment_status":"closed","ping_status":"closed","template":"","meta":{"_acf_changed":false,"site-sidebar-layout":"default","site-content-layout":"default","ast-site-content-layout":"default","site-content-style":"default","site-sidebar-style":"default","ast-global-header-display":"","ast-banner-title-visibility":"","ast-main-header-display":"","ast-hfb-above-header-display":"","ast-hfb-below-header-display":"","ast-hfb-mobile-header-display":"","site-post-title":"","ast-breadcrumbs-content":"","ast-featured-img":"","footer-sml-layout":"","ast-disable-related-posts":"","theme-transparent-header-meta":"default","adv-header-id-meta":"","stick-header-meta":"","header-above-stick-meta":"","header-main-stick-meta":"","header-below-stick-meta":"","astra-migrate-meta-layouts":"default","ast-page-background-enabled":"default","ast-page-background-meta":{"desktop":{"background-color":"","background-image":"","background-repeat":"repeat","background-position":"center center","background-size":"auto","background-attachment":"scroll","background-type":"","background-media":"","overlay-type":"","overlay-color":"","overlay-opacity":"","overlay-gradient":""},"tablet":{"background-color":"","background-image":"","background-repeat":"repeat","background-position":"center center","background-size":"auto","background-attachment":"scroll","background-type":"","background-media":"","overlay-type":"","overlay-color":"","overlay-opacity":"","overlay-gradient":""},"mobile":{"background-color":"","background-image":"","background-repeat":"repeat","background-position":"center center","background-size":"auto","background-attachment":"scroll","background-type":"","background-media":"","overlay-type":"","overlay-color":"","overlay-opacity":"","overlay-gradient":""}},"ast-content-background-meta":{"desktop":{"background-color":"var(--ast-global-color-5)","background-image":"","background-repeat":"repeat","background-position":"center center","background-size":"auto","background-attachment":"scroll","background-type":"","background-media":"","overlay-type":"","overlay-color":"","overlay-opacity":"","overlay-gradient":""},"tablet":{"background-color":"var(--ast-global-color-5)","background-image":"","background-repeat":"repeat","background-position":"center center","background-size":"auto","background-attachment":"scroll","background-type":"","background-media":"","overlay-type":"","overlay-color":"","overlay-opacity":"","overlay-gradient":""},"mobile":{"background-color":"var(--ast-global-color-5)","background-image":"","background-repeat":"repeat","background-position":"center center","background-size":"auto","background-attachment":"scroll","background-type":"","background-media":"","overlay-type":"","overlay-color":"","overlay-opacity":"","overlay-gradient":""}},"footnotes":""},"class_list":["post-15128","page","type-page","status-publish","hentry"],"acf":[],"_links":{"self":[{"href":"https:\/\/gowri.eu\/et\/wp-json\/wp\/v2\/pages\/15128","targetHints":{"allow":["GET"]}}],"collection":[{"href":"https:\/\/gowri.eu\/et\/wp-json\/wp\/v2\/pages"}],"about":[{"href":"https:\/\/gowri.eu\/et\/wp-json\/wp\/v2\/types\/page"}],"author":[{"embeddable":true,"href":"https:\/\/gowri.eu\/et\/wp-json\/wp\/v2\/users\/127"}],"replies":[{"embeddable":true,"href":"https:\/\/gowri.eu\/et\/wp-json\/wp\/v2\/comments?post=15128"}],"version-history":[{"count":10,"href":"https:\/\/gowri.eu\/et\/wp-json\/wp\/v2\/pages\/15128\/revisions"}],"predecessor-version":[{"id":18558,"href":"https:\/\/gowri.eu\/et\/wp-json\/wp\/v2\/pages\/15128\/revisions\/18558"}],"wp:attachment":[{"href":"https:\/\/gowri.eu\/et\/wp-json\/wp\/v2\/media?parent=15128"}],"curies":[{"name":"wp","href":"https:\/\/api.w.org\/{rel}","templated":true}]}}