{"id":15131,"date":"2019-09-17T20:04:32","date_gmt":"2019-09-17T17:04:32","guid":{"rendered":"https:\/\/gowri.eu\/style-house\/"},"modified":"2025-05-08T21:27:43","modified_gmt":"2025-05-08T18:27:43","slug":"style-house","status":"publish","type":"page","link":"https:\/\/gowri.eu\/et\/style-house\/","title":{"rendered":"Style House"},"content":{"rendered":"\n\n    <img data-opt-id=534763376  fetchpriority=\"high\" decoding=\"async\" src=\"https:\/\/ml0tjjxz0vpi.i.optimole.com\/cb:IMMd.56e5c\/w:auto\/h:auto\/q:mauto\/f:best\/https:\/\/gowri.eu\/wp-content\/uploads\/2025\/05\/GOWRI-STYLE-HOUSE-FACEBOOK-BANNER-V4-2-scaled-e1746726501258.jpg\" alt=\"Style House\"\/>\n            <h1>Style House<\/h1>\n            <p>Avatud E-R 10-19, L 11-17<br \/>R\u00fc\u00fctli 28, Tallinn | 663 1696 | stylehouse@gowri.eu<\/p>\n\t<h2>Mis on Gowri Style House?<\/h2>\n<p><strong>Gowri Style House on elegantselt traditsiooniline kooslus, kus \u00fches ja samas majas asuvad nii hubane meester\u00f5ivaste salong kui ka Gowri r\u00e4tsepate ja s\u00e4rgimeistrite t\u00f6\u00f6kojad. Austades nii vanalinna k\u00e4sit\u00f6\u00f6 meistrite j\u00e4rjepidevust ja samas andes ka hinnalisele r\u00e4tsepat\u00f6\u00f6le v\u00e4\u00e4rilise milj\u00f6\u00f6.<\/strong><\/p>\n\t\t\t\t<img data-opt-id=1054605025  fetchpriority=\"high\" decoding=\"async\" src=\"https:\/\/ml0tjjxz0vpi.i.optimole.com\/cb:IMMd.56e5c\/w:auto\/h:auto\/q:mauto\/f:best\/https:\/\/gowri.eu\/wp-content\/uploads\/2025\/05\/IMG_0916-scaled-e1746728514182.jpg\" alt=\"IMG_0916\" itemprop=\"image\" height=\"2560\" width=\"1707\" title=\"IMG_0916\" onerror=\"this.style.display='none'\"  \/>\n\t<h2>Esimene korrus<\/h2>\n<p><strong>Esimesel korrusel asuvas salongis on saadaval kodumaise Gowri Grand kvaliteetbr\u00e4ndi meeste valmis \u00fclikonnad, pintsakud, triiks\u00e4rgid ja k\u00f5ik muu, mis kuulub meeste ajatu klassikalise r\u00f5ivastuse juurde. <\/strong><\/p>\n<p><strong>Siin konsulteerib Gowri Grand, Helika Raudm\u00e4e ja Anne Kannel valmistoodete, r\u00e4tsepa- ja m\u00f5\u00f5dutoodete kliente. Aidates teha just Teile sobivaid t\u00e4nap\u00e4evaseid stiilivalikuid ning leida k\u00f5ige sobivamad kangad maailma parimate kangavalmistajate kollektsioonidest.<\/strong><\/p>\n\t<h2>Teine korrus<\/h2>\n<p><strong>Teisel korrusel on r\u00e4tsepate ja s\u00e4rgimeistrite t\u00f6\u00f6toad, kus valmivad k\u00f5ik Gowri k\u00e4sit\u00f6\u00f6na valmistatud meeste r\u00f5ivad. Seet\u00f5ttu tehakse ka k\u00f5ikidele valmisr\u00f5ivastele kohapeal kiirelt k\u00f5ik vajalikud pisiparandused ja kohendused.<\/strong><\/p>\n\n<strong>Teeme k\u00f5ik selleks, et iga mees, kes meie salongist v\u00e4ljub, lahkuks meie juurest ideaalselt istuva \u00fclikonna, s\u00e4rgi, pintsaku ja mantliga. Ikka ja j\u00e4lle tagasi tulevad p\u00fcsikliendid annavad kinnitust meie p\u00fchendumusest ja meisterlikkusest.<\/strong>\n\t<img data-opt-id=1495892920  fetchpriority=\"high\" decoding=\"async\" src=\"https:\/\/ml0tjjxz0vpi.i.optimole.com\/cb:IMMd.56e5c\/w:auto\/h:auto\/q:mauto\/f:best\/https:\/\/gowri.eu\/wp-content\/uploads\/Gowri-Style-House-1.jpg\" alt=\"Style House\"\/>\n\t<iframe src=\"https:\/\/www.google.com\/maps\/embed?pb=!1m18!1m12!1m3!1d2028.8942181464092!2d24.73949711607654!3d59.4348387816958!2m3!1f0!2f0!3f0!3m2!1i1024!2i768!4f13.1!3m3!1m2!1s0x4692949dbef04efb%3A0x2f79db8531b390c3!2zUsO8w7x0bGkgMjgsIDEwMTMwIFRhbGxpbm4!5e0!3m2!1sen!2see!4v1568828982338!5m2!1sen!2see\" width=\"100%\" height=\"200\" frameborder=\"0\" allowfullscreen=\"\"><\/iframe>\n\t<iframe title=\"Gowri Style House\" width=\"500\" height=\"281\" src=\"https:\/\/www.youtube.com\/embed\/s5ALn9Y50Cw?feature=oembed\" frameborder=\"0\" allow=\"accelerometer; autoplay; clipboard-write; encrypted-media; gyroscope; picture-in-picture; web-share\" referrerpolicy=\"strict-origin-when-cross-origin\" allowfullscreen><\/iframe>\n\n","protected":false},"excerpt":{"rendered":"<p>Style House Avatud E-R 10-19, L 11-17R\u00fc\u00fctli 28, Tallinn | 663 1696 | stylehouse@gowri.eu Mis on Gowri Style House? Gowri Style House on elegantselt traditsiooniline kooslus, kus \u00fches ja samas majas asuvad nii hubane meester\u00f5ivaste salong kui ka Gowri r\u00e4tsepate ja s\u00e4rgimeistrite t\u00f6\u00f6kojad. Austades nii vanalinna k\u00e4sit\u00f6\u00f6 meistrite j\u00e4rjepidevust ja samas andes ka hinnalisele r\u00e4tsepat\u00f6\u00f6le [&hellip;]<\/p>\n","protected":false},"author":127,"featured_media":0,"parent":0,"menu_order":0,"comment_status":"closed","ping_status":"closed","template":"","meta":{"_acf_changed":false,"site-sidebar-layout":"default","site-content-layout":"","ast-site-content-layout":"default","site-content-style":"default","site-sidebar-style":"default","ast-global-header-display":"","ast-banner-title-visibility":"","ast-main-header-display":"","ast-hfb-above-header-display":"","ast-hfb-below-header-display":"","ast-hfb-mobile-header-display":"","site-post-title":"","ast-breadcrumbs-content":"","ast-featured-img":"","footer-sml-layout":"","ast-disable-related-posts":"","theme-transparent-header-meta":"","adv-header-id-meta":"","stick-header-meta":"","header-above-stick-meta":"","header-main-stick-meta":"","header-below-stick-meta":"","astra-migrate-meta-layouts":"default","ast-page-background-enabled":"default","ast-page-background-meta":{"desktop":{"background-color":"","background-image":"","background-repeat":"repeat","background-position":"center center","background-size":"auto","background-attachment":"scroll","background-type":"","background-media":"","overlay-type":"","overlay-color":"","overlay-opacity":"","overlay-gradient":""},"tablet":{"background-color":"","background-image":"","background-repeat":"repeat","background-position":"center center","background-size":"auto","background-attachment":"scroll","background-type":"","background-media":"","overlay-type":"","overlay-color":"","overlay-opacity":"","overlay-gradient":""},"mobile":{"background-color":"","background-image":"","background-repeat":"repeat","background-position":"center center","background-size":"auto","background-attachment":"scroll","background-type":"","background-media":"","overlay-type":"","overlay-color":"","overlay-opacity":"","overlay-gradient":""}},"ast-content-background-meta":{"desktop":{"background-color":"var(--ast-global-color-5)","background-image":"","background-repeat":"repeat","background-position":"center center","background-size":"auto","background-attachment":"scroll","background-type":"","background-media":"","overlay-type":"","overlay-color":"","overlay-opacity":"","overlay-gradient":""},"tablet":{"background-color":"var(--ast-global-color-5)","background-image":"","background-repeat":"repeat","background-position":"center center","background-size":"auto","background-attachment":"scroll","background-type":"","background-media":"","overlay-type":"","overlay-color":"","overlay-opacity":"","overlay-gradient":""},"mobile":{"background-color":"var(--ast-global-color-5)","background-image":"","background-repeat":"repeat","background-position":"center center","background-size":"auto","background-attachment":"scroll","background-type":"","background-media":"","overlay-type":"","overlay-color":"","overlay-opacity":"","overlay-gradient":""}},"footnotes":""},"class_list":["post-15131","page","type-page","status-publish","hentry"],"acf":[],"_links":{"self":[{"href":"https:\/\/gowri.eu\/et\/wp-json\/wp\/v2\/pages\/15131","targetHints":{"allow":["GET"]}}],"collection":[{"href":"https:\/\/gowri.eu\/et\/wp-json\/wp\/v2\/pages"}],"about":[{"href":"https:\/\/gowri.eu\/et\/wp-json\/wp\/v2\/types\/page"}],"author":[{"embeddable":true,"href":"https:\/\/gowri.eu\/et\/wp-json\/wp\/v2\/users\/127"}],"replies":[{"embeddable":true,"href":"https:\/\/gowri.eu\/et\/wp-json\/wp\/v2\/comments?post=15131"}],"version-history":[{"count":10,"href":"https:\/\/gowri.eu\/et\/wp-json\/wp\/v2\/pages\/15131\/revisions"}],"predecessor-version":[{"id":44108,"href":"https:\/\/gowri.eu\/et\/wp-json\/wp\/v2\/pages\/15131\/revisions\/44108"}],"wp:attachment":[{"href":"https:\/\/gowri.eu\/et\/wp-json\/wp\/v2\/media?parent=15131"}],"curies":[{"name":"wp","href":"https:\/\/api.w.org\/{rel}","templated":true}]}}