{"id":15139,"date":"2016-06-10T13:34:53","date_gmt":"2016-06-10T10:34:53","guid":{"rendered":"https:\/\/gowri.eu\/gowri-style-house\/"},"modified":"2026-04-06T12:50:24","modified_gmt":"2026-04-06T09:50:24","slug":"avaleht","status":"publish","type":"page","link":"https:\/\/gowri.eu\/et\/","title":{"rendered":"Avaleht"},"content":{"rendered":"\n\n\t<a href=\"https:\/\/gowri.eu\/et\/cat\/ulikonnad\/\">\n    <img data-opt-id=2029349459  fetchpriority=\"high\" decoding=\"async\" src=\"https:\/\/ml0tjjxz0vpi.i.optimole.com\/cb:IMMd.56e5c\/w:auto\/h:auto\/q:mauto\/f:best\/https:\/\/gowri.eu\/wp-content\/uploads\/2025\/10\/SITE-SUIT.jpg\" alt=\"\u00dclikonnad\"\/>\n    \u00dclikonnad\n<\/a>\n\t<a href=\"https:\/\/gowri.eu\/et\/cat\/pintsakud\/\">\n    <img data-opt-id=954814517  fetchpriority=\"high\" decoding=\"async\" src=\"https:\/\/ml0tjjxz0vpi.i.optimole.com\/cb:IMMd.56e5c\/w:auto\/h:auto\/q:mauto\/f:best\/https:\/\/gowri.eu\/wp-content\/uploads\/2025\/10\/SITE-JACKET-2-1-scaled.jpg\" alt=\"Pintsakud\"\/>\n    Pintsakud\n<\/a>\n\t<a href=\"https:\/\/gowri.eu\/et\/cat\/triiksargid\/\">\n    <img data-opt-id=1117085478  fetchpriority=\"high\" decoding=\"async\" src=\"https:\/\/ml0tjjxz0vpi.i.optimole.com\/cb:IMMd.56e5c\/w:auto\/h:auto\/q:mauto\/f:best\/https:\/\/gowri.eu\/wp-content\/uploads\/2025\/10\/SITE-SHIRTS-scaled.jpg\" alt=\"Triiks\u00e4rgid\"\/>\n    Triiks\u00e4rgid\n<\/a>\n\t<a href=\"https:\/\/gowri.eu\/et\/cat\/kinkekaardid\/\">\n    <img data-opt-id=1889634680  data-opt-src=\"https:\/\/ml0tjjxz0vpi.i.optimole.com\/cb:IMMd.56e5c\/w:auto\/h:auto\/q:mauto\/f:best\/https:\/\/gowri.eu\/wp-content\/uploads\/47505300_10156686190408604_1935514582307045376_o.jpg\"  decoding=\"async\" src=\"data:image/svg+xml,%3Csvg%20viewBox%3D%220%200%20100%%20100%%22%20width%3D%22100%%22%20height%3D%22100%%22%20xmlns%3D%22http%3A%2F%2Fwww.w3.org%2F2000%2Fsvg%22%3E%3Crect%20width%3D%22100%%22%20height%3D%22100%%22%20fill%3D%22transparent%22%2F%3E%3C%2Fsvg%3E\" alt=\"Kinkekaardid\"\/>\n    Kinkekaardid\n<\/a>\n\t<a href=\"https:\/\/gowri.eu\/et\/allahindlus\/\">\n    <img data-opt-id=1666408490  data-opt-src=\"https:\/\/ml0tjjxz0vpi.i.optimole.com\/cb:IMMd.56e5c\/w:auto\/h:auto\/q:mauto\/f:best\/https:\/\/gowri.eu\/wp-content\/uploads\/IMG_1029.jpg\"  decoding=\"async\" src=\"data:image/svg+xml,%3Csvg%20viewBox%3D%220%200%20100%%20100%%22%20width%3D%22100%%22%20height%3D%22100%%22%20xmlns%3D%22http%3A%2F%2Fwww.w3.org%2F2000%2Fsvg%22%3E%3Crect%20width%3D%22100%%22%20height%3D%22100%%22%20fill%3D%22transparent%22%2F%3E%3C%2Fsvg%3E\" alt=\"Allahindlus\"\/>\n    Allahindlus\n<\/a>\n\t<form id=\"smly\" action=\"https:\/\/rafxof6m.sendsmaily.net\/api\/opt-in\/\" method=\"post\">\n        <h2>Liitu meie uudiskirjaga<\/h2>\n            <input type=\"hidden\" name=\"lang\" value=\"et\" \/>\n\t        <input type=\"hidden\" name=\"success_url\" value=\"https:\/\/gowri.eu\" \/>\n\t        <input type=\"hidden\" name=\"failure_url\" value=\"https:\/\/gowri.eu\" \/>\n            <input type=\"text\" name=\"email\" value=\"\" placeholder=\"E-maili aadress\"\/>\n            <button type=\"submit\">Liitu<\/button>\n            T\u00e4name, et liitusid meie uudiskirjaga!\n<\/form>\n\t<a href=\"https:\/\/gowri.eu\/et\/ratsepaulikond\/\">\n    <img data-opt-id=1191869085  data-opt-src=\"https:\/\/ml0tjjxz0vpi.i.optimole.com\/cb:IMMd.56e5c\/w:auto\/h:auto\/q:mauto\/f:best\/https:\/\/gowri.eu\/wp-content\/uploads\/2025\/05\/gowri_foto_raul_mee-37-scaled-e1746635301867.jpg\"  decoding=\"async\" src=\"data:image/svg+xml,%3Csvg%20viewBox%3D%220%200%20100%%20100%%22%20width%3D%22100%%22%20height%3D%22100%%22%20xmlns%3D%22http%3A%2F%2Fwww.w3.org%2F2000%2Fsvg%22%3E%3Crect%20width%3D%22100%%22%20height%3D%22100%%22%20fill%3D%22transparent%22%2F%3E%3C%2Fsvg%3E\" alt=\"R\u00e4tsepa\u00fclikond\"\/>\n    R\u00e4tsepa\u00fclikond\n<\/a>\n\t<a href=\"https:\/\/gowri.eu\/et\/mooduulikond\/\">\n    <img data-opt-id=1252790113  data-opt-src=\"https:\/\/ml0tjjxz0vpi.i.optimole.com\/cb:IMMd.56e5c\/w:auto\/h:auto\/q:mauto\/f:best\/https:\/\/gowri.eu\/wp-content\/uploads\/2025\/05\/Fashion-1-scaled-e1746636309477.jpeg\"  decoding=\"async\" src=\"data:image/svg+xml,%3Csvg%20viewBox%3D%220%200%20100%%20100%%22%20width%3D%22100%%22%20height%3D%22100%%22%20xmlns%3D%22http%3A%2F%2Fwww.w3.org%2F2000%2Fsvg%22%3E%3Crect%20width%3D%22100%%22%20height%3D%22100%%22%20fill%3D%22transparent%22%2F%3E%3C%2Fsvg%3E\" alt=\"M\u00f5\u00f5du\u00fclikond\"\/>\n    M\u00f5\u00f5du\u00fclikond\n<\/a>\n\t<a href=\"https:\/\/gowri.eu\/et\/moodusark\/\">\n    <img data-opt-id=976653256  data-opt-src=\"https:\/\/ml0tjjxz0vpi.i.optimole.com\/cb:IMMd.56e5c\/w:auto\/h:auto\/q:mauto\/f:best\/https:\/\/gowri.eu\/wp-content\/uploads\/2025\/05\/gowri_foto_raul_mee-63-scaled-e1746636411128.jpg\"  decoding=\"async\" src=\"data:image/svg+xml,%3Csvg%20viewBox%3D%220%200%20100%%20100%%22%20width%3D%22100%%22%20height%3D%22100%%22%20xmlns%3D%22http%3A%2F%2Fwww.w3.org%2F2000%2Fsvg%22%3E%3Crect%20width%3D%22100%%22%20height%3D%22100%%22%20fill%3D%22transparent%22%2F%3E%3C%2Fsvg%3E\" alt=\"M\u00f5\u00f5dus\u00e4rk\"\/>\n    M\u00f5\u00f5dus\u00e4rk\n<\/a>\n\t<a href=\"https:\/\/gowri.eu\/et\/moodukingad\/\">\n    <img data-opt-id=1653823881  data-opt-src=\"https:\/\/ml0tjjxz0vpi.i.optimole.com\/cb:IMMd.56e5c\/w:auto\/h:auto\/q:mauto\/f:best\/https:\/\/gowri.eu\/wp-content\/uploads\/2025\/05\/gowri_foto_raul_mee-13-scaled-e1746636185767.jpg\"  decoding=\"async\" src=\"data:image/svg+xml,%3Csvg%20viewBox%3D%220%200%20100%%20100%%22%20width%3D%22100%%22%20height%3D%22100%%22%20xmlns%3D%22http%3A%2F%2Fwww.w3.org%2F2000%2Fsvg%22%3E%3Crect%20width%3D%22100%%22%20height%3D%22100%%22%20fill%3D%22transparent%22%2F%3E%3C%2Fsvg%3E\" alt=\"M\u00f5\u00f5dukingad\"\/>\n    M\u00f5\u00f5dukingad\n<\/a>\n\t<a href=\"https:\/\/gowri.eu\/et\/style-house\/\">\n    <img data-opt-id=317830121  data-opt-src=\"https:\/\/ml0tjjxz0vpi.i.optimole.com\/cb:IMMd.56e5c\/w:auto\/h:auto\/q:mauto\/f:best\/https:\/\/gowri.eu\/wp-content\/uploads\/2025\/05\/GOWRI-STYLE-HOUSE-FACEBOOK-BANNER-V4-1-scaled-e1746636776498.jpg\"  decoding=\"async\" src=\"data:image/svg+xml,%3Csvg%20viewBox%3D%220%200%20100%%20100%%22%20width%3D%22100%%22%20height%3D%22100%%22%20xmlns%3D%22http%3A%2F%2Fwww.w3.org%2F2000%2Fsvg%22%3E%3Crect%20width%3D%22100%%22%20height%3D%22100%%22%20fill%3D%22transparent%22%2F%3E%3C%2Fsvg%3E\" alt=\"Style House\"\/>\n    Style House\n<\/a>\n\t<a href=\"https:\/\/gowri.eu\/et\/meie-lugu\/\">\n    <img data-opt-id=918177930  data-opt-src=\"https:\/\/ml0tjjxz0vpi.i.optimole.com\/cb:IMMd.56e5c\/w:auto\/h:auto\/q:mauto\/f:best\/https:\/\/gowri.eu\/wp-content\/uploads\/2025\/05\/81KS20190114FL_0080-scaled-e1746636491474.jpg\"  decoding=\"async\" src=\"data:image/svg+xml,%3Csvg%20viewBox%3D%220%200%20100%%20100%%22%20width%3D%22100%%22%20height%3D%22100%%22%20xmlns%3D%22http%3A%2F%2Fwww.w3.org%2F2000%2Fsvg%22%3E%3Crect%20width%3D%22100%%22%20height%3D%22100%%22%20fill%3D%22transparent%22%2F%3E%3C%2Fsvg%3E\" alt=\"Meie lugu\"\/>\n    Meie lugu\n<\/a>\n\n","protected":false},"excerpt":{"rendered":"<p>\u00dclikonnad Pintsakud Triiks\u00e4rgid Kinkekaardid Allahindlus Liitu meie uudiskirjaga Liitu T\u00e4name, et liitusid meie uudiskirjaga! R\u00e4tsepa\u00fclikond M\u00f5\u00f5du\u00fclikond M\u00f5\u00f5dus\u00e4rk M\u00f5\u00f5dukingad Style House Meie lugu<\/p>\n","protected":false},"author":127,"featured_media":0,"parent":0,"menu_order":0,"comment_status":"closed","ping_status":"closed","template":"","meta":{"_acf_changed":false,"site-sidebar-layout":"default","site-content-layout":"default","ast-site-content-layout":"default","site-content-style":"default","site-sidebar-style":"default","ast-global-header-display":"","ast-banner-title-visibility":"","ast-main-header-display":"","ast-hfb-above-header-display":"","ast-hfb-below-header-display":"","ast-hfb-mobile-header-display":"","site-post-title":"","ast-breadcrumbs-content":"","ast-featured-img":"","footer-sml-layout":"","ast-disable-related-posts":"","theme-transparent-header-meta":"default","adv-header-id-meta":"","stick-header-meta":"","header-above-stick-meta":"","header-main-stick-meta":"","header-below-stick-meta":"","astra-migrate-meta-layouts":"set","ast-page-background-enabled":"default","ast-page-background-meta":{"desktop":{"background-color":"","background-image":"","background-repeat":"repeat","background-position":"center center","background-size":"auto","background-attachment":"scroll","background-type":"","background-media":"","overlay-type":"","overlay-color":"","overlay-opacity":"","overlay-gradient":""},"tablet":{"background-color":"","background-image":"","background-repeat":"repeat","background-position":"center center","background-size":"auto","background-attachment":"scroll","background-type":"","background-media":"","overlay-type":"","overlay-color":"","overlay-opacity":"","overlay-gradient":""},"mobile":{"background-color":"","background-image":"","background-repeat":"repeat","background-position":"center center","background-size":"auto","background-attachment":"scroll","background-type":"","background-media":"","overlay-type":"","overlay-color":"","overlay-opacity":"","overlay-gradient":""}},"ast-content-background-meta":{"desktop":{"background-color":"var(--ast-global-color-5)","background-image":"","background-repeat":"repeat","background-position":"center center","background-size":"auto","background-attachment":"scroll","background-type":"","background-media":"","overlay-type":"","overlay-color":"","overlay-opacity":"","overlay-gradient":""},"tablet":{"background-color":"var(--ast-global-color-5)","background-image":"","background-repeat":"repeat","background-position":"center center","background-size":"auto","background-attachment":"scroll","background-type":"","background-media":"","overlay-type":"","overlay-color":"","overlay-opacity":"","overlay-gradient":""},"mobile":{"background-color":"var(--ast-global-color-5)","background-image":"","background-repeat":"repeat","background-position":"center center","background-size":"auto","background-attachment":"scroll","background-type":"","background-media":"","overlay-type":"","overlay-color":"","overlay-opacity":"","overlay-gradient":""}},"footnotes":""},"class_list":["post-15139","page","type-page","status-publish","hentry"],"acf":[],"_links":{"self":[{"href":"https:\/\/gowri.eu\/et\/wp-json\/wp\/v2\/pages\/15139","targetHints":{"allow":["GET"]}}],"collection":[{"href":"https:\/\/gowri.eu\/et\/wp-json\/wp\/v2\/pages"}],"about":[{"href":"https:\/\/gowri.eu\/et\/wp-json\/wp\/v2\/types\/page"}],"author":[{"embeddable":true,"href":"https:\/\/gowri.eu\/et\/wp-json\/wp\/v2\/users\/127"}],"replies":[{"embeddable":true,"href":"https:\/\/gowri.eu\/et\/wp-json\/wp\/v2\/comments?post=15139"}],"version-history":[{"count":13,"href":"https:\/\/gowri.eu\/et\/wp-json\/wp\/v2\/pages\/15139\/revisions"}],"predecessor-version":[{"id":47039,"href":"https:\/\/gowri.eu\/et\/wp-json\/wp\/v2\/pages\/15139\/revisions\/47039"}],"wp:attachment":[{"href":"https:\/\/gowri.eu\/et\/wp-json\/wp\/v2\/media?parent=15139"}],"curies":[{"name":"wp","href":"https:\/\/api.w.org\/{rel}","templated":true}]}}