{"id":15145,"date":"2016-08-24T07:09:49","date_gmt":"2016-08-24T04:09:49","guid":{"rendered":"https:\/\/gowri.eu\/ulikonna-moodujuhis\/"},"modified":"2025-02-07T15:23:50","modified_gmt":"2025-02-07T13:23:50","slug":"ulikonna-moodujuhis","status":"publish","type":"page","link":"https:\/\/gowri.eu\/et\/ulikonna-moodujuhis\/","title":{"rendered":"\u00dclikonna m\u00f5\u00f5dujuhis"},"content":{"rendered":"\n\n\t<h1>\u00dclikonna m\u00f5\u00f5dujuhis<\/h1>\n\t<h2>1. Rind<\/h2>\n<p>Aseta m\u00f5\u00f5dulint oma rinna k\u00f5ige laiema osa \u00fcmber. M\u00f5\u00f5dulint peaks asetsema kaenlaaukude all ning abaluudest k\u00f5rgemal. Veendu, et m\u00f5\u00f5dulint oleks p\u00f5randa suhtes horisontaalselt.<\/p>\n<h2>2. Pintsaku talje<\/h2>\n<p>Aseta m\u00f5\u00f5dulint oma talje k\u00f5ige laiema osa \u00fcmber, mis asetseb tavaliselt naba k\u00f5rgusel. M\u00f5\u00f5dulint peaks olema naha vastas, kuid mitte liiga pingul.<\/p>\n<h2>3. P\u00fckste talje<\/h2>\n<p>M\u00f5\u00f5da horisontaalselt \u00fcmber oma loomuliku p\u00fckste talje &#8211; koht, kus sa tavaliselt \u00fclikonna p\u00fckse kannaksid. Pea silmas, et \u00fclikonna p\u00fckste talje asetseb tavaliselt natuke k\u00f5rgemal vabaaja p\u00fckste v\u00f5i teksade taljest.<\/p>\n<h2>4. P\u00fckste pikkus<\/h2>\n<p>M\u00f5\u00f5da oma p\u00fckste taljekohast kohani, kus sa soovid, et su p\u00fcksid \u00e4ra l\u00f5ppeksid. Et tagada parim sobivus, on meie \u00fclikondade p\u00fcksid lahtise pikkusega ning vajavad kohendust. <strong>Palume m\u00e4rkida oma p\u00fckste pikkuse m\u00f5\u00f5t tellimuse vormistamisel m\u00e4rkuste lahtrisse<\/strong>, et saaksime p\u00fckste pikkuse sobivaks teha.<\/p>\n\t<img data-opt-id=161664942  fetchpriority=\"high\" decoding=\"async\" src=\"https:\/\/ml0tjjxz0vpi.i.optimole.com\/cb:IMMd.56e5c\/w:auto\/h:auto\/q:mauto\/f:best\/https:\/\/gowri.eu\/wp-content\/uploads\/ülikonna-mõõdujuhis.jpg\" alt=\"\u00dclikonna m\u00f5\u00f5dujuhis\"\/>\n\t<h2>\u00dclikonna suurustabel (cm)<\/h2>\n<p>(Meie soovitatud keham\u00f5\u00f5tude vahemikud, mitte \u00fclikonna tegelikud m\u00f5\u00f5dud.)<\/p>\n<u>Sinu pikkus:<\/u><br \/>\n168-188 cm = tavaline \u00fclikond<br \/>\n&gt;188 cm = pikk \u00fclikond<br \/>\n&lt;168 cm = l\u00fchike \u00fclikond\n<table>\n<tbody>\n<tr>\n<td><strong>\u00dclikonna suurus<\/strong><\/td>\n<td>Rinna m\u00f5\u00f5t<\/td>\n<td>Pintsaku talje<\/td>\n<td>P\u00fckste talje<\/td>\n<\/tr>\n<tr>\n<td><strong>46<\/strong><\/td>\n<td>91-94<\/td>\n<td>81-84<\/td>\n<td>78<\/td>\n<\/tr>\n<tr>\n<td><strong>48<\/strong><\/td>\n<td>95-98<\/td>\n<td>85-88<\/td>\n<td>82<\/td>\n<\/tr>\n<tr>\n<td><strong>50<\/strong><\/td>\n<td>99-102<\/td>\n<td>89-92<\/td>\n<td>87<\/td>\n<\/tr>\n<tr>\n<td><strong>52<\/strong><\/td>\n<td>103-106<\/td>\n<td>93-96<\/td>\n<td>91<\/td>\n<\/tr>\n<tr>\n<td><strong>54<\/strong><\/td>\n<td>107-110<\/td>\n<td>97-100<\/td>\n<td>95<\/td>\n<\/tr>\n<tr>\n<td><strong>56<\/strong><\/td>\n<td>111-114<\/td>\n<td>101-104<\/td>\n<td>99<\/td>\n<\/tr>\n<tr>\n<td><strong>58<\/strong><\/td>\n<td>115-118<\/td>\n<td>105-108<\/td>\n<td>103<\/td>\n<\/tr>\n<tr>\n<td><strong>60<\/strong><\/td>\n<td>119-122<\/td>\n<td>109-112<\/td>\n<td>107<\/td>\n<\/tr>\n<tr>\n<td><strong>62<\/strong><\/td>\n<td>123-126<\/td>\n<td>113-116<\/td>\n<td>111<\/td>\n<\/tr>\n<tr>\n<td><strong>64<\/strong><\/td>\n<td>127-130<\/td>\n<td>117-120<\/td>\n<td>115<\/td>\n<\/tr>\n<\/tbody>\n<\/table>\n\n","protected":false},"excerpt":{"rendered":"<p>\u00dclikonna m\u00f5\u00f5dujuhis 1. Rind Aseta m\u00f5\u00f5dulint oma rinna k\u00f5ige laiema osa \u00fcmber. M\u00f5\u00f5dulint peaks asetsema kaenlaaukude all ning abaluudest k\u00f5rgemal. Veendu, et m\u00f5\u00f5dulint oleks p\u00f5randa suhtes horisontaalselt. 2. Pintsaku talje Aseta m\u00f5\u00f5dulint oma talje k\u00f5ige laiema osa \u00fcmber, mis asetseb tavaliselt naba k\u00f5rgusel. M\u00f5\u00f5dulint peaks olema naha vastas, kuid mitte liiga pingul. 3. P\u00fckste talje [&hellip;]<\/p>\n","protected":false},"author":127,"featured_media":0,"parent":0,"menu_order":0,"comment_status":"closed","ping_status":"closed","template":"","meta":{"_acf_changed":false,"site-sidebar-layout":"default","site-content-layout":"","ast-site-content-layout":"default","site-content-style":"default","site-sidebar-style":"default","ast-global-header-display":"","ast-banner-title-visibility":"","ast-main-header-display":"","ast-hfb-above-header-display":"","ast-hfb-below-header-display":"","ast-hfb-mobile-header-display":"","site-post-title":"","ast-breadcrumbs-content":"","ast-featured-img":"","footer-sml-layout":"","ast-disable-related-posts":"","theme-transparent-header-meta":"","adv-header-id-meta":"","stick-header-meta":"","header-above-stick-meta":"","header-main-stick-meta":"","header-below-stick-meta":"","astra-migrate-meta-layouts":"default","ast-page-background-enabled":"default","ast-page-background-meta":{"desktop":{"background-color":"","background-image":"","background-repeat":"repeat","background-position":"center center","background-size":"auto","background-attachment":"scroll","background-type":"","background-media":"","overlay-type":"","overlay-color":"","overlay-opacity":"","overlay-gradient":""},"tablet":{"background-color":"","background-image":"","background-repeat":"repeat","background-position":"center center","background-size":"auto","background-attachment":"scroll","background-type":"","background-media":"","overlay-type":"","overlay-color":"","overlay-opacity":"","overlay-gradient":""},"mobile":{"background-color":"","background-image":"","background-repeat":"repeat","background-position":"center center","background-size":"auto","background-attachment":"scroll","background-type":"","background-media":"","overlay-type":"","overlay-color":"","overlay-opacity":"","overlay-gradient":""}},"ast-content-background-meta":{"desktop":{"background-color":"var(--ast-global-color-5)","background-image":"","background-repeat":"repeat","background-position":"center center","background-size":"auto","background-attachment":"scroll","background-type":"","background-media":"","overlay-type":"","overlay-color":"","overlay-opacity":"","overlay-gradient":""},"tablet":{"background-color":"var(--ast-global-color-5)","background-image":"","background-repeat":"repeat","background-position":"center center","background-size":"auto","background-attachment":"scroll","background-type":"","background-media":"","overlay-type":"","overlay-color":"","overlay-opacity":"","overlay-gradient":""},"mobile":{"background-color":"var(--ast-global-color-5)","background-image":"","background-repeat":"repeat","background-position":"center center","background-size":"auto","background-attachment":"scroll","background-type":"","background-media":"","overlay-type":"","overlay-color":"","overlay-opacity":"","overlay-gradient":""}},"footnotes":""},"class_list":["post-15145","page","type-page","status-publish","hentry"],"acf":[],"_links":{"self":[{"href":"https:\/\/gowri.eu\/et\/wp-json\/wp\/v2\/pages\/15145","targetHints":{"allow":["GET"]}}],"collection":[{"href":"https:\/\/gowri.eu\/et\/wp-json\/wp\/v2\/pages"}],"about":[{"href":"https:\/\/gowri.eu\/et\/wp-json\/wp\/v2\/types\/page"}],"author":[{"embeddable":true,"href":"https:\/\/gowri.eu\/et\/wp-json\/wp\/v2\/users\/127"}],"replies":[{"embeddable":true,"href":"https:\/\/gowri.eu\/et\/wp-json\/wp\/v2\/comments?post=15145"}],"version-history":[{"count":6,"href":"https:\/\/gowri.eu\/et\/wp-json\/wp\/v2\/pages\/15145\/revisions"}],"predecessor-version":[{"id":43025,"href":"https:\/\/gowri.eu\/et\/wp-json\/wp\/v2\/pages\/15145\/revisions\/43025"}],"wp:attachment":[{"href":"https:\/\/gowri.eu\/et\/wp-json\/wp\/v2\/media?parent=15145"}],"curies":[{"name":"wp","href":"https:\/\/api.w.org\/{rel}","templated":true}]}}