{"id":15150,"date":"2016-08-24T07:06:54","date_gmt":"2016-08-24T04:06:54","guid":{"rendered":"https:\/\/gowri.eu\/triiksargi-moodujuhis\/"},"modified":"2025-02-07T15:24:11","modified_gmt":"2025-02-07T13:24:11","slug":"triiksargi-moodujuhis","status":"publish","type":"page","link":"https:\/\/gowri.eu\/et\/triiksargi-moodujuhis\/","title":{"rendered":"Triiks\u00e4rgi m\u00f5\u00f5dujuhis"},"content":{"rendered":"\n\n\t<h1>Triiks\u00e4rgi m\u00f5\u00f5dujuhis<\/h1>\n\t<h2>1. Kael<\/h2>\n<p>M\u00f5\u00f5da oma kaela k\u00f5ige laiema osa \u00fcmber &#8211; kus triiks\u00e4rgi krae oleks. Veendu, et m\u00f5\u00f5dulint oleks \u00fchtlaselt \u00fcmber kaela ning aseta nimetiss\u00f5rm m\u00f5\u00f5dulindi alla, et s\u00e4rgi krae oleks mugava suurusega ja mitte liiga pingul.<\/p>\n<h2>2. Rind<\/h2>\n<p>Aseta m\u00f5\u00f5dulint oma rinna k\u00f5ige laiema osa \u00fcmber. M\u00f5\u00f5dulint peaks asetsema kaenlaaukude all ning abaluudest k\u00f5rgemal. Veendu, et m\u00f5\u00f5dulint oleks p\u00f5randa suhtes horisontaalselt.<\/p>\n<h2>3. Talje<\/h2>\n<p>Aseta m\u00f5\u00f5dulint oma talje k\u00f5ige laiema osa \u00fcmber, mis asetseb tavaliselt naba k\u00f5rgusel. M\u00f5\u00f5dulint peaks olema naha vastas, kuid mitte liiga pingul.<\/p>\n<h2>4. Varruka pikkus<\/h2>\n<p>M\u00f5\u00f5da \u00f5latipust kohani, kus sa tahad, et su varrukas \u00e4ra l\u00f5ppeks. Varruka m\u00f5\u00f5tmisel k\u00f5verda oma k\u00e4tt veidi, et v\u00f5tta arvesse k\u00e4e loomulikku liikumist. Kui su varruka pikkus langeb meie erinevate pikkuste keskele, vali pikem.<\/p>\n\t<img data-opt-id=1344776049  fetchpriority=\"high\" decoding=\"async\" src=\"https:\/\/ml0tjjxz0vpi.i.optimole.com\/cb:IMMd.56e5c\/w:auto\/h:auto\/q:mauto\/f:best\/https:\/\/gowri.eu\/wp-content\/uploads\/triiksärgi-mõõdujuhis.jpg\" alt=\"Triiks\u00e4rgi m\u00f5\u00f5dujuhis\"\/>\n\t<h2>Regular fit triiks\u00e4rgid (cm)<\/h2>\n<p>(Meie soovitatud keham\u00f5\u00f5tude vahemikud, mitte triiks\u00e4rgi tegelikud m\u00f5\u00f5dud.)<\/p>\n<table>\n<tbody>\n<tr>\n<td><strong>Triiks\u00e4rgi<br \/>suurus<\/strong><\/td>\n<td>Kaela<br \/>m\u00f5\u00f5t<\/td>\n<td>Rinna<br \/>m\u00f5\u00f5t<\/td>\n<td>Talje<br \/>m\u00f5\u00f5t<\/td>\n<td>L\u00fchike<br \/>varrukas<\/td>\n<td>Tavaline<br \/>varrukas<\/td>\n<td>Pikk<br \/>varrukas<\/td>\n<\/tr>\n<tr>\n<td><strong>37<\/strong><\/td>\n<td>37<\/td>\n<td>97-100<\/td>\n<td>94-98<\/td>\n<td>55-59<\/td>\n<td>60-64<\/td>\n<td>65-70<\/td>\n<\/tr>\n<tr>\n<td><strong>38<\/strong><\/td>\n<td>38<\/td>\n<td>99-102<\/td>\n<td>97-100<\/td>\n<td>56-60<\/td>\n<td>61-65<\/td>\n<td>66-71<\/td>\n<\/tr>\n<tr>\n<td><strong>39<\/strong><\/td>\n<td>39<\/td>\n<td>101-104<\/td>\n<td>100-102<\/td>\n<td>56-60<\/td>\n<td>61-65<\/td>\n<td>66-71<\/td>\n<\/tr>\n<tr>\n<td><strong>40<\/strong><\/td>\n<td>40<\/td>\n<td>103-106<\/td>\n<td>102-104<\/td>\n<td>56-60<\/td>\n<td>61-65<\/td>\n<td>66-71<\/td>\n<\/tr>\n<tr>\n<td><strong>41<\/strong><\/td>\n<td>41<\/td>\n<td>105-108<\/td>\n<td>104-106<\/td>\n<td>56-60<\/td>\n<td>61-65<\/td>\n<td>66-71<\/td>\n<\/tr>\n<tr>\n<td><strong>42<\/strong><\/td>\n<td>42<\/td>\n<td>107-110<\/td>\n<td>106-110<\/td>\n<td>56-60<\/td>\n<td>61-65<\/td>\n<td>66-71<\/td>\n<\/tr>\n<tr>\n<td><strong>43<\/strong><\/td>\n<td>43<\/td>\n<td>111-114<\/td>\n<td>112-117<\/td>\n<td>56-60<\/td>\n<td>61-65<\/td>\n<td>66-71<\/td>\n<\/tr>\n<tr>\n<td><strong>44<\/strong><\/td>\n<td>44<\/td>\n<td>113-116<\/td>\n<td>116-120<\/td>\n<td>56-60<\/td>\n<td>61-65<\/td>\n<td>66-71<\/td>\n<\/tr>\n<tr>\n<td><strong>45<\/strong><\/td>\n<td>45<\/td>\n<td>116-119<\/td>\n<td>119-123<\/td>\n<td>56-60<\/td>\n<td>61-65<\/td>\n<td>66-71<\/td>\n<\/tr>\n<tr>\n<td><strong>46<\/strong><\/td>\n<td>46<\/td>\n<td>118-121<\/td>\n<td>122-126<\/td>\n<td>56-60<\/td>\n<td>61-65<\/td>\n<td>66-71<\/td>\n<\/tr>\n<tr>\n<td><strong>47<\/strong><\/td>\n<td>47<\/td>\n<td>120-123<\/td>\n<td>125-129<\/td>\n<td>56-60<\/td>\n<td>61-65<\/td>\n<td>66-71<\/td>\n<\/tr>\n<tr>\n<td><strong>48<\/strong><\/td>\n<td>48<\/td>\n<td>122-125<\/td>\n<td>128-133<\/td>\n<td>56-60<\/td>\n<td>61-65<\/td>\n<td>66-71<\/td>\n<\/tr>\n<tr>\n<td><strong>49<\/strong><\/td>\n<td>49<\/td>\n<td>125-128<\/td>\n<td>132-136<\/td>\n<td>56-60<\/td>\n<td>61-65<\/td>\n<td>66-71<\/td>\n<\/tr>\n<tr>\n<td><strong>50<\/strong><\/td>\n<td>50<\/td>\n<td>128-131<\/td>\n<td>135-139<\/td>\n<td>56-60<\/td>\n<td>61-65<\/td>\n<td>66-71<\/td>\n<\/tr>\n<\/tbody>\n<\/table>\n\t<h2>Slim fit triiks\u00e4rgid (cm)<\/h2>\n<p>(Meie soovitatud keham\u00f5\u00f5tude vahemikud, mitte triiks\u00e4rgi tegelikud m\u00f5\u00f5dud.)<\/p>\n<table>\n<tbody>\n<tr>\n<td><strong>Triiks\u00e4rgi<br \/>suurus<\/strong><\/td>\n<td>Kaela<br \/>m\u00f5\u00f5t<\/td>\n<td>Rinna<br \/>m\u00f5\u00f5t<\/td>\n<td>Talje<br \/>m\u00f5\u00f5t<\/td>\n<td>L\u00fchike<br \/>varrukas<\/td>\n<td>Tavaline<br \/>varrukas<\/td>\n<td>Pikk<br \/>varrukas<\/td>\n<\/tr>\n<tr>\n<td><strong>37<\/strong><\/td>\n<td>37<\/td>\n<td>94-98<\/td>\n<td>86-88<\/td>\n<td>55-59<\/td>\n<td>60-64<\/td>\n<td>65-70<\/td>\n<\/tr>\n<tr>\n<td><strong>38<\/strong><\/td>\n<td>38<\/td>\n<td>96-98<\/td>\n<td>88-90<\/td>\n<td>56-60<\/td>\n<td>61-65<\/td>\n<td>66-71<\/td>\n<\/tr>\n<tr>\n<td><strong>39<\/strong><\/td>\n<td>39<\/td>\n<td>98-100<\/td>\n<td>90-92<\/td>\n<td>56-60<\/td>\n<td>61-65<\/td>\n<td>66-71<\/td>\n<\/tr>\n<tr>\n<td><strong>40<\/strong><\/td>\n<td>40<\/td>\n<td>100-102<\/td>\n<td>92-94<\/td>\n<td>56-60<\/td>\n<td>61-65<\/td>\n<td>66-71<\/td>\n<\/tr>\n<tr>\n<td><strong>41<\/strong><\/td>\n<td>41<\/td>\n<td>102-104<\/td>\n<td>94-96<\/td>\n<td>56-60<\/td>\n<td>61-65<\/td>\n<td>66-71<\/td>\n<\/tr>\n<tr>\n<td><strong>42<\/strong><\/td>\n<td>42<\/td>\n<td>104-106<\/td>\n<td>96-98<\/td>\n<td>56-60<\/td>\n<td>61-65<\/td>\n<td>66-71<\/td>\n<\/tr>\n<tr>\n<td><strong>43<\/strong><\/td>\n<td>43<\/td>\n<td>106-108<\/td>\n<td>98-100<\/td>\n<td>56-60<\/td>\n<td>61-65<\/td>\n<td>66-71<\/td>\n<\/tr>\n<tr>\n<td><strong>44<\/strong><\/td>\n<td>44<\/td>\n<td>108-110<\/td>\n<td>100-102<\/td>\n<td>56-60<\/td>\n<td>61-65<\/td>\n<td>66-71<\/td>\n<\/tr>\n<tr>\n<td><strong>45<\/strong><\/td>\n<td>45<\/td>\n<td>110-112<\/td>\n<td>102-104<\/td>\n<td>56-60<\/td>\n<td>61-65<\/td>\n<td>66-71<\/td>\n<\/tr>\n<tr>\n<td><strong>46<\/strong><\/td>\n<td>46<\/td>\n<td>112-114<\/td>\n<td>104-106<\/td>\n<td>56-60<\/td>\n<td>61-65<\/td>\n<td>66-71<\/td>\n<\/tr>\n<tr>\n<td><strong>47<\/strong><\/td>\n<td>47<\/td>\n<td>114-118<\/td>\n<td>106-108<\/td>\n<td>56-60<\/td>\n<td>61-65<\/td>\n<td>66-71<\/td>\n<\/tr>\n<tr>\n<td><strong>48<\/strong><\/td>\n<td>48<\/td>\n<td>118-122<\/td>\n<td>108-110<\/td>\n<td>56-60<\/td>\n<td>61-65<\/td>\n<td>66-71<\/td>\n<\/tr>\n<\/tbody>\n<\/table>\n\n","protected":false},"excerpt":{"rendered":"<p>Triiks\u00e4rgi m\u00f5\u00f5dujuhis 1. Kael M\u00f5\u00f5da oma kaela k\u00f5ige laiema osa \u00fcmber &#8211; kus triiks\u00e4rgi krae oleks. Veendu, et m\u00f5\u00f5dulint oleks \u00fchtlaselt \u00fcmber kaela ning aseta nimetiss\u00f5rm m\u00f5\u00f5dulindi alla, et s\u00e4rgi krae oleks mugava suurusega ja mitte liiga pingul. 2. Rind Aseta m\u00f5\u00f5dulint oma rinna k\u00f5ige laiema osa \u00fcmber. M\u00f5\u00f5dulint peaks asetsema kaenlaaukude all ning abaluudest [&hellip;]<\/p>\n","protected":false},"author":127,"featured_media":0,"parent":0,"menu_order":0,"comment_status":"closed","ping_status":"closed","template":"","meta":{"_acf_changed":false,"site-sidebar-layout":"default","site-content-layout":"","ast-site-content-layout":"default","site-content-style":"default","site-sidebar-style":"default","ast-global-header-display":"","ast-banner-title-visibility":"","ast-main-header-display":"","ast-hfb-above-header-display":"","ast-hfb-below-header-display":"","ast-hfb-mobile-header-display":"","site-post-title":"","ast-breadcrumbs-content":"","ast-featured-img":"","footer-sml-layout":"","ast-disable-related-posts":"","theme-transparent-header-meta":"","adv-header-id-meta":"","stick-header-meta":"","header-above-stick-meta":"","header-main-stick-meta":"","header-below-stick-meta":"","astra-migrate-meta-layouts":"default","ast-page-background-enabled":"default","ast-page-background-meta":{"desktop":{"background-color":"","background-image":"","background-repeat":"repeat","background-position":"center center","background-size":"auto","background-attachment":"scroll","background-type":"","background-media":"","overlay-type":"","overlay-color":"","overlay-opacity":"","overlay-gradient":""},"tablet":{"background-color":"","background-image":"","background-repeat":"repeat","background-position":"center center","background-size":"auto","background-attachment":"scroll","background-type":"","background-media":"","overlay-type":"","overlay-color":"","overlay-opacity":"","overlay-gradient":""},"mobile":{"background-color":"","background-image":"","background-repeat":"repeat","background-position":"center center","background-size":"auto","background-attachment":"scroll","background-type":"","background-media":"","overlay-type":"","overlay-color":"","overlay-opacity":"","overlay-gradient":""}},"ast-content-background-meta":{"desktop":{"background-color":"var(--ast-global-color-5)","background-image":"","background-repeat":"repeat","background-position":"center center","background-size":"auto","background-attachment":"scroll","background-type":"","background-media":"","overlay-type":"","overlay-color":"","overlay-opacity":"","overlay-gradient":""},"tablet":{"background-color":"var(--ast-global-color-5)","background-image":"","background-repeat":"repeat","background-position":"center center","background-size":"auto","background-attachment":"scroll","background-type":"","background-media":"","overlay-type":"","overlay-color":"","overlay-opacity":"","overlay-gradient":""},"mobile":{"background-color":"var(--ast-global-color-5)","background-image":"","background-repeat":"repeat","background-position":"center center","background-size":"auto","background-attachment":"scroll","background-type":"","background-media":"","overlay-type":"","overlay-color":"","overlay-opacity":"","overlay-gradient":""}},"footnotes":""},"class_list":["post-15150","page","type-page","status-publish","hentry"],"acf":[],"_links":{"self":[{"href":"https:\/\/gowri.eu\/et\/wp-json\/wp\/v2\/pages\/15150","targetHints":{"allow":["GET"]}}],"collection":[{"href":"https:\/\/gowri.eu\/et\/wp-json\/wp\/v2\/pages"}],"about":[{"href":"https:\/\/gowri.eu\/et\/wp-json\/wp\/v2\/types\/page"}],"author":[{"embeddable":true,"href":"https:\/\/gowri.eu\/et\/wp-json\/wp\/v2\/users\/127"}],"replies":[{"embeddable":true,"href":"https:\/\/gowri.eu\/et\/wp-json\/wp\/v2\/comments?post=15150"}],"version-history":[{"count":6,"href":"https:\/\/gowri.eu\/et\/wp-json\/wp\/v2\/pages\/15150\/revisions"}],"predecessor-version":[{"id":43027,"href":"https:\/\/gowri.eu\/et\/wp-json\/wp\/v2\/pages\/15150\/revisions\/43027"}],"wp:attachment":[{"href":"https:\/\/gowri.eu\/et\/wp-json\/wp\/v2\/media?parent=15150"}],"curies":[{"name":"wp","href":"https:\/\/api.w.org\/{rel}","templated":true}]}}