{"id":15810,"date":"2016-09-05T12:22:24","date_gmt":"2016-09-05T09:22:24","guid":{"rendered":"https:\/\/gowri.eu\/videod\/"},"modified":"2020-05-05T18:33:40","modified_gmt":"2020-05-05T15:33:40","slug":"videod","status":"publish","type":"page","link":"https:\/\/gowri.eu\/et\/videod\/","title":{"rendered":"Videod"},"content":{"rendered":"\n\t<h1>Videod<\/h1>\n\t<iframe title=\"Gowri ja Shanti Grand \u00d5htu shows!\" width=\"500\" height=\"281\" src=\"https:\/\/www.youtube.com\/embed\/GcdQSTNmZm0?feature=oembed\" frameborder=\"0\" allow=\"accelerometer; autoplay; encrypted-media; gyroscope; picture-in-picture\" allowfullscreen><\/iframe>\n\t<iframe title=\"Gowri Style House\" width=\"500\" height=\"281\" src=\"https:\/\/www.youtube.com\/embed\/s5ALn9Y50Cw?feature=oembed\" frameborder=\"0\" allow=\"accelerometer; autoplay; encrypted-media; gyroscope; picture-in-picture\" allowfullscreen><\/iframe>\n\t<iframe title=\"Hannes V\u00f5rno, Lauri ja Gowri Grand: K\u00d5IK GOWRI BR\u00c4NDIST &amp; MEHED MEESTEST!\" width=\"500\" height=\"281\" src=\"https:\/\/www.youtube.com\/embed\/h5XRaaAcqBE?feature=oembed\" frameborder=\"0\" allow=\"accelerometer; autoplay; encrypted-media; gyroscope; picture-in-picture\" allowfullscreen><\/iframe>\n\t<iframe title=\"Gowri Stylehouse Moeshow Pulmamessil 2017\" src=\"https:\/\/player.vimeo.com\/video\/245775447?dnt=1&amp;app_id=122963\" width=\"500\" height=\"281\" frameborder=\"0\" allow=\"autoplay; fullscreen\" allowfullscreen><\/iframe>\n\t<iframe title=\"Tranquil Motivation\" src=\"https:\/\/player.vimeo.com\/video\/206563240?dnt=1&amp;app_id=122963\" width=\"500\" height=\"281\" frameborder=\"0\" allow=\"autoplay; fullscreen\" allowfullscreen><\/iframe>\n\t<iframe title=\"Afro Wedding Dance 2016\" src=\"https:\/\/player.vimeo.com\/video\/185409134?dnt=1&amp;app_id=122963\" width=\"500\" height=\"281\" frameborder=\"0\" allow=\"autoplay; fullscreen\" allowfullscreen><\/iframe>\n\t<iframe title=\"Windsurfing in a Wedding Suit 2015\" src=\"https:\/\/player.vimeo.com\/video\/184747295?dnt=1&amp;app_id=122963\" width=\"500\" height=\"281\" frameborder=\"0\" allow=\"autoplay; fullscreen\" allowfullscreen><\/iframe>\n\t<iframe title=\"Gowri Style House Wedding Fashion Show\" src=\"https:\/\/player.vimeo.com\/video\/214398269?dnt=1&amp;app_id=122963\" width=\"500\" height=\"281\" frameborder=\"0\" allow=\"autoplay; fullscreen\" allowfullscreen><\/iframe>\n\t<iframe title=\"Find Your True Colours\" src=\"https:\/\/player.vimeo.com\/video\/182702681?dnt=1&amp;app_id=122963\" width=\"500\" height=\"281\" frameborder=\"0\" allow=\"autoplay; fullscreen\" allowfullscreen><\/iframe>\n\t<iframe title=\"Wedding Salsa 2016\" src=\"https:\/\/player.vimeo.com\/video\/184097408?dnt=1&amp;app_id=122963\" width=\"500\" height=\"281\" frameborder=\"0\" allow=\"autoplay; fullscreen\" allowfullscreen><\/iframe>\n","protected":false},"excerpt":{"rendered":"<p>Videod<\/p>\n","protected":false},"author":127,"featured_media":0,"parent":0,"menu_order":0,"comment_status":"closed","ping_status":"closed","template":"","meta":{"_acf_changed":false,"site-sidebar-layout":"default","site-content-layout":"","ast-site-content-layout":"default","site-content-style":"default","site-sidebar-style":"default","ast-global-header-display":"","ast-banner-title-visibility":"","ast-main-header-display":"","ast-hfb-above-header-display":"","ast-hfb-below-header-display":"","ast-hfb-mobile-header-display":"","site-post-title":"","ast-breadcrumbs-content":"","ast-featured-img":"","footer-sml-layout":"","ast-disable-related-posts":"","theme-transparent-header-meta":"","adv-header-id-meta":"","stick-header-meta":"","header-above-stick-meta":"","header-main-stick-meta":"","header-below-stick-meta":"","astra-migrate-meta-layouts":"default","ast-page-background-enabled":"default","ast-page-background-meta":{"desktop":{"background-color":"","background-image":"","background-repeat":"repeat","background-position":"center center","background-size":"auto","background-attachment":"scroll","background-type":"","background-media":"","overlay-type":"","overlay-color":"","overlay-opacity":"","overlay-gradient":""},"tablet":{"background-color":"","background-image":"","background-repeat":"repeat","background-position":"center center","background-size":"auto","background-attachment":"scroll","background-type":"","background-media":"","overlay-type":"","overlay-color":"","overlay-opacity":"","overlay-gradient":""},"mobile":{"background-color":"","background-image":"","background-repeat":"repeat","background-position":"center center","background-size":"auto","background-attachment":"scroll","background-type":"","background-media":"","overlay-type":"","overlay-color":"","overlay-opacity":"","overlay-gradient":""}},"ast-content-background-meta":{"desktop":{"background-color":"var(--ast-global-color-5)","background-image":"","background-repeat":"repeat","background-position":"center center","background-size":"auto","background-attachment":"scroll","background-type":"","background-media":"","overlay-type":"","overlay-color":"","overlay-opacity":"","overlay-gradient":""},"tablet":{"background-color":"var(--ast-global-color-5)","background-image":"","background-repeat":"repeat","background-position":"center center","background-size":"auto","background-attachment":"scroll","background-type":"","background-media":"","overlay-type":"","overlay-color":"","overlay-opacity":"","overlay-gradient":""},"mobile":{"background-color":"var(--ast-global-color-5)","background-image":"","background-repeat":"repeat","background-position":"center center","background-size":"auto","background-attachment":"scroll","background-type":"","background-media":"","overlay-type":"","overlay-color":"","overlay-opacity":"","overlay-gradient":""}},"footnotes":""},"class_list":["post-15810","page","type-page","status-publish","hentry"],"acf":[],"_links":{"self":[{"href":"https:\/\/gowri.eu\/et\/wp-json\/wp\/v2\/pages\/15810","targetHints":{"allow":["GET"]}}],"collection":[{"href":"https:\/\/gowri.eu\/et\/wp-json\/wp\/v2\/pages"}],"about":[{"href":"https:\/\/gowri.eu\/et\/wp-json\/wp\/v2\/types\/page"}],"author":[{"embeddable":true,"href":"https:\/\/gowri.eu\/et\/wp-json\/wp\/v2\/users\/127"}],"replies":[{"embeddable":true,"href":"https:\/\/gowri.eu\/et\/wp-json\/wp\/v2\/comments?post=15810"}],"version-history":[{"count":2,"href":"https:\/\/gowri.eu\/et\/wp-json\/wp\/v2\/pages\/15810\/revisions"}],"predecessor-version":[{"id":18564,"href":"https:\/\/gowri.eu\/et\/wp-json\/wp\/v2\/pages\/15810\/revisions\/18564"}],"wp:attachment":[{"href":"https:\/\/gowri.eu\/et\/wp-json\/wp\/v2\/media?parent=15810"}],"curies":[{"name":"wp","href":"https:\/\/api.w.org\/{rel}","templated":true}]}}