{"id":39904,"date":"2024-04-16T23:01:58","date_gmt":"2024-04-16T20:01:58","guid":{"rendered":"https:\/\/gowri.eu\/?page_id=39904"},"modified":"2024-04-18T16:01:30","modified_gmt":"2024-04-18T13:01:30","slug":"pulmaulikond","status":"publish","type":"page","link":"https:\/\/gowri.eu\/et\/pulmaulikond\/","title":{"rendered":"Pulma\u00fclikond"},"content":{"rendered":"\n\n\t<h1>Pulma\u00fclikond<\/h1>\n<p>Meeste pulmariietus on olnud \u00fcks meie br\u00e4ndi v\u00e4ga suur osa ning tuhandeid peigmehi hiljem, oleme saanud tunnustust kui eksperdid sellel alal.<br \/>Ootame teid k\u00f5iki tulevasi pulmalisi meile k\u00fclla ja leiame koos Sinu unelmate pulmakomplekti!<br \/>Broneeri aeg tasuta konsultatsiooniks: <a href=\"https:\/\/gowri.eu\/et\/e-broneering\/\">E-broneering<\/a> | <a href=\"tel:+3726631696\" target=\"_blank\" rel=\"noopener noreferrer\">663 1696<\/a> | <a href=\"mailto:stylehouse@gowri.eu\" target=\"_blank\" rel=\"noopener noreferrer\">stylehouse@gowri.eu<\/a><\/p>\n\t\t\t\t<img data-opt-id=1745785310  fetchpriority=\"high\" decoding=\"async\" src=\"https:\/\/ml0tjjxz0vpi.i.optimole.com\/cb:IMMd.56e5c\/w:auto\/h:auto\/q:mauto\/f:best\/https:\/\/gowri.eu\/wp-content\/uploads\/5-1-1500x1000-1.jpg\" alt=\"5-1-1500x1000\" itemprop=\"image\" height=\"1000\" width=\"1000\" title=\"5-1-1500x1000\" onerror=\"this.style.display='none'\"  \/>\n\t\t\t\t<img data-opt-id=64106720  fetchpriority=\"high\" decoding=\"async\" src=\"https:\/\/ml0tjjxz0vpi.i.optimole.com\/cb:IMMd.56e5c\/w:auto\/h:auto\/q:mauto\/f:best\/https:\/\/gowri.eu\/wp-content\/uploads\/4-1.jpg\" alt=\"4-1\" itemprop=\"image\" height=\"1080\" width=\"1080\" title=\"4-1\" onerror=\"this.style.display='none'\"  \/>\n\t\t\t\t<img data-opt-id=62128364  fetchpriority=\"high\" decoding=\"async\" src=\"https:\/\/ml0tjjxz0vpi.i.optimole.com\/cb:IMMd.56e5c\/w:auto\/h:auto\/q:mauto\/f:best\/https:\/\/gowri.eu\/wp-content\/uploads\/IMG_1429.jpg\" alt=\"IMG_1429\" itemprop=\"image\" height=\"1439\" width=\"1439\" title=\"IMG_1429\" onerror=\"this.style.display='none'\"  \/>\n\t\t\t\t<img data-opt-id=773045974  data-opt-src=\"https:\/\/ml0tjjxz0vpi.i.optimole.com\/cb:IMMd.56e5c\/w:auto\/h:auto\/q:mauto\/f:best\/https:\/\/gowri.eu\/wp-content\/uploads\/6G3A0983.jpg\"  decoding=\"async\" src=\"data:image/svg+xml,%3Csvg%20viewBox%3D%220%200%20100%%20100%%22%20width%3D%22100%%22%20height%3D%22100%%22%20xmlns%3D%22http%3A%2F%2Fwww.w3.org%2F2000%2Fsvg%22%3E%3Crect%20width%3D%22100%%22%20height%3D%22100%%22%20fill%3D%22transparent%22%2F%3E%3C%2Fsvg%3E\" alt=\"6G3A0983\" itemprop=\"image\" height=\"865\" width=\"865\" title=\"6G3A0983\" onerror=\"this.style.display='none'\"  \/>\n\t\t\t\t<img data-opt-id=1444059194  data-opt-src=\"https:\/\/ml0tjjxz0vpi.i.optimole.com\/cb:IMMd.56e5c\/w:auto\/h:auto\/q:mauto\/f:best\/https:\/\/gowri.eu\/wp-content\/uploads\/DSC04565.jpg\"  decoding=\"async\" src=\"data:image/svg+xml,%3Csvg%20viewBox%3D%220%200%20100%%20100%%22%20width%3D%22100%%22%20height%3D%22100%%22%20xmlns%3D%22http%3A%2F%2Fwww.w3.org%2F2000%2Fsvg%22%3E%3Crect%20width%3D%22100%%22%20height%3D%22100%%22%20fill%3D%22transparent%22%2F%3E%3C%2Fsvg%3E\" alt=\"DSC04565\" itemprop=\"image\" height=\"865\" width=\"865\" title=\"DSC04565\" onerror=\"this.style.display='none'\"  \/>\n\t\t\t\t<img data-opt-id=1786920574  data-opt-src=\"https:\/\/ml0tjjxz0vpi.i.optimole.com\/cb:IMMd.56e5c\/w:auto\/h:auto\/q:mauto\/f:best\/https:\/\/gowri.eu\/wp-content\/uploads\/workshop-79.jpg\"  decoding=\"async\" src=\"data:image/svg+xml,%3Csvg%20viewBox%3D%220%200%20100%%20100%%22%20width%3D%22100%%22%20height%3D%22100%%22%20xmlns%3D%22http%3A%2F%2Fwww.w3.org%2F2000%2Fsvg%22%3E%3Crect%20width%3D%22100%%22%20height%3D%22100%%22%20fill%3D%22transparent%22%2F%3E%3C%2Fsvg%3E\" alt=\"workshop-79\" itemprop=\"image\" height=\"2293\" width=\"2293\" title=\"workshop-79\" onerror=\"this.style.display='none'\"  \/>\n\t<h2>R\u00e4tsepa pulma\u00fclikond<\/h2>\n<p>T\u00f5eliselt k\u00e4sit\u00f6\u00f6na valminud pulma\u00fclikond \u2060- meeste stiilimaailma <i>cr\u00e8me de la cr\u00e8me<\/i>.<br \/><a href=\"https:\/\/gowri.eu\/et\/ratsepaulikond\/\">Vaata l\u00e4hemalt<\/a><\/p>\n\t<h2>M\u00f5\u00f5du pulma\u00fclikond<\/h2>\n<p>K\u00e4sit\u00f6\u00f6na valminud pulma\u00fclikond, mis p\u00f5hineb Gowri Tailor Fit l\u00f5ikel \u2060- tunneta r\u00e4tsepa\u00fclikonna istuvust valmis\u00fclikonna hinnaga.<br \/><a href=\"https:\/\/gowri.eu\/et\/mooduulikond\/\">Vaata l\u00e4hemalt<\/a><\/p>\n\t<h2>Valmis pulma\u00fclikond<\/h2>\n<p>Tee oma valik meie Style House valmis pulma\u00fclikondade seast\u2060 &#8211; vajadusel korrigeerime \u00fclikonna istuvust, et see oleks perfektne.<br \/><a href=\"https:\/\/gowri.eu\/et\/cat\/ulikonnad\/\">Vaata k\u00f5iki \u00fclikondi<\/a><\/p>\n\t<meta itemprop=\"url\" content=\"https:\/\/gowri.eu\/wp-content\/uploads\/10000000_5120501988070885_72159506462440849_n.mp4\" \/><div style=\"width: 640px;\" class=\"wp-video\"><video class=\"wp-video-shortcode\" id=\"video-39904-1\" width=\"640\" height=\"360\" preload=\"metadata\" controls=\"controls\"><source type=\"video\/mp4\" src=\"https:\/\/gowri.eu\/wp-content\/uploads\/10000000_5120501988070885_72159506462440849_n.mp4?_=1\" \/><a href=\"https:\/\/gowri.eu\/wp-content\/uploads\/10000000_5120501988070885_72159506462440849_n.mp4\">https:\/\/gowri.eu\/wp-content\/uploads\/10000000_5120501988070885_72159506462440849_n.mp4<\/a><\/video><\/div>\n\t<iframe title=\"Gowri Style House Moeshow Pulmamessil 2019\" src=\"https:\/\/player.vimeo.com\/video\/711295926?dnt=1&amp;app_id=122963\" width=\"500\" height=\"281\" frameborder=\"0\" allow=\"autoplay; fullscreen; picture-in-picture; clipboard-write\"><\/iframe>\n\n","protected":false},"excerpt":{"rendered":"<p>Pulma\u00fclikond Meeste pulmariietus on olnud \u00fcks meie br\u00e4ndi v\u00e4ga suur osa ning tuhandeid peigmehi hiljem, oleme saanud tunnustust kui eksperdid sellel alal.Ootame teid k\u00f5iki tulevasi pulmalisi meile k\u00fclla ja leiame koos Sinu unelmate pulmakomplekti!Broneeri aeg tasuta konsultatsiooniks: E-broneering | 663 1696 | stylehouse@gowri.eu R\u00e4tsepa pulma\u00fclikond T\u00f5eliselt k\u00e4sit\u00f6\u00f6na valminud pulma\u00fclikond \u2060- meeste stiilimaailma cr\u00e8me de la [&hellip;]<\/p>\n","protected":false},"author":131,"featured_media":0,"parent":0,"menu_order":0,"comment_status":"closed","ping_status":"closed","template":"","meta":{"_acf_changed":false,"site-sidebar-layout":"default","site-content-layout":"","ast-site-content-layout":"default","site-content-style":"default","site-sidebar-style":"default","ast-global-header-display":"","ast-banner-title-visibility":"","ast-main-header-display":"","ast-hfb-above-header-display":"","ast-hfb-below-header-display":"","ast-hfb-mobile-header-display":"","site-post-title":"","ast-breadcrumbs-content":"","ast-featured-img":"","footer-sml-layout":"","ast-disable-related-posts":"","theme-transparent-header-meta":"","adv-header-id-meta":"","stick-header-meta":"","header-above-stick-meta":"","header-main-stick-meta":"","header-below-stick-meta":"","astra-migrate-meta-layouts":"set","ast-page-background-enabled":"default","ast-page-background-meta":{"desktop":{"background-color":"","background-image":"","background-repeat":"repeat","background-position":"center center","background-size":"auto","background-attachment":"scroll","background-type":"","background-media":"","overlay-type":"","overlay-color":"","overlay-opacity":"","overlay-gradient":""},"tablet":{"background-color":"","background-image":"","background-repeat":"repeat","background-position":"center center","background-size":"auto","background-attachment":"scroll","background-type":"","background-media":"","overlay-type":"","overlay-color":"","overlay-opacity":"","overlay-gradient":""},"mobile":{"background-color":"","background-image":"","background-repeat":"repeat","background-position":"center center","background-size":"auto","background-attachment":"scroll","background-type":"","background-media":"","overlay-type":"","overlay-color":"","overlay-opacity":"","overlay-gradient":""}},"ast-content-background-meta":{"desktop":{"background-color":"var(--ast-global-color-5)","background-image":"","background-repeat":"repeat","background-position":"center center","background-size":"auto","background-attachment":"scroll","background-type":"","background-media":"","overlay-type":"","overlay-color":"","overlay-opacity":"","overlay-gradient":""},"tablet":{"background-color":"var(--ast-global-color-5)","background-image":"","background-repeat":"repeat","background-position":"center center","background-size":"auto","background-attachment":"scroll","background-type":"","background-media":"","overlay-type":"","overlay-color":"","overlay-opacity":"","overlay-gradient":""},"mobile":{"background-color":"var(--ast-global-color-5)","background-image":"","background-repeat":"repeat","background-position":"center center","background-size":"auto","background-attachment":"scroll","background-type":"","background-media":"","overlay-type":"","overlay-color":"","overlay-opacity":"","overlay-gradient":""}},"footnotes":""},"class_list":["post-39904","page","type-page","status-publish","hentry"],"acf":[],"_links":{"self":[{"href":"https:\/\/gowri.eu\/et\/wp-json\/wp\/v2\/pages\/39904","targetHints":{"allow":["GET"]}}],"collection":[{"href":"https:\/\/gowri.eu\/et\/wp-json\/wp\/v2\/pages"}],"about":[{"href":"https:\/\/gowri.eu\/et\/wp-json\/wp\/v2\/types\/page"}],"author":[{"embeddable":true,"href":"https:\/\/gowri.eu\/et\/wp-json\/wp\/v2\/users\/131"}],"replies":[{"embeddable":true,"href":"https:\/\/gowri.eu\/et\/wp-json\/wp\/v2\/comments?post=39904"}],"version-history":[{"count":7,"href":"https:\/\/gowri.eu\/et\/wp-json\/wp\/v2\/pages\/39904\/revisions"}],"predecessor-version":[{"id":39931,"href":"https:\/\/gowri.eu\/et\/wp-json\/wp\/v2\/pages\/39904\/revisions\/39931"}],"wp:attachment":[{"href":"https:\/\/gowri.eu\/et\/wp-json\/wp\/v2\/media?parent=39904"}],"curies":[{"name":"wp","href":"https:\/\/api.w.org\/{rel}","templated":true}]}}