{"id":16398,"date":"2019-11-19T00:59:50","date_gmt":"2019-11-18T22:59:50","guid":{"rendered":"https:\/\/gowri.eu\/?post_type=product&#038;p=16398"},"modified":"2023-09-15T16:29:54","modified_gmt":"2023-09-15T13:29:54","slug":"postiano-valge-non-iron-triiksark","status":"publish","type":"product","link":"https:\/\/gowri.eu\/et\/pood\/postiano-valge-non-iron-triiksark\/","title":{"rendered":"Positano Valge Non-Iron Triiks\u00e4rk"},"content":{"rendered":"","protected":false},"excerpt":{"rendered":"<p>100% Two Fold puuvill<br \/>\nTwo Fold kangast valmistatud s\u00e4rgid on Gowri s\u00e4rkide <em>cr\u00e8me de la cr\u00e8me<\/em>.<br \/>\nSuper 100 Two Fold (topeltkeerutusega) puuvillane kangas annab triiks\u00e4rgile lukusliku s\u00e4ra ja kortsub v\u00e4hem, ilma et kangast oleks keemiliselt t\u00f6\u00f6deldud.<\/p>\n","protected":false},"featured_media":16653,"template":"","meta":{"_acf_changed":false,"site-sidebar-layout":"default","site-content-layout":"default","ast-site-content-layout":"default","site-content-style":"default","site-sidebar-style":"default","ast-global-header-display":"","ast-banner-title-visibility":"","ast-main-header-display":"","ast-hfb-above-header-display":"","ast-hfb-below-header-display":"","ast-hfb-mobile-header-display":"","site-post-title":"","ast-breadcrumbs-content":"","ast-featured-img":"","footer-sml-layout":"","ast-disable-related-posts":"","theme-transparent-header-meta":"default","adv-header-id-meta":"","stick-header-meta":"","header-above-stick-meta":"","header-main-stick-meta":"","header-below-stick-meta":"","astra-migrate-meta-layouts":"default","ast-page-background-enabled":"default","ast-page-background-meta":{"desktop":{"background-color":"","background-image":"","background-repeat":"repeat","background-position":"center center","background-size":"auto","background-attachment":"scroll","background-type":"","background-media":"","overlay-type":"","overlay-color":"","overlay-opacity":"","overlay-gradient":""},"tablet":{"background-color":"","background-image":"","background-repeat":"repeat","background-position":"center center","background-size":"auto","background-attachment":"scroll","background-type":"","background-media":"","overlay-type":"","overlay-color":"","overlay-opacity":"","overlay-gradient":""},"mobile":{"background-color":"","background-image":"","background-repeat":"repeat","background-position":"center center","background-size":"auto","background-attachment":"scroll","background-type":"","background-media":"","overlay-type":"","overlay-color":"","overlay-opacity":"","overlay-gradient":""}},"ast-content-background-meta":{"desktop":{"background-color":"var(--ast-global-color-5)","background-image":"","background-repeat":"repeat","background-position":"center center","background-size":"auto","background-attachment":"scroll","background-type":"","background-media":"","overlay-type":"","overlay-color":"","overlay-opacity":"","overlay-gradient":""},"tablet":{"background-color":"var(--ast-global-color-5)","background-image":"","background-repeat":"repeat","background-position":"center center","background-size":"auto","background-attachment":"scroll","background-type":"","background-media":"","overlay-type":"","overlay-color":"","overlay-opacity":"","overlay-gradient":""},"mobile":{"background-color":"var(--ast-global-color-5)","background-image":"","background-repeat":"repeat","background-position":"center center","background-size":"auto","background-attachment":"scroll","background-type":"","background-media":"","overlay-type":"","overlay-color":"","overlay-opacity":"","overlay-gradient":""}}},"product_brand":[],"product_cat":[478,479],"product_tag":[],"class_list":{"0":"post-16398","1":"product","2":"type-product","3":"status-publish","4":"has-post-thumbnail","6":"product_cat-sargid","7":"product_cat-tellimussargid","8":"desktop-align-center","9":"tablet-align-left","10":"mobile-align-left","12":"first","13":"instock","14":"taxable","15":"shipping-taxable","16":"purchasable","17":"product-type-variable"},"acf":[],"_links":{"self":[{"href":"https:\/\/gowri.eu\/et\/wp-json\/wp\/v2\/product\/16398","targetHints":{"allow":["GET"]}}],"collection":[{"href":"https:\/\/gowri.eu\/et\/wp-json\/wp\/v2\/product"}],"about":[{"href":"https:\/\/gowri.eu\/et\/wp-json\/wp\/v2\/types\/product"}],"wp:featuredmedia":[{"embeddable":true,"href":"https:\/\/gowri.eu\/et\/wp-json\/wp\/v2\/media\/16653"}],"wp:attachment":[{"href":"https:\/\/gowri.eu\/et\/wp-json\/wp\/v2\/media?parent=16398"}],"wp:term":[{"taxonomy":"product_brand","embeddable":true,"href":"https:\/\/gowri.eu\/et\/wp-json\/wp\/v2\/product_brand?post=16398"},{"taxonomy":"product_cat","embeddable":true,"href":"https:\/\/gowri.eu\/et\/wp-json\/wp\/v2\/product_cat?post=16398"},{"taxonomy":"product_tag","embeddable":true,"href":"https:\/\/gowri.eu\/et\/wp-json\/wp\/v2\/product_tag?post=16398"}],"curies":[{"name":"wp","href":"https:\/\/api.w.org\/{rel}","templated":true}]}}