{"id":39854,"date":"2024-04-03T13:44:52","date_gmt":"2024-04-03T10:44:52","guid":{"rendered":"https:\/\/gowri.eu\/shop\/avalino-tumesinine-ulikond\/"},"modified":"2025-06-11T00:00:12","modified_gmt":"2025-06-10T21:00:12","slug":"avalino-tumesinine-ulikond","status":"publish","type":"product","link":"https:\/\/gowri.eu\/et\/pood\/avalino-tumesinine-ulikond\/","title":{"rendered":"Avalino Tumesinine \u00dclikond"},"content":{"rendered":"<p>Keemiline puhastus<br \/>\nv\u00f5i<br \/>\n40 kraadine masinpesu villapesu reziimil<br \/>\nVormi niiskena<br \/>\nKuivata riidepuul<br \/>\n\u00c4ra kasuta trummelkuivatust<br \/>\nVajadusel triigi leige triikrauaga l\u00e4bi niiske kanga<\/p>\n","protected":false},"excerpt":{"rendered":"<p>Kergelt taljes l\u00f5ige<\/p>\n<p>Nanot\u00f6\u00f6tlusega vett-ja plekke h\u00fclgav ning mittekortsuv \u00b4Travel`kangas<br \/>\nV\u00e4ga vastupidav &#8211; Martindale h\u00f5\u00f5rdumistest &gt; 60,000<\/p>\n<p>2 n\u00f6\u00f6pi, k\u00fcljel\u00f5hikud, kergelt viltused taskud<\/p>\n<p>Kanga kaal: 270 gr\/m2<\/p>\n<p>&nbsp;<\/p>\n<p>Keemiline puhastus<br \/>\nv\u00f5i<br \/>\n40 kraadine masinpesu villapesu reziimil<br \/>\nVormi niiskena<br \/>\nKuivata riidepuul<br \/>\n\u00c4ra kasuta trummelkuivatust<br \/>\nVajadusel triigi leige triikrauaga l\u00e4bi niiske kanga<\/p>\n","protected":false},"featured_media":43500,"template":"","meta":{"_acf_changed":false,"site-sidebar-layout":"default","site-content-layout":"","ast-site-content-layout":"default","site-content-style":"default","site-sidebar-style":"default","ast-global-header-display":"","ast-banner-title-visibility":"","ast-main-header-display":"","ast-hfb-above-header-display":"","ast-hfb-below-header-display":"","ast-hfb-mobile-header-display":"","site-post-title":"","ast-breadcrumbs-content":"","ast-featured-img":"","footer-sml-layout":"","ast-disable-related-posts":"","theme-transparent-header-meta":"default","adv-header-id-meta":"","stick-header-meta":"","header-above-stick-meta":"","header-main-stick-meta":"","header-below-stick-meta":"","astra-migrate-meta-layouts":"default","ast-page-background-enabled":"default","ast-page-background-meta":{"desktop":{"background-color":"","background-image":"","background-repeat":"repeat","background-position":"center center","background-size":"auto","background-attachment":"scroll","background-type":"","background-media":"","overlay-type":"","overlay-color":"","overlay-opacity":"","overlay-gradient":""},"tablet":{"background-color":"","background-image":"","background-repeat":"repeat","background-position":"center center","background-size":"auto","background-attachment":"scroll","background-type":"","background-media":"","overlay-type":"","overlay-color":"","overlay-opacity":"","overlay-gradient":""},"mobile":{"background-color":"","background-image":"","background-repeat":"repeat","background-position":"center center","background-size":"auto","background-attachment":"scroll","background-type":"","background-media":"","overlay-type":"","overlay-color":"","overlay-opacity":"","overlay-gradient":""}},"ast-content-background-meta":{"desktop":{"background-color":"var(--ast-global-color-5)","background-image":"","background-repeat":"repeat","background-position":"center center","background-size":"auto","background-attachment":"scroll","background-type":"","background-media":"","overlay-type":"","overlay-color":"","overlay-opacity":"","overlay-gradient":""},"tablet":{"background-color":"var(--ast-global-color-5)","background-image":"","background-repeat":"repeat","background-position":"center center","background-size":"auto","background-attachment":"scroll","background-type":"","background-media":"","overlay-type":"","overlay-color":"","overlay-opacity":"","overlay-gradient":""},"mobile":{"background-color":"var(--ast-global-color-5)","background-image":"","background-repeat":"repeat","background-position":"center center","background-size":"auto","background-attachment":"scroll","background-type":"","background-media":"","overlay-type":"","overlay-color":"","overlay-opacity":"","overlay-gradient":""}}},"product_brand":[],"product_cat":[483],"product_tag":[],"class_list":{"0":"post-39854","1":"product","2":"type-product","3":"status-publish","4":"has-post-thumbnail","6":"product_cat-uncategorized-et","7":"desktop-align-center","8":"tablet-align-left","9":"mobile-align-left","11":"first","12":"instock","13":"taxable","14":"shipping-taxable","15":"product-type-simple"},"acf":[],"_links":{"self":[{"href":"https:\/\/gowri.eu\/et\/wp-json\/wp\/v2\/product\/39854","targetHints":{"allow":["GET"]}}],"collection":[{"href":"https:\/\/gowri.eu\/et\/wp-json\/wp\/v2\/product"}],"about":[{"href":"https:\/\/gowri.eu\/et\/wp-json\/wp\/v2\/types\/product"}],"wp:featuredmedia":[{"embeddable":true,"href":"https:\/\/gowri.eu\/et\/wp-json\/wp\/v2\/media\/43500"}],"wp:attachment":[{"href":"https:\/\/gowri.eu\/et\/wp-json\/wp\/v2\/media?parent=39854"}],"wp:term":[{"taxonomy":"product_brand","embeddable":true,"href":"https:\/\/gowri.eu\/et\/wp-json\/wp\/v2\/product_brand?post=39854"},{"taxonomy":"product_cat","embeddable":true,"href":"https:\/\/gowri.eu\/et\/wp-json\/wp\/v2\/product_cat?post=39854"},{"taxonomy":"product_tag","embeddable":true,"href":"https:\/\/gowri.eu\/et\/wp-json\/wp\/v2\/product_tag?post=39854"}],"curies":[{"name":"wp","href":"https:\/\/api.w.org\/{rel}","templated":true}]}}