{"id":45455,"date":"2025-11-07T16:24:48","date_gmt":"2025-11-07T14:24:48","guid":{"rendered":"https:\/\/gowri.eu\/shop\/oosinine-seemisnahast-voo\/"},"modified":"2025-11-13T13:40:05","modified_gmt":"2025-11-13T11:40:05","slug":"oosinine-seemisnahast-voo","status":"publish","type":"product","link":"https:\/\/gowri.eu\/et\/pood\/oosinine-seemisnahast-voo\/","title":{"rendered":"\u00d6\u00f6sinine Seemisnahast V\u00f6\u00f6"},"content":{"rendered":"","protected":false},"excerpt":{"rendered":"<table class=\"pdp-accordion__table\">\n<tbody>\n<tr role=\"row\">\n<th role=\"rowheader\">Materjal<\/th>\n<td>Seemisnahk<\/td>\n<\/tr>\n<tr role=\"row\">\n<th role=\"rowheader\">V\u00e4rv<\/th>\n<td>\u00d6\u00f6sinine<\/td>\n<\/tr>\n<tr role=\"row\">\n<th role=\"rowheader\">V\u00f6\u00f6 Laius<\/th>\n<td>3,0 CM<\/td>\n<\/tr>\n<\/tbody>\n<\/table>\n<p>Klassikaline v\u00f6\u00f6 30mm laiusega. Puhas piste vaba disain, meistertatud k\u00f5rg-kvaliteet seemisnahast koos vahekihile lisatud liimnahaga struktuuri lisamiseks.\u00a0 See nahk on t\u00f6\u00f6deldud nahat\u00f6\u00f6tlemiskohas, mis on sertifitseeritud Leather Working Group-i poolt, tagades vastutustundlikut ja j\u00e4tkusuutlikku tootmist.\u00a0 See v\u00f6\u00f6 on reguleeritav koos logo kruviga, koos l\u00e4ikiva, nikkeli vaba, pandlaga. Minimastlik aksessuaar, mis on v\u00e4ga rafineeritud \u2013 ideaalne igap\u00e4evaseks kandmiseks v\u00f5i formaalseteks \u00fcritusteks, disainitud nendele kes hindavad kvaliteeti ja ajatut disaini<\/p>\n","protected":false},"featured_media":45454,"template":"","meta":{"_acf_changed":false,"site-sidebar-layout":"default","site-content-layout":"","ast-site-content-layout":"default","site-content-style":"default","site-sidebar-style":"default","ast-global-header-display":"","ast-banner-title-visibility":"","ast-main-header-display":"","ast-hfb-above-header-display":"","ast-hfb-below-header-display":"","ast-hfb-mobile-header-display":"","site-post-title":"","ast-breadcrumbs-content":"","ast-featured-img":"","footer-sml-layout":"","ast-disable-related-posts":"","theme-transparent-header-meta":"default","adv-header-id-meta":"","stick-header-meta":"","header-above-stick-meta":"","header-main-stick-meta":"","header-below-stick-meta":"","astra-migrate-meta-layouts":"default","ast-page-background-enabled":"default","ast-page-background-meta":{"desktop":{"background-color":"","background-image":"","background-repeat":"repeat","background-position":"center center","background-size":"auto","background-attachment":"scroll","background-type":"","background-media":"","overlay-type":"","overlay-color":"","overlay-opacity":"","overlay-gradient":""},"tablet":{"background-color":"","background-image":"","background-repeat":"repeat","background-position":"center center","background-size":"auto","background-attachment":"scroll","background-type":"","background-media":"","overlay-type":"","overlay-color":"","overlay-opacity":"","overlay-gradient":""},"mobile":{"background-color":"","background-image":"","background-repeat":"repeat","background-position":"center center","background-size":"auto","background-attachment":"scroll","background-type":"","background-media":"","overlay-type":"","overlay-color":"","overlay-opacity":"","overlay-gradient":""}},"ast-content-background-meta":{"desktop":{"background-color":"var(--ast-global-color-5)","background-image":"","background-repeat":"repeat","background-position":"center center","background-size":"auto","background-attachment":"scroll","background-type":"","background-media":"","overlay-type":"","overlay-color":"","overlay-opacity":"","overlay-gradient":""},"tablet":{"background-color":"var(--ast-global-color-5)","background-image":"","background-repeat":"repeat","background-position":"center center","background-size":"auto","background-attachment":"scroll","background-type":"","background-media":"","overlay-type":"","overlay-color":"","overlay-opacity":"","overlay-gradient":""},"mobile":{"background-color":"var(--ast-global-color-5)","background-image":"","background-repeat":"repeat","background-position":"center center","background-size":"auto","background-attachment":"scroll","background-type":"","background-media":"","overlay-type":"","overlay-color":"","overlay-opacity":"","overlay-gradient":""}}},"product_brand":[],"product_cat":[605],"product_tag":[],"class_list":{"0":"post-45455","1":"product","2":"type-product","3":"status-publish","4":"has-post-thumbnail","6":"product_cat-vood","7":"desktop-align-center","8":"tablet-align-left","9":"mobile-align-left","11":"first","12":"instock","13":"taxable","14":"shipping-taxable","15":"purchasable","16":"product-type-variable"},"acf":[],"_links":{"self":[{"href":"https:\/\/gowri.eu\/et\/wp-json\/wp\/v2\/product\/45455","targetHints":{"allow":["GET"]}}],"collection":[{"href":"https:\/\/gowri.eu\/et\/wp-json\/wp\/v2\/product"}],"about":[{"href":"https:\/\/gowri.eu\/et\/wp-json\/wp\/v2\/types\/product"}],"wp:featuredmedia":[{"embeddable":true,"href":"https:\/\/gowri.eu\/et\/wp-json\/wp\/v2\/media\/45454"}],"wp:attachment":[{"href":"https:\/\/gowri.eu\/et\/wp-json\/wp\/v2\/media?parent=45455"}],"wp:term":[{"taxonomy":"product_brand","embeddable":true,"href":"https:\/\/gowri.eu\/et\/wp-json\/wp\/v2\/product_brand?post=45455"},{"taxonomy":"product_cat","embeddable":true,"href":"https:\/\/gowri.eu\/et\/wp-json\/wp\/v2\/product_cat?post=45455"},{"taxonomy":"product_tag","embeddable":true,"href":"https:\/\/gowri.eu\/et\/wp-json\/wp\/v2\/product_tag?post=45455"}],"curies":[{"name":"wp","href":"https:\/\/api.w.org\/{rel}","templated":true}]}}