{"id":45802,"date":"2025-11-07T18:24:45","date_gmt":"2025-11-07T16:24:45","guid":{"rendered":"https:\/\/gowri.eu\/shop\/newsboy-pruun-soni\/"},"modified":"2026-01-13T13:40:37","modified_gmt":"2026-01-13T11:40:37","slug":"newsboy-pruun-soni","status":"publish","type":"product","link":"https:\/\/gowri.eu\/et\/pood\/newsboy-pruun-soni\/","title":{"rendered":"Newsboy Pruun Soni"},"content":{"rendered":"","protected":false},"excerpt":{"rendered":"<p data-start=\"794\" data-end=\"997\">Newsboy Pruun Soni lisab talvisele riietusele soojust ja iseloomu.<\/p>\n<p data-start=\"794\" data-end=\"997\">Puhas ka\u0161miir tagab erakordse pehmuse ja loomuliku soojapidavuse, samas kui klassikaline newsboy-l\u00f5ige loob enesekindla ja v\u00e4\u00e4rika ilme.<\/p>\n<p data-start=\"999\" data-end=\"1073\">Elegantne valik k\u00fclmadeks p\u00e4evadeks, mil mugavus ja hoiak k\u00e4ivad k\u00e4sik\u00e4es.<\/p>\n","protected":false},"featured_media":46656,"template":"","meta":{"_acf_changed":false,"site-sidebar-layout":"default","site-content-layout":"","ast-site-content-layout":"default","site-content-style":"default","site-sidebar-style":"default","ast-global-header-display":"","ast-banner-title-visibility":"","ast-main-header-display":"","ast-hfb-above-header-display":"","ast-hfb-below-header-display":"","ast-hfb-mobile-header-display":"","site-post-title":"","ast-breadcrumbs-content":"","ast-featured-img":"","footer-sml-layout":"","ast-disable-related-posts":"","theme-transparent-header-meta":"default","adv-header-id-meta":"","stick-header-meta":"","header-above-stick-meta":"","header-main-stick-meta":"","header-below-stick-meta":"","astra-migrate-meta-layouts":"set","ast-page-background-enabled":"default","ast-page-background-meta":{"desktop":{"background-color":"","background-image":"","background-repeat":"repeat","background-position":"center center","background-size":"auto","background-attachment":"scroll","background-type":"","background-media":"","overlay-type":"","overlay-color":"","overlay-opacity":"","overlay-gradient":""},"tablet":{"background-color":"","background-image":"","background-repeat":"repeat","background-position":"center center","background-size":"auto","background-attachment":"scroll","background-type":"","background-media":"","overlay-type":"","overlay-color":"","overlay-opacity":"","overlay-gradient":""},"mobile":{"background-color":"","background-image":"","background-repeat":"repeat","background-position":"center center","background-size":"auto","background-attachment":"scroll","background-type":"","background-media":"","overlay-type":"","overlay-color":"","overlay-opacity":"","overlay-gradient":""}},"ast-content-background-meta":{"desktop":{"background-color":"var(--ast-global-color-5)","background-image":"","background-repeat":"repeat","background-position":"center center","background-size":"auto","background-attachment":"scroll","background-type":"","background-media":"","overlay-type":"","overlay-color":"","overlay-opacity":"","overlay-gradient":""},"tablet":{"background-color":"var(--ast-global-color-5)","background-image":"","background-repeat":"repeat","background-position":"center center","background-size":"auto","background-attachment":"scroll","background-type":"","background-media":"","overlay-type":"","overlay-color":"","overlay-opacity":"","overlay-gradient":""},"mobile":{"background-color":"var(--ast-global-color-5)","background-image":"","background-repeat":"repeat","background-position":"center center","background-size":"auto","background-attachment":"scroll","background-type":"","background-media":"","overlay-type":"","overlay-color":"","overlay-opacity":"","overlay-gradient":""}}},"product_brand":[],"product_cat":[1081],"product_tag":[],"class_list":{"0":"post-45802","1":"product","2":"type-product","3":"status-publish","4":"has-post-thumbnail","6":"product_cat-mutsid-kindad","7":"desktop-align-center","8":"tablet-align-left","9":"mobile-align-left","11":"first","12":"instock","13":"taxable","14":"shipping-taxable","15":"purchasable","16":"product-type-variable"},"acf":[],"_links":{"self":[{"href":"https:\/\/gowri.eu\/et\/wp-json\/wp\/v2\/product\/45802","targetHints":{"allow":["GET"]}}],"collection":[{"href":"https:\/\/gowri.eu\/et\/wp-json\/wp\/v2\/product"}],"about":[{"href":"https:\/\/gowri.eu\/et\/wp-json\/wp\/v2\/types\/product"}],"wp:featuredmedia":[{"embeddable":true,"href":"https:\/\/gowri.eu\/et\/wp-json\/wp\/v2\/media\/46656"}],"wp:attachment":[{"href":"https:\/\/gowri.eu\/et\/wp-json\/wp\/v2\/media?parent=45802"}],"wp:term":[{"taxonomy":"product_brand","embeddable":true,"href":"https:\/\/gowri.eu\/et\/wp-json\/wp\/v2\/product_brand?post=45802"},{"taxonomy":"product_cat","embeddable":true,"href":"https:\/\/gowri.eu\/et\/wp-json\/wp\/v2\/product_cat?post=45802"},{"taxonomy":"product_tag","embeddable":true,"href":"https:\/\/gowri.eu\/et\/wp-json\/wp\/v2\/product_tag?post=45802"}],"curies":[{"name":"wp","href":"https:\/\/api.w.org\/{rel}","templated":true}]}}