{"id":45857,"date":"2025-11-13T11:09:43","date_gmt":"2025-11-13T09:09:43","guid":{"rendered":"https:\/\/gowri.eu\/shop\/erksinine-smokk\/"},"modified":"2025-11-17T11:24:16","modified_gmt":"2025-11-17T09:24:16","slug":"erksinine-smokk","status":"publish","type":"product","link":"https:\/\/gowri.eu\/et\/pood\/erksinine-smokk\/","title":{"rendered":"Erksinine Smokk"},"content":{"rendered":"","protected":false},"excerpt":{"rendered":"<p>VEST EI OLE HINNA SEES &#8211; VESTIGA LISANDUB: 199\u20ac<\/p>\n<p>Elegantne Smoking: Erksinine v\u00e4rv toob klassikalisele &#8220;Black Tie&#8221; \u00fcritusele modernset s\u00e4rtsu samal ajal j\u00e4lgides austatud \u00fcrituse reegleid &#8211; \u00f5ige valik pidulikule \u00fcritusele peale kella 6 \u00f5htul. Selle ajatu elegants, eriline stiil ja v\u00f5ime tuua v\u00e4limusele peensust, selline r\u00f5ivastus on v\u00f5itnud paljude peigmeeste s\u00fcdame.<\/p>\n<p>Smoking on loodud pidulikele \u00fcritustele ja seda iseloomustavad v\u00e4ga spetsiifilised ja erilised omadused. Smokk koosneb mustast v\u00f5i tumesinisest pintsakust kitsate rev\u00e4\u00e4ridega, valgest smokis\u00e4rgist mis on kaetud n\u00f6\u00f6biliistuga, mustast kikilipsust, lampassidega p\u00fckstest ja lakk-kingadest. R\u00f5ivastuse t\u00e4iendamiseks lisatakse aksessuaare nagu n\u00e4iteks mansetin\u00f6\u00f6bid, stiilne ilur\u00e4tik ja sobiv vest.<\/p>\n","protected":false},"featured_media":45854,"template":"","meta":{"_acf_changed":false,"site-sidebar-layout":"default","site-content-layout":"","ast-site-content-layout":"default","site-content-style":"default","site-sidebar-style":"default","ast-global-header-display":"","ast-banner-title-visibility":"","ast-main-header-display":"","ast-hfb-above-header-display":"","ast-hfb-below-header-display":"","ast-hfb-mobile-header-display":"","site-post-title":"","ast-breadcrumbs-content":"","ast-featured-img":"","footer-sml-layout":"","ast-disable-related-posts":"","theme-transparent-header-meta":"default","adv-header-id-meta":"","stick-header-meta":"","header-above-stick-meta":"","header-main-stick-meta":"","header-below-stick-meta":"","astra-migrate-meta-layouts":"set","ast-page-background-enabled":"default","ast-page-background-meta":{"desktop":{"background-color":"","background-image":"","background-repeat":"repeat","background-position":"center center","background-size":"auto","background-attachment":"scroll","background-type":"","background-media":"","overlay-type":"","overlay-color":"","overlay-opacity":"","overlay-gradient":""},"tablet":{"background-color":"","background-image":"","background-repeat":"repeat","background-position":"center center","background-size":"auto","background-attachment":"scroll","background-type":"","background-media":"","overlay-type":"","overlay-color":"","overlay-opacity":"","overlay-gradient":""},"mobile":{"background-color":"","background-image":"","background-repeat":"repeat","background-position":"center center","background-size":"auto","background-attachment":"scroll","background-type":"","background-media":"","overlay-type":"","overlay-color":"","overlay-opacity":"","overlay-gradient":""}},"ast-content-background-meta":{"desktop":{"background-color":"var(--ast-global-color-5)","background-image":"","background-repeat":"repeat","background-position":"center center","background-size":"auto","background-attachment":"scroll","background-type":"","background-media":"","overlay-type":"","overlay-color":"","overlay-opacity":"","overlay-gradient":""},"tablet":{"background-color":"var(--ast-global-color-5)","background-image":"","background-repeat":"repeat","background-position":"center center","background-size":"auto","background-attachment":"scroll","background-type":"","background-media":"","overlay-type":"","overlay-color":"","overlay-opacity":"","overlay-gradient":""},"mobile":{"background-color":"var(--ast-global-color-5)","background-image":"","background-repeat":"repeat","background-position":"center center","background-size":"auto","background-attachment":"scroll","background-type":"","background-media":"","overlay-type":"","overlay-color":"","overlay-opacity":"","overlay-gradient":""}}},"product_brand":[],"product_cat":[1098,1109],"product_tag":[],"class_list":{"0":"post-45857","1":"product","2":"type-product","3":"status-publish","4":"has-post-thumbnail","6":"product_cat-smokk-frakk","7":"product_cat-tellimuse-smokk-frakk","8":"desktop-align-center","9":"tablet-align-left","10":"mobile-align-left","12":"first","13":"instock","14":"taxable","15":"shipping-taxable","16":"purchasable","17":"product-type-variable"},"acf":[],"_links":{"self":[{"href":"https:\/\/gowri.eu\/et\/wp-json\/wp\/v2\/product\/45857","targetHints":{"allow":["GET"]}}],"collection":[{"href":"https:\/\/gowri.eu\/et\/wp-json\/wp\/v2\/product"}],"about":[{"href":"https:\/\/gowri.eu\/et\/wp-json\/wp\/v2\/types\/product"}],"wp:featuredmedia":[{"embeddable":true,"href":"https:\/\/gowri.eu\/et\/wp-json\/wp\/v2\/media\/45854"}],"wp:attachment":[{"href":"https:\/\/gowri.eu\/et\/wp-json\/wp\/v2\/media?parent=45857"}],"wp:term":[{"taxonomy":"product_brand","embeddable":true,"href":"https:\/\/gowri.eu\/et\/wp-json\/wp\/v2\/product_brand?post=45857"},{"taxonomy":"product_cat","embeddable":true,"href":"https:\/\/gowri.eu\/et\/wp-json\/wp\/v2\/product_cat?post=45857"},{"taxonomy":"product_tag","embeddable":true,"href":"https:\/\/gowri.eu\/et\/wp-json\/wp\/v2\/product_tag?post=45857"}],"curies":[{"name":"wp","href":"https:\/\/api.w.org\/{rel}","templated":true}]}}