{"id":45881,"date":"2025-10-08T16:50:11","date_gmt":"2025-10-08T13:50:11","guid":{"rendered":"https:\/\/gowri.eu\/shop\/sinatra-terava-revaariga-smokk\/"},"modified":"2025-12-02T12:49:46","modified_gmt":"2025-12-02T10:49:46","slug":"sinatra-terava-revaariga-smokk","status":"publish","type":"product","link":"https:\/\/gowri.eu\/et\/pood\/sinatra-terava-revaariga-smokk\/","title":{"rendered":"Sinatra Terava Rev\u00e4\u00e4riga Smokk"},"content":{"rendered":"","protected":false},"excerpt":{"rendered":"<p>Pidulike \u00fcrituste klassika, p\u00f5hiriie mida iga mees peaks elus v\u00e4hemalt korra kandma &#8211; must smokk. Seda smokki iseloomustab tema terav rev\u00e4\u00e4r &#8211; \u00fcles nurgaga suunatud \u00e4\u00e4red mis l\u00e4hevad kraest edasi, tuues v\u00e4gagi v\u00f5imsa ja autoriteetse tunde ajatusse komplekti.<\/p>\n<p>Smoking on loodud pidulikele \u00fcritustele ja seda iseloomustavad v\u00e4ga spetsiifilised ja erilised omadused. Smokk koosneb mustast v\u00f5i tumesinisest pintsakust kitsate rev\u00e4\u00e4ridega, valgest smokis\u00e4rgist mis on kaetud n\u00f6\u00f6biliistuga, mustast kikilipsust, lampassidega p\u00fckstest ja lakk-kingadest. R\u00f5ivastuse t\u00e4iendamiseks lisatakse aksessuaare nagu n\u00e4iteks mansetin\u00f6\u00f6bid, stiilne ilur\u00e4tik ja sobiv vest.<\/p>\n","protected":false},"featured_media":45878,"template":"","meta":{"_acf_changed":false,"site-sidebar-layout":"default","site-content-layout":"","ast-site-content-layout":"default","site-content-style":"default","site-sidebar-style":"default","ast-global-header-display":"","ast-banner-title-visibility":"","ast-main-header-display":"","ast-hfb-above-header-display":"","ast-hfb-below-header-display":"","ast-hfb-mobile-header-display":"","site-post-title":"","ast-breadcrumbs-content":"","ast-featured-img":"","footer-sml-layout":"","ast-disable-related-posts":"","theme-transparent-header-meta":"default","adv-header-id-meta":"","stick-header-meta":"","header-above-stick-meta":"","header-main-stick-meta":"","header-below-stick-meta":"","astra-migrate-meta-layouts":"set","ast-page-background-enabled":"default","ast-page-background-meta":{"desktop":{"background-color":"","background-image":"","background-repeat":"repeat","background-position":"center center","background-size":"auto","background-attachment":"scroll","background-type":"","background-media":"","overlay-type":"","overlay-color":"","overlay-opacity":"","overlay-gradient":""},"tablet":{"background-color":"","background-image":"","background-repeat":"repeat","background-position":"center center","background-size":"auto","background-attachment":"scroll","background-type":"","background-media":"","overlay-type":"","overlay-color":"","overlay-opacity":"","overlay-gradient":""},"mobile":{"background-color":"","background-image":"","background-repeat":"repeat","background-position":"center center","background-size":"auto","background-attachment":"scroll","background-type":"","background-media":"","overlay-type":"","overlay-color":"","overlay-opacity":"","overlay-gradient":""}},"ast-content-background-meta":{"desktop":{"background-color":"var(--ast-global-color-5)","background-image":"","background-repeat":"repeat","background-position":"center center","background-size":"auto","background-attachment":"scroll","background-type":"","background-media":"","overlay-type":"","overlay-color":"","overlay-opacity":"","overlay-gradient":""},"tablet":{"background-color":"var(--ast-global-color-5)","background-image":"","background-repeat":"repeat","background-position":"center center","background-size":"auto","background-attachment":"scroll","background-type":"","background-media":"","overlay-type":"","overlay-color":"","overlay-opacity":"","overlay-gradient":""},"mobile":{"background-color":"var(--ast-global-color-5)","background-image":"","background-repeat":"repeat","background-position":"center center","background-size":"auto","background-attachment":"scroll","background-type":"","background-media":"","overlay-type":"","overlay-color":"","overlay-opacity":"","overlay-gradient":""}}},"product_brand":[],"product_cat":[1098],"product_tag":[],"class_list":{"0":"post-45881","1":"product","2":"type-product","3":"status-publish","4":"has-post-thumbnail","6":"product_cat-smokk-frakk","7":"desktop-align-center","8":"tablet-align-left","9":"mobile-align-left","11":"first","12":"instock","13":"taxable","14":"shipping-taxable","15":"purchasable","16":"product-type-variable"},"acf":[],"_links":{"self":[{"href":"https:\/\/gowri.eu\/et\/wp-json\/wp\/v2\/product\/45881","targetHints":{"allow":["GET"]}}],"collection":[{"href":"https:\/\/gowri.eu\/et\/wp-json\/wp\/v2\/product"}],"about":[{"href":"https:\/\/gowri.eu\/et\/wp-json\/wp\/v2\/types\/product"}],"wp:featuredmedia":[{"embeddable":true,"href":"https:\/\/gowri.eu\/et\/wp-json\/wp\/v2\/media\/45878"}],"wp:attachment":[{"href":"https:\/\/gowri.eu\/et\/wp-json\/wp\/v2\/media?parent=45881"}],"wp:term":[{"taxonomy":"product_brand","embeddable":true,"href":"https:\/\/gowri.eu\/et\/wp-json\/wp\/v2\/product_brand?post=45881"},{"taxonomy":"product_cat","embeddable":true,"href":"https:\/\/gowri.eu\/et\/wp-json\/wp\/v2\/product_cat?post=45881"},{"taxonomy":"product_tag","embeddable":true,"href":"https:\/\/gowri.eu\/et\/wp-json\/wp\/v2\/product_tag?post=45881"}],"curies":[{"name":"wp","href":"https:\/\/api.w.org\/{rel}","templated":true}]}}