{"id":46004,"date":"2025-11-14T16:47:42","date_gmt":"2025-11-14T14:47:42","guid":{"rendered":"https:\/\/gowri.eu\/shop\/oosinine-sall-revaariga-smokk\/"},"modified":"2025-11-14T16:59:00","modified_gmt":"2025-11-14T14:59:00","slug":"oosinine-sall-revaariga-smokk","status":"publish","type":"product","link":"https:\/\/gowri.eu\/et\/pood\/oosinine-sall-revaariga-smokk\/","title":{"rendered":"\u00d6\u00f6sinine Sall Rev\u00e4\u00e4riga Smokk"},"content":{"rendered":"","protected":false},"excerpt":{"rendered":"<p>Elegantne Smoking: Kui tuua v\u00e4lja ajaluga ja mida t\u00e4hendab klassikaline \u201cBlack Tie\u201d riietus, siis just \u00f6\u00f6sinine smokk on see kus see k\u00f5ik algas. Satiin sall rev\u00e4\u00e4r on kirss tordil sellele ajatu pidulikule riietusele mis on \u00fcks tuntuimaid stiile ajaloos.<\/p>\n<p>Smoking on loodud pidulikele \u00fcritustele ja seda iseloomustavad v\u00e4ga spetsiifilised ja erilised omadused. Smokk koosneb mustast v\u00f5i tumesinisest pintsakust kitsate rev\u00e4\u00e4ridega, valgest smokis\u00e4rgist mis on kaetud n\u00f6\u00f6biliistuga, mustast kikilipsust, lampassidega p\u00fckstest ja lakk-kingadest. R\u00f5ivastuse t\u00e4iendamiseks lisatakse aksessuaare nagu n\u00e4iteks mansetin\u00f6\u00f6bid, stiilne ilur\u00e4tik ja sobiv vest.<\/p>\n","protected":false},"featured_media":46000,"template":"","meta":{"_acf_changed":false,"site-sidebar-layout":"default","site-content-layout":"","ast-site-content-layout":"default","site-content-style":"default","site-sidebar-style":"default","ast-global-header-display":"","ast-banner-title-visibility":"","ast-main-header-display":"","ast-hfb-above-header-display":"","ast-hfb-below-header-display":"","ast-hfb-mobile-header-display":"","site-post-title":"","ast-breadcrumbs-content":"","ast-featured-img":"","footer-sml-layout":"","ast-disable-related-posts":"","theme-transparent-header-meta":"default","adv-header-id-meta":"","stick-header-meta":"","header-above-stick-meta":"","header-main-stick-meta":"","header-below-stick-meta":"","astra-migrate-meta-layouts":"set","ast-page-background-enabled":"default","ast-page-background-meta":{"desktop":{"background-color":"","background-image":"","background-repeat":"repeat","background-position":"center center","background-size":"auto","background-attachment":"scroll","background-type":"","background-media":"","overlay-type":"","overlay-color":"","overlay-opacity":"","overlay-gradient":""},"tablet":{"background-color":"","background-image":"","background-repeat":"repeat","background-position":"center center","background-size":"auto","background-attachment":"scroll","background-type":"","background-media":"","overlay-type":"","overlay-color":"","overlay-opacity":"","overlay-gradient":""},"mobile":{"background-color":"","background-image":"","background-repeat":"repeat","background-position":"center center","background-size":"auto","background-attachment":"scroll","background-type":"","background-media":"","overlay-type":"","overlay-color":"","overlay-opacity":"","overlay-gradient":""}},"ast-content-background-meta":{"desktop":{"background-color":"var(--ast-global-color-5)","background-image":"","background-repeat":"repeat","background-position":"center center","background-size":"auto","background-attachment":"scroll","background-type":"","background-media":"","overlay-type":"","overlay-color":"","overlay-opacity":"","overlay-gradient":""},"tablet":{"background-color":"var(--ast-global-color-5)","background-image":"","background-repeat":"repeat","background-position":"center center","background-size":"auto","background-attachment":"scroll","background-type":"","background-media":"","overlay-type":"","overlay-color":"","overlay-opacity":"","overlay-gradient":""},"mobile":{"background-color":"var(--ast-global-color-5)","background-image":"","background-repeat":"repeat","background-position":"center center","background-size":"auto","background-attachment":"scroll","background-type":"","background-media":"","overlay-type":"","overlay-color":"","overlay-opacity":"","overlay-gradient":""}}},"product_brand":[],"product_cat":[1098,1109],"product_tag":[],"class_list":{"0":"post-46004","1":"product","2":"type-product","3":"status-publish","4":"has-post-thumbnail","6":"product_cat-smokk-frakk","7":"product_cat-tellimuse-smokk-frakk","8":"desktop-align-center","9":"tablet-align-left","10":"mobile-align-left","12":"first","13":"instock","14":"taxable","15":"shipping-taxable","16":"purchasable","17":"product-type-variable"},"acf":[],"_links":{"self":[{"href":"https:\/\/gowri.eu\/et\/wp-json\/wp\/v2\/product\/46004","targetHints":{"allow":["GET"]}}],"collection":[{"href":"https:\/\/gowri.eu\/et\/wp-json\/wp\/v2\/product"}],"about":[{"href":"https:\/\/gowri.eu\/et\/wp-json\/wp\/v2\/types\/product"}],"wp:featuredmedia":[{"embeddable":true,"href":"https:\/\/gowri.eu\/et\/wp-json\/wp\/v2\/media\/46000"}],"wp:attachment":[{"href":"https:\/\/gowri.eu\/et\/wp-json\/wp\/v2\/media?parent=46004"}],"wp:term":[{"taxonomy":"product_brand","embeddable":true,"href":"https:\/\/gowri.eu\/et\/wp-json\/wp\/v2\/product_brand?post=46004"},{"taxonomy":"product_cat","embeddable":true,"href":"https:\/\/gowri.eu\/et\/wp-json\/wp\/v2\/product_cat?post=46004"},{"taxonomy":"product_tag","embeddable":true,"href":"https:\/\/gowri.eu\/et\/wp-json\/wp\/v2\/product_tag?post=46004"}],"curies":[{"name":"wp","href":"https:\/\/api.w.org\/{rel}","templated":true}]}}