{"id":46248,"date":"2025-11-21T14:45:55","date_gmt":"2025-11-21T12:45:55","guid":{"rendered":"https:\/\/gowri.eu\/shop\/must-kaherealine-smoki-vest\/"},"modified":"2025-11-21T14:45:55","modified_gmt":"2025-11-21T12:45:55","slug":"must-kaherealine-smoki-vest","status":"publish","type":"product","link":"https:\/\/gowri.eu\/et\/pood\/must-kaherealine-smoki-vest\/","title":{"rendered":"Must Kaherealine Smoki Vest"},"content":{"rendered":"","protected":false},"excerpt":{"rendered":"<p>Must Kaherealine Smoki vest on fantastiline p\u00f5hi igaks Black Tie \u00fcrituseks. Traditsionaalselt, \u201cBlack Tie\u201d riietuses, v\u00f6\u00f6koht peab olema kaetud kas smokiv\u00f6\u00f6ga v\u00f5i vestiga. Vest annab rohkem formaalset, kihilist ja struktuurset v\u00e4limust kui smokiv\u00f6\u00f6. Smoki vestid on ka l\u00f5igatud palju madalamalt kui tavaline vest, kas U- v\u00f5i V-kujuga. SMoki vest on niimoodi disainitud, et suurendada smokis\u00e4rgi ja kikilipsu n\u00e4htavust, muutes juba ilusa kaheosalise smoki veel imelisemaks kolmeosaliseks smokiks.<\/p>\n<p>Smoking on loodud pidulikele \u00fcritustele ja seda iseloomustavad v\u00e4ga spetsiifilised ja erilised omadused. Smokk koosneb mustast v\u00f5i tumesinisest pintsakust kitsate rev\u00e4\u00e4ridega, valgest smokis\u00e4rgist mis on kaetud n\u00f6\u00f6biliistuga, mustast kikilipsust, lampassidega p\u00fckstest ja lakk-kingadest. R\u00f5ivastuse t\u00e4iendamiseks lisatakse aksessuaare nagu n\u00e4iteks mansetin\u00f6\u00f6bid, stiilne ilur\u00e4tik ja sobiv vest.<\/p>\n","protected":false},"featured_media":46247,"template":"","meta":{"_acf_changed":false,"site-sidebar-layout":"default","site-content-layout":"","ast-site-content-layout":"default","site-content-style":"default","site-sidebar-style":"default","ast-global-header-display":"","ast-banner-title-visibility":"","ast-main-header-display":"","ast-hfb-above-header-display":"","ast-hfb-below-header-display":"","ast-hfb-mobile-header-display":"","site-post-title":"","ast-breadcrumbs-content":"","ast-featured-img":"","footer-sml-layout":"","ast-disable-related-posts":"","theme-transparent-header-meta":"default","adv-header-id-meta":"","stick-header-meta":"","header-above-stick-meta":"","header-main-stick-meta":"","header-below-stick-meta":"","astra-migrate-meta-layouts":"default","ast-page-background-enabled":"default","ast-page-background-meta":{"desktop":{"background-color":"","background-image":"","background-repeat":"repeat","background-position":"center center","background-size":"auto","background-attachment":"scroll","background-type":"","background-media":"","overlay-type":"","overlay-color":"","overlay-opacity":"","overlay-gradient":""},"tablet":{"background-color":"","background-image":"","background-repeat":"repeat","background-position":"center center","background-size":"auto","background-attachment":"scroll","background-type":"","background-media":"","overlay-type":"","overlay-color":"","overlay-opacity":"","overlay-gradient":""},"mobile":{"background-color":"","background-image":"","background-repeat":"repeat","background-position":"center center","background-size":"auto","background-attachment":"scroll","background-type":"","background-media":"","overlay-type":"","overlay-color":"","overlay-opacity":"","overlay-gradient":""}},"ast-content-background-meta":{"desktop":{"background-color":"var(--ast-global-color-5)","background-image":"","background-repeat":"repeat","background-position":"center center","background-size":"auto","background-attachment":"scroll","background-type":"","background-media":"","overlay-type":"","overlay-color":"","overlay-opacity":"","overlay-gradient":""},"tablet":{"background-color":"var(--ast-global-color-5)","background-image":"","background-repeat":"repeat","background-position":"center center","background-size":"auto","background-attachment":"scroll","background-type":"","background-media":"","overlay-type":"","overlay-color":"","overlay-opacity":"","overlay-gradient":""},"mobile":{"background-color":"var(--ast-global-color-5)","background-image":"","background-repeat":"repeat","background-position":"center center","background-size":"auto","background-attachment":"scroll","background-type":"","background-media":"","overlay-type":"","overlay-color":"","overlay-opacity":"","overlay-gradient":""}}},"product_brand":[],"product_cat":[484],"product_tag":[],"class_list":{"0":"post-46248","1":"product","2":"type-product","3":"status-publish","4":"has-post-thumbnail","6":"product_cat-vestid","7":"desktop-align-center","8":"tablet-align-left","9":"mobile-align-left","11":"first","12":"instock","13":"taxable","14":"shipping-taxable","15":"purchasable","16":"product-type-variable"},"acf":[],"_links":{"self":[{"href":"https:\/\/gowri.eu\/et\/wp-json\/wp\/v2\/product\/46248","targetHints":{"allow":["GET"]}}],"collection":[{"href":"https:\/\/gowri.eu\/et\/wp-json\/wp\/v2\/product"}],"about":[{"href":"https:\/\/gowri.eu\/et\/wp-json\/wp\/v2\/types\/product"}],"wp:featuredmedia":[{"embeddable":true,"href":"https:\/\/gowri.eu\/et\/wp-json\/wp\/v2\/media\/46247"}],"wp:attachment":[{"href":"https:\/\/gowri.eu\/et\/wp-json\/wp\/v2\/media?parent=46248"}],"wp:term":[{"taxonomy":"product_brand","embeddable":true,"href":"https:\/\/gowri.eu\/et\/wp-json\/wp\/v2\/product_brand?post=46248"},{"taxonomy":"product_cat","embeddable":true,"href":"https:\/\/gowri.eu\/et\/wp-json\/wp\/v2\/product_cat?post=46248"},{"taxonomy":"product_tag","embeddable":true,"href":"https:\/\/gowri.eu\/et\/wp-json\/wp\/v2\/product_tag?post=46248"}],"curies":[{"name":"wp","href":"https:\/\/api.w.org\/{rel}","templated":true}]}}