{"id":46542,"date":"2025-12-02T16:32:06","date_gmt":"2025-12-02T14:32:06","guid":{"rendered":"https:\/\/gowri.eu\/shop\/sinine-mustriline-siidilips-2\/"},"modified":"2025-12-08T12:45:23","modified_gmt":"2025-12-08T10:45:23","slug":"sinine-mustriline-siidilips-2","status":"publish","type":"product","link":"https:\/\/gowri.eu\/et\/pood\/sinine-mustriline-siidilips-2\/","title":{"rendered":"Sinine Mustriline Siidilips"},"content":{"rendered":"","protected":false},"excerpt":{"rendered":"<p>See ilusalt disainitud siidilips on kindlasti silmap\u00fc\u00fcdev ilma, et oleks pealet\u00fckkiv t\u00e4nu oma v\u00e4rvidele. See muster tooks nagu voolavust lipsule, s\u00e4rades varieeruvates v\u00e4rvides &#8211; sinine ja hall. Lips mis kindlasti t\u00f5mbab komplimente oma kandjale.<\/p>\n","protected":false},"featured_media":46471,"template":"","meta":{"_acf_changed":false,"site-sidebar-layout":"default","site-content-layout":"","ast-site-content-layout":"default","site-content-style":"default","site-sidebar-style":"default","ast-global-header-display":"","ast-banner-title-visibility":"","ast-main-header-display":"","ast-hfb-above-header-display":"","ast-hfb-below-header-display":"","ast-hfb-mobile-header-display":"","site-post-title":"","ast-breadcrumbs-content":"","ast-featured-img":"","footer-sml-layout":"","ast-disable-related-posts":"","theme-transparent-header-meta":"default","adv-header-id-meta":"","stick-header-meta":"","header-above-stick-meta":"","header-main-stick-meta":"","header-below-stick-meta":"","astra-migrate-meta-layouts":"set","ast-page-background-enabled":"default","ast-page-background-meta":{"desktop":{"background-color":"","background-image":"","background-repeat":"repeat","background-position":"center center","background-size":"auto","background-attachment":"scroll","background-type":"","background-media":"","overlay-type":"","overlay-color":"","overlay-opacity":"","overlay-gradient":""},"tablet":{"background-color":"","background-image":"","background-repeat":"repeat","background-position":"center center","background-size":"auto","background-attachment":"scroll","background-type":"","background-media":"","overlay-type":"","overlay-color":"","overlay-opacity":"","overlay-gradient":""},"mobile":{"background-color":"","background-image":"","background-repeat":"repeat","background-position":"center center","background-size":"auto","background-attachment":"scroll","background-type":"","background-media":"","overlay-type":"","overlay-color":"","overlay-opacity":"","overlay-gradient":""}},"ast-content-background-meta":{"desktop":{"background-color":"var(--ast-global-color-5)","background-image":"","background-repeat":"repeat","background-position":"center center","background-size":"auto","background-attachment":"scroll","background-type":"","background-media":"","overlay-type":"","overlay-color":"","overlay-opacity":"","overlay-gradient":""},"tablet":{"background-color":"var(--ast-global-color-5)","background-image":"","background-repeat":"repeat","background-position":"center center","background-size":"auto","background-attachment":"scroll","background-type":"","background-media":"","overlay-type":"","overlay-color":"","overlay-opacity":"","overlay-gradient":""},"mobile":{"background-color":"var(--ast-global-color-5)","background-image":"","background-repeat":"repeat","background-position":"center center","background-size":"auto","background-attachment":"scroll","background-type":"","background-media":"","overlay-type":"","overlay-color":"","overlay-opacity":"","overlay-gradient":""}}},"product_brand":[],"product_cat":[482],"product_tag":[],"class_list":{"0":"post-46542","1":"product","2":"type-product","3":"status-publish","4":"has-post-thumbnail","6":"product_cat-lipsud-kravatid","7":"desktop-align-center","8":"tablet-align-left","9":"mobile-align-left","11":"first","12":"instock","13":"taxable","14":"shipping-taxable","15":"purchasable","16":"product-type-simple"},"acf":[],"_links":{"self":[{"href":"https:\/\/gowri.eu\/et\/wp-json\/wp\/v2\/product\/46542","targetHints":{"allow":["GET"]}}],"collection":[{"href":"https:\/\/gowri.eu\/et\/wp-json\/wp\/v2\/product"}],"about":[{"href":"https:\/\/gowri.eu\/et\/wp-json\/wp\/v2\/types\/product"}],"wp:featuredmedia":[{"embeddable":true,"href":"https:\/\/gowri.eu\/et\/wp-json\/wp\/v2\/media\/46471"}],"wp:attachment":[{"href":"https:\/\/gowri.eu\/et\/wp-json\/wp\/v2\/media?parent=46542"}],"wp:term":[{"taxonomy":"product_brand","embeddable":true,"href":"https:\/\/gowri.eu\/et\/wp-json\/wp\/v2\/product_brand?post=46542"},{"taxonomy":"product_cat","embeddable":true,"href":"https:\/\/gowri.eu\/et\/wp-json\/wp\/v2\/product_cat?post=46542"},{"taxonomy":"product_tag","embeddable":true,"href":"https:\/\/gowri.eu\/et\/wp-json\/wp\/v2\/product_tag?post=46542"}],"curies":[{"name":"wp","href":"https:\/\/api.w.org\/{rel}","templated":true}]}}