{"id":47299,"date":"2026-04-17T14:26:08","date_gmt":"2026-04-17T11:26:08","guid":{"rendered":"https:\/\/gowri.eu\/shop\/canterbury-tumesinine-ruuduline-pintsak\/"},"modified":"2026-04-21T19:53:49","modified_gmt":"2026-04-21T16:53:49","slug":"canterbury-tumesinine-ruuduline-pintsak","status":"publish","type":"product","link":"https:\/\/gowri.eu\/et\/pood\/canterbury-tumesinine-ruuduline-pintsak\/","title":{"rendered":"Canterbury Tumesinine Ruuduline Pintsak"},"content":{"rendered":"","protected":false},"excerpt":{"rendered":"<p><strong>Canterbury Tumesinine Ruuduline Pintsak on meistriklass nutika ja vabaaja mitmek\u00fclgsuse vallas, \u00fchendades puuvilla karge ja hingava olemuse neitsivilla pehmusega. Tulemuseks on r\u00f5ivas, mis tundub kerge, kuid s\u00e4ilitab selge ja struktureeritud silueti. See on t\u00f5eline traditsionaalne r\u00f5ivas \u2013 piisavalt toekas tuuliseks kevadhommikuks, kuid piisavalt jahe hilissuve\u00f5htuks. Suurep\u00e4rane lihtsale, kuid elegantsele h\u00e4rrasmehele.<\/strong><\/p>\n","protected":false},"featured_media":47625,"template":"","meta":{"_acf_changed":false,"site-sidebar-layout":"default","site-content-layout":"","ast-site-content-layout":"default","site-content-style":"default","site-sidebar-style":"default","ast-global-header-display":"","ast-banner-title-visibility":"","ast-main-header-display":"","ast-hfb-above-header-display":"","ast-hfb-below-header-display":"","ast-hfb-mobile-header-display":"","site-post-title":"","ast-breadcrumbs-content":"","ast-featured-img":"","footer-sml-layout":"","ast-disable-related-posts":"","theme-transparent-header-meta":"default","adv-header-id-meta":"","stick-header-meta":"","header-above-stick-meta":"","header-main-stick-meta":"","header-below-stick-meta":"","astra-migrate-meta-layouts":"set","ast-page-background-enabled":"default","ast-page-background-meta":{"desktop":{"background-color":"","background-image":"","background-repeat":"repeat","background-position":"center center","background-size":"auto","background-attachment":"scroll","background-type":"","background-media":"","overlay-type":"","overlay-color":"","overlay-opacity":"","overlay-gradient":""},"tablet":{"background-color":"","background-image":"","background-repeat":"repeat","background-position":"center center","background-size":"auto","background-attachment":"scroll","background-type":"","background-media":"","overlay-type":"","overlay-color":"","overlay-opacity":"","overlay-gradient":""},"mobile":{"background-color":"","background-image":"","background-repeat":"repeat","background-position":"center center","background-size":"auto","background-attachment":"scroll","background-type":"","background-media":"","overlay-type":"","overlay-color":"","overlay-opacity":"","overlay-gradient":""}},"ast-content-background-meta":{"desktop":{"background-color":"var(--ast-global-color-5)","background-image":"","background-repeat":"repeat","background-position":"center center","background-size":"auto","background-attachment":"scroll","background-type":"","background-media":"","overlay-type":"","overlay-color":"","overlay-opacity":"","overlay-gradient":""},"tablet":{"background-color":"var(--ast-global-color-5)","background-image":"","background-repeat":"repeat","background-position":"center center","background-size":"auto","background-attachment":"scroll","background-type":"","background-media":"","overlay-type":"","overlay-color":"","overlay-opacity":"","overlay-gradient":""},"mobile":{"background-color":"var(--ast-global-color-5)","background-image":"","background-repeat":"repeat","background-position":"center center","background-size":"auto","background-attachment":"scroll","background-type":"","background-media":"","overlay-type":"","overlay-color":"","overlay-opacity":"","overlay-gradient":""}}},"product_brand":[],"product_cat":[483,587],"product_tag":[],"class_list":{"0":"post-47299","1":"product","2":"type-product","3":"status-publish","4":"has-post-thumbnail","6":"product_cat-uncategorized-et","7":"product_cat-pintsakud","8":"desktop-align-center","9":"tablet-align-left","10":"mobile-align-left","12":"first","13":"instock","14":"taxable","15":"shipping-taxable","16":"purchasable","17":"product-type-variable"},"acf":[],"_links":{"self":[{"href":"https:\/\/gowri.eu\/et\/wp-json\/wp\/v2\/product\/47299","targetHints":{"allow":["GET"]}}],"collection":[{"href":"https:\/\/gowri.eu\/et\/wp-json\/wp\/v2\/product"}],"about":[{"href":"https:\/\/gowri.eu\/et\/wp-json\/wp\/v2\/types\/product"}],"wp:featuredmedia":[{"embeddable":true,"href":"https:\/\/gowri.eu\/et\/wp-json\/wp\/v2\/media\/47625"}],"wp:attachment":[{"href":"https:\/\/gowri.eu\/et\/wp-json\/wp\/v2\/media?parent=47299"}],"wp:term":[{"taxonomy":"product_brand","embeddable":true,"href":"https:\/\/gowri.eu\/et\/wp-json\/wp\/v2\/product_brand?post=47299"},{"taxonomy":"product_cat","embeddable":true,"href":"https:\/\/gowri.eu\/et\/wp-json\/wp\/v2\/product_cat?post=47299"},{"taxonomy":"product_tag","embeddable":true,"href":"https:\/\/gowri.eu\/et\/wp-json\/wp\/v2\/product_tag?post=47299"}],"curies":[{"name":"wp","href":"https:\/\/api.w.org\/{rel}","templated":true}]}}