{"id":47313,"date":"2026-04-17T14:11:01","date_gmt":"2026-04-17T11:11:01","guid":{"rendered":"https:\/\/gowri.eu\/shop\/rosewood-punane-ruuduline-pintsak\/"},"modified":"2026-04-21T20:19:44","modified_gmt":"2026-04-21T17:19:44","slug":"rosewood-punane-ruuduline-pintsak","status":"publish","type":"product","link":"https:\/\/gowri.eu\/et\/pood\/rosewood-punane-ruuduline-pintsak\/","title":{"rendered":"Rosewood Punane Ruuduline Pintsak"},"content":{"rendered":"","protected":false},"excerpt":{"rendered":"<p><strong>Rosewood Punane Ruuduline Pintsak on julge ja pilkup\u00fc\u00fcdev r\u00f5ivaese, mis \u00fchendab endas 100% villa ajatu autoriteedi erksa ja m\u00f5juka v\u00e4rvipaletiga. T\u00e4nu villale on sellel pintsakul erakordne vastupidavus ja loomulik isolatsioon, mis teeb sellest ideaalse valiku jahedama ilma jaoks, pakkudes soojust ilma \u00fclekuumenemiseta. See on disainitud mehele, kes ei karda s\u00e4rada, s\u00e4ilitades samal ajal klassikalise stiili.<\/strong><\/p>\n","protected":false},"featured_media":47642,"template":"","meta":{"_acf_changed":false,"site-sidebar-layout":"default","site-content-layout":"","ast-site-content-layout":"default","site-content-style":"default","site-sidebar-style":"default","ast-global-header-display":"","ast-banner-title-visibility":"","ast-main-header-display":"","ast-hfb-above-header-display":"","ast-hfb-below-header-display":"","ast-hfb-mobile-header-display":"","site-post-title":"","ast-breadcrumbs-content":"","ast-featured-img":"","footer-sml-layout":"","ast-disable-related-posts":"","theme-transparent-header-meta":"default","adv-header-id-meta":"","stick-header-meta":"","header-above-stick-meta":"","header-main-stick-meta":"","header-below-stick-meta":"","astra-migrate-meta-layouts":"set","ast-page-background-enabled":"default","ast-page-background-meta":{"desktop":{"background-color":"","background-image":"","background-repeat":"repeat","background-position":"center center","background-size":"auto","background-attachment":"scroll","background-type":"","background-media":"","overlay-type":"","overlay-color":"","overlay-opacity":"","overlay-gradient":""},"tablet":{"background-color":"","background-image":"","background-repeat":"repeat","background-position":"center center","background-size":"auto","background-attachment":"scroll","background-type":"","background-media":"","overlay-type":"","overlay-color":"","overlay-opacity":"","overlay-gradient":""},"mobile":{"background-color":"","background-image":"","background-repeat":"repeat","background-position":"center center","background-size":"auto","background-attachment":"scroll","background-type":"","background-media":"","overlay-type":"","overlay-color":"","overlay-opacity":"","overlay-gradient":""}},"ast-content-background-meta":{"desktop":{"background-color":"var(--ast-global-color-5)","background-image":"","background-repeat":"repeat","background-position":"center center","background-size":"auto","background-attachment":"scroll","background-type":"","background-media":"","overlay-type":"","overlay-color":"","overlay-opacity":"","overlay-gradient":""},"tablet":{"background-color":"var(--ast-global-color-5)","background-image":"","background-repeat":"repeat","background-position":"center center","background-size":"auto","background-attachment":"scroll","background-type":"","background-media":"","overlay-type":"","overlay-color":"","overlay-opacity":"","overlay-gradient":""},"mobile":{"background-color":"var(--ast-global-color-5)","background-image":"","background-repeat":"repeat","background-position":"center center","background-size":"auto","background-attachment":"scroll","background-type":"","background-media":"","overlay-type":"","overlay-color":"","overlay-opacity":"","overlay-gradient":""}}},"product_brand":[],"product_cat":[483,587],"product_tag":[],"class_list":{"0":"post-47313","1":"product","2":"type-product","3":"status-publish","4":"has-post-thumbnail","6":"product_cat-uncategorized-et","7":"product_cat-pintsakud","8":"desktop-align-center","9":"tablet-align-left","10":"mobile-align-left","12":"first","13":"instock","14":"taxable","15":"shipping-taxable","16":"purchasable","17":"product-type-variable"},"acf":[],"_links":{"self":[{"href":"https:\/\/gowri.eu\/et\/wp-json\/wp\/v2\/product\/47313","targetHints":{"allow":["GET"]}}],"collection":[{"href":"https:\/\/gowri.eu\/et\/wp-json\/wp\/v2\/product"}],"about":[{"href":"https:\/\/gowri.eu\/et\/wp-json\/wp\/v2\/types\/product"}],"wp:featuredmedia":[{"embeddable":true,"href":"https:\/\/gowri.eu\/et\/wp-json\/wp\/v2\/media\/47642"}],"wp:attachment":[{"href":"https:\/\/gowri.eu\/et\/wp-json\/wp\/v2\/media?parent=47313"}],"wp:term":[{"taxonomy":"product_brand","embeddable":true,"href":"https:\/\/gowri.eu\/et\/wp-json\/wp\/v2\/product_brand?post=47313"},{"taxonomy":"product_cat","embeddable":true,"href":"https:\/\/gowri.eu\/et\/wp-json\/wp\/v2\/product_cat?post=47313"},{"taxonomy":"product_tag","embeddable":true,"href":"https:\/\/gowri.eu\/et\/wp-json\/wp\/v2\/product_tag?post=47313"}],"curies":[{"name":"wp","href":"https:\/\/api.w.org\/{rel}","templated":true}]}}