{"id":47366,"date":"2026-04-15T14:40:58","date_gmt":"2026-04-15T11:40:58","guid":{"rendered":"https:\/\/gowri.eu\/shop\/vernezza-sandy-kaherealine-ulikond\/"},"modified":"2026-04-21T21:26:44","modified_gmt":"2026-04-21T18:26:44","slug":"vernezza-sandy-kaherealine-ulikond","status":"publish","type":"product","link":"https:\/\/gowri.eu\/et\/pood\/vernezza-sandy-kaherealine-ulikond\/","title":{"rendered":"Vernezza Sandy Kaherealine \u00dclikond"},"content":{"rendered":"","protected":false},"excerpt":{"rendered":"<p><strong>Vernezza Sandy Kaherealine \u00dclikond \u00fchendab traditsioonilise militaarteemalise silueti pehme, k\u00f5rbe inspireeritud paletiga. \u00dclikond pakub klassikalise \u00fclikonna teravat v\u00e4limust koos mugavusega, mis liigub koos sinuga, tundudes moderne, \u00f5huline ja lahedana. Vill annab puhta kuju, mis hoiab kaherealist struktuuri ideaalselt, samas elastaan v\u00f5imaldab liikuvust ja sirgelt p\u00fcsivust. See on &#8220;Executive Safari&#8221; ja &#8220;Euroopa suve&#8221; vaheline stiil. See on piisavalt julge, et silma paista sihtkoha pulmas, kuid piisavalt professionaalne juhatuse ruumi jaoks.<\/strong><\/p>\n","protected":false},"featured_media":47478,"template":"","meta":{"_acf_changed":false,"site-sidebar-layout":"default","site-content-layout":"","ast-site-content-layout":"default","site-content-style":"default","site-sidebar-style":"default","ast-global-header-display":"","ast-banner-title-visibility":"","ast-main-header-display":"","ast-hfb-above-header-display":"","ast-hfb-below-header-display":"","ast-hfb-mobile-header-display":"","site-post-title":"","ast-breadcrumbs-content":"","ast-featured-img":"","footer-sml-layout":"","ast-disable-related-posts":"","theme-transparent-header-meta":"default","adv-header-id-meta":"","stick-header-meta":"","header-above-stick-meta":"","header-main-stick-meta":"","header-below-stick-meta":"","astra-migrate-meta-layouts":"set","ast-page-background-enabled":"default","ast-page-background-meta":{"desktop":{"background-color":"","background-image":"","background-repeat":"repeat","background-position":"center center","background-size":"auto","background-attachment":"scroll","background-type":"","background-media":"","overlay-type":"","overlay-color":"","overlay-opacity":"","overlay-gradient":""},"tablet":{"background-color":"","background-image":"","background-repeat":"repeat","background-position":"center center","background-size":"auto","background-attachment":"scroll","background-type":"","background-media":"","overlay-type":"","overlay-color":"","overlay-opacity":"","overlay-gradient":""},"mobile":{"background-color":"","background-image":"","background-repeat":"repeat","background-position":"center center","background-size":"auto","background-attachment":"scroll","background-type":"","background-media":"","overlay-type":"","overlay-color":"","overlay-opacity":"","overlay-gradient":""}},"ast-content-background-meta":{"desktop":{"background-color":"var(--ast-global-color-5)","background-image":"","background-repeat":"repeat","background-position":"center center","background-size":"auto","background-attachment":"scroll","background-type":"","background-media":"","overlay-type":"","overlay-color":"","overlay-opacity":"","overlay-gradient":""},"tablet":{"background-color":"var(--ast-global-color-5)","background-image":"","background-repeat":"repeat","background-position":"center center","background-size":"auto","background-attachment":"scroll","background-type":"","background-media":"","overlay-type":"","overlay-color":"","overlay-opacity":"","overlay-gradient":""},"mobile":{"background-color":"var(--ast-global-color-5)","background-image":"","background-repeat":"repeat","background-position":"center center","background-size":"auto","background-attachment":"scroll","background-type":"","background-media":"","overlay-type":"","overlay-color":"","overlay-opacity":"","overlay-gradient":""}}},"product_brand":[],"product_cat":[481],"product_tag":[],"class_list":{"0":"post-47366","1":"product","2":"type-product","3":"status-publish","4":"has-post-thumbnail","6":"product_cat-ulikonnad","7":"desktop-align-center","8":"tablet-align-left","9":"mobile-align-left","11":"first","12":"instock","13":"taxable","14":"shipping-taxable","15":"purchasable","16":"product-type-variable"},"acf":[],"_links":{"self":[{"href":"https:\/\/gowri.eu\/et\/wp-json\/wp\/v2\/product\/47366","targetHints":{"allow":["GET"]}}],"collection":[{"href":"https:\/\/gowri.eu\/et\/wp-json\/wp\/v2\/product"}],"about":[{"href":"https:\/\/gowri.eu\/et\/wp-json\/wp\/v2\/types\/product"}],"wp:featuredmedia":[{"embeddable":true,"href":"https:\/\/gowri.eu\/et\/wp-json\/wp\/v2\/media\/47478"}],"wp:attachment":[{"href":"https:\/\/gowri.eu\/et\/wp-json\/wp\/v2\/media?parent=47366"}],"wp:term":[{"taxonomy":"product_brand","embeddable":true,"href":"https:\/\/gowri.eu\/et\/wp-json\/wp\/v2\/product_brand?post=47366"},{"taxonomy":"product_cat","embeddable":true,"href":"https:\/\/gowri.eu\/et\/wp-json\/wp\/v2\/product_cat?post=47366"},{"taxonomy":"product_tag","embeddable":true,"href":"https:\/\/gowri.eu\/et\/wp-json\/wp\/v2\/product_tag?post=47366"}],"curies":[{"name":"wp","href":"https:\/\/api.w.org\/{rel}","templated":true}]}}