{"id":47398,"date":"2026-04-15T14:25:56","date_gmt":"2026-04-15T11:25:56","guid":{"rendered":"https:\/\/gowri.eu\/shop\/colmar-beez-ruuduline-ulikond\/"},"modified":"2026-04-22T08:41:02","modified_gmt":"2026-04-22T05:41:02","slug":"colmar-beez-ruuduline-ulikond","status":"publish","type":"product","link":"https:\/\/gowri.eu\/et\/pood\/colmar-beez-ruuduline-ulikond\/","title":{"rendered":"Colmar Bee\u017e Ruuduline \u00dclikond"},"content":{"rendered":"","protected":false},"excerpt":{"rendered":"<p><strong>Colmar Bee\u017e Ruuduline \u00dclikond on n\u00e4ide mugavast ja sooja ilmaga sobivast r\u00f5ivaesemest, mis talub kuumust, s\u00e4ilitades samal ajal oma vormi. Bee\u017e alusv\u00e4rv toimib ruudumustrile sooja ja neutraalse l\u00f5uendina ning ruut ise lisab visuaalset s\u00fcgavust. Puuvill annab pehme ja sileda tunde ning aitab \u00fclikonnal vormi hoida, linane aga maksimaalse hingavuse. Nii valmistatud \u00fclikond annab edasi \u201erafineeritud maal\u00e4hedase\u201c esteetika, mis sobib ideaalselt \u00f5ues toimuvateks pulmadeks, suvisteks galadeks v\u00f5i stiilseks n\u00e4dalavahetuse riietuseks linnas.<\/strong><\/p>\n","protected":false},"featured_media":47484,"template":"","meta":{"_acf_changed":false,"site-sidebar-layout":"default","site-content-layout":"","ast-site-content-layout":"default","site-content-style":"default","site-sidebar-style":"default","ast-global-header-display":"","ast-banner-title-visibility":"","ast-main-header-display":"","ast-hfb-above-header-display":"","ast-hfb-below-header-display":"","ast-hfb-mobile-header-display":"","site-post-title":"","ast-breadcrumbs-content":"","ast-featured-img":"","footer-sml-layout":"","ast-disable-related-posts":"","theme-transparent-header-meta":"default","adv-header-id-meta":"","stick-header-meta":"","header-above-stick-meta":"","header-main-stick-meta":"","header-below-stick-meta":"","astra-migrate-meta-layouts":"set","ast-page-background-enabled":"default","ast-page-background-meta":{"desktop":{"background-color":"","background-image":"","background-repeat":"repeat","background-position":"center center","background-size":"auto","background-attachment":"scroll","background-type":"","background-media":"","overlay-type":"","overlay-color":"","overlay-opacity":"","overlay-gradient":""},"tablet":{"background-color":"","background-image":"","background-repeat":"repeat","background-position":"center center","background-size":"auto","background-attachment":"scroll","background-type":"","background-media":"","overlay-type":"","overlay-color":"","overlay-opacity":"","overlay-gradient":""},"mobile":{"background-color":"","background-image":"","background-repeat":"repeat","background-position":"center center","background-size":"auto","background-attachment":"scroll","background-type":"","background-media":"","overlay-type":"","overlay-color":"","overlay-opacity":"","overlay-gradient":""}},"ast-content-background-meta":{"desktop":{"background-color":"var(--ast-global-color-5)","background-image":"","background-repeat":"repeat","background-position":"center center","background-size":"auto","background-attachment":"scroll","background-type":"","background-media":"","overlay-type":"","overlay-color":"","overlay-opacity":"","overlay-gradient":""},"tablet":{"background-color":"var(--ast-global-color-5)","background-image":"","background-repeat":"repeat","background-position":"center center","background-size":"auto","background-attachment":"scroll","background-type":"","background-media":"","overlay-type":"","overlay-color":"","overlay-opacity":"","overlay-gradient":""},"mobile":{"background-color":"var(--ast-global-color-5)","background-image":"","background-repeat":"repeat","background-position":"center center","background-size":"auto","background-attachment":"scroll","background-type":"","background-media":"","overlay-type":"","overlay-color":"","overlay-opacity":"","overlay-gradient":""}}},"product_brand":[],"product_cat":[481],"product_tag":[],"class_list":{"0":"post-47398","1":"product","2":"type-product","3":"status-publish","4":"has-post-thumbnail","6":"product_cat-ulikonnad","7":"desktop-align-center","8":"tablet-align-left","9":"mobile-align-left","11":"first","12":"instock","13":"taxable","14":"shipping-taxable","15":"purchasable","16":"product-type-variable"},"acf":[],"_links":{"self":[{"href":"https:\/\/gowri.eu\/et\/wp-json\/wp\/v2\/product\/47398","targetHints":{"allow":["GET"]}}],"collection":[{"href":"https:\/\/gowri.eu\/et\/wp-json\/wp\/v2\/product"}],"about":[{"href":"https:\/\/gowri.eu\/et\/wp-json\/wp\/v2\/types\/product"}],"wp:featuredmedia":[{"embeddable":true,"href":"https:\/\/gowri.eu\/et\/wp-json\/wp\/v2\/media\/47484"}],"wp:attachment":[{"href":"https:\/\/gowri.eu\/et\/wp-json\/wp\/v2\/media?parent=47398"}],"wp:term":[{"taxonomy":"product_brand","embeddable":true,"href":"https:\/\/gowri.eu\/et\/wp-json\/wp\/v2\/product_brand?post=47398"},{"taxonomy":"product_cat","embeddable":true,"href":"https:\/\/gowri.eu\/et\/wp-json\/wp\/v2\/product_cat?post=47398"},{"taxonomy":"product_tag","embeddable":true,"href":"https:\/\/gowri.eu\/et\/wp-json\/wp\/v2\/product_tag?post=47398"}],"curies":[{"name":"wp","href":"https:\/\/api.w.org\/{rel}","templated":true}]}}