{"id":47435,"date":"2026-04-13T17:25:59","date_gmt":"2026-04-13T14:25:59","guid":{"rendered":"https:\/\/gowri.eu\/shop\/naples-must-polo\/"},"modified":"2026-04-22T09:30:17","modified_gmt":"2026-04-22T06:30:17","slug":"naples-must-polo","status":"publish","type":"product","link":"https:\/\/gowri.eu\/et\/pood\/naples-must-polo\/","title":{"rendered":"Naples Must Polo"},"content":{"rendered":"","protected":false},"excerpt":{"rendered":"<p><strong>Naples Must Polo on meeste r\u00f5ivaste p\u00f5hiartikli rafineeritud versioon, mis kasutab maailma parimat 100% Egiptuse puuvilla, et muuta vabaaja siluett luksuslikuks. Spetsiaalselt soojemateks kuudeks loodud, see polo pakub s\u00fcgavat, tindimusta viimistlust, mis j\u00e4\u00e4b hingavaks ja naha vastas m\u00e4rkimisv\u00e4\u00e4rselt pehmeks. Egiptuse puuvilla hinnatakse selle eriti pikkade kiudude poolest, mis annavad sileda ja kerge tunde, j\u00e4\u00e4des samal ajal tugevaks ja pillikindlaks. Egiptuse puuvill imab ka v\u00e4rvainet t\u00f5husamalt kui peaaegu \u00fckski teine \u200b\u200bkiud, tagades, et see polos\u00e4rk s\u00e4ilitab oma rikkaliku, s\u00fcsimusta l\u00e4ike peale pesu ilma halliks minemata. Polol on peen, loomulik l\u00e4ige, mis meenutab siidi, andes polos\u00e4rgile &#8220;elegantse&#8221; v\u00e4limuse, mis sobib nii pintsaku alla kui ka iseseisvalt, samas see kvaliteetne polo v\u00f5imaldab maksimaalset hingavust, hoides teid suve tippajal jahedana isegi tumedate v\u00e4rvidega riietuses.<\/strong><\/p>\n","protected":false},"featured_media":0,"template":"","meta":{"_acf_changed":false,"site-sidebar-layout":"default","site-content-layout":"","ast-site-content-layout":"default","site-content-style":"default","site-sidebar-style":"default","ast-global-header-display":"","ast-banner-title-visibility":"","ast-main-header-display":"","ast-hfb-above-header-display":"","ast-hfb-below-header-display":"","ast-hfb-mobile-header-display":"","site-post-title":"","ast-breadcrumbs-content":"","ast-featured-img":"","footer-sml-layout":"","ast-disable-related-posts":"","theme-transparent-header-meta":"default","adv-header-id-meta":"","stick-header-meta":"","header-above-stick-meta":"","header-main-stick-meta":"","header-below-stick-meta":"","astra-migrate-meta-layouts":"set","ast-page-background-enabled":"default","ast-page-background-meta":{"desktop":{"background-color":"","background-image":"","background-repeat":"repeat","background-position":"center center","background-size":"auto","background-attachment":"scroll","background-type":"","background-media":"","overlay-type":"","overlay-color":"","overlay-opacity":"","overlay-gradient":""},"tablet":{"background-color":"","background-image":"","background-repeat":"repeat","background-position":"center center","background-size":"auto","background-attachment":"scroll","background-type":"","background-media":"","overlay-type":"","overlay-color":"","overlay-opacity":"","overlay-gradient":""},"mobile":{"background-color":"","background-image":"","background-repeat":"repeat","background-position":"center center","background-size":"auto","background-attachment":"scroll","background-type":"","background-media":"","overlay-type":"","overlay-color":"","overlay-opacity":"","overlay-gradient":""}},"ast-content-background-meta":{"desktop":{"background-color":"var(--ast-global-color-5)","background-image":"","background-repeat":"repeat","background-position":"center center","background-size":"auto","background-attachment":"scroll","background-type":"","background-media":"","overlay-type":"","overlay-color":"","overlay-opacity":"","overlay-gradient":""},"tablet":{"background-color":"var(--ast-global-color-5)","background-image":"","background-repeat":"repeat","background-position":"center center","background-size":"auto","background-attachment":"scroll","background-type":"","background-media":"","overlay-type":"","overlay-color":"","overlay-opacity":"","overlay-gradient":""},"mobile":{"background-color":"var(--ast-global-color-5)","background-image":"","background-repeat":"repeat","background-position":"center center","background-size":"auto","background-attachment":"scroll","background-type":"","background-media":"","overlay-type":"","overlay-color":"","overlay-opacity":"","overlay-gradient":""}}},"product_brand":[],"product_cat":[683,478],"product_tag":[],"class_list":{"0":"post-47435","1":"product","2":"type-product","3":"status-publish","5":"product_cat-polod","6":"product_cat-sargid","7":"desktop-align-center","8":"tablet-align-left","9":"mobile-align-left","11":"first","12":"instock","13":"taxable","14":"shipping-taxable","15":"purchasable","16":"product-type-variable"},"acf":[],"_links":{"self":[{"href":"https:\/\/gowri.eu\/et\/wp-json\/wp\/v2\/product\/47435","targetHints":{"allow":["GET"]}}],"collection":[{"href":"https:\/\/gowri.eu\/et\/wp-json\/wp\/v2\/product"}],"about":[{"href":"https:\/\/gowri.eu\/et\/wp-json\/wp\/v2\/types\/product"}],"wp:attachment":[{"href":"https:\/\/gowri.eu\/et\/wp-json\/wp\/v2\/media?parent=47435"}],"wp:term":[{"taxonomy":"product_brand","embeddable":true,"href":"https:\/\/gowri.eu\/et\/wp-json\/wp\/v2\/product_brand?post=47435"},{"taxonomy":"product_cat","embeddable":true,"href":"https:\/\/gowri.eu\/et\/wp-json\/wp\/v2\/product_cat?post=47435"},{"taxonomy":"product_tag","embeddable":true,"href":"https:\/\/gowri.eu\/et\/wp-json\/wp\/v2\/product_tag?post=47435"}],"curies":[{"name":"wp","href":"https:\/\/api.w.org\/{rel}","templated":true}]}}