{"id":47441,"date":"2026-04-13T17:10:52","date_gmt":"2026-04-13T14:10:52","guid":{"rendered":"https:\/\/gowri.eu\/shop\/turin-taupe-puksid\/"},"modified":"2026-04-22T09:45:24","modified_gmt":"2026-04-22T06:45:24","slug":"turin-taupe-puksid","status":"publish","type":"product","link":"https:\/\/gowri.eu\/et\/pood\/turin-taupe-puksid\/","title":{"rendered":"Turin Taupe P\u00fcksid"},"content":{"rendered":"","protected":false},"excerpt":{"rendered":"<p><strong>Turin Taupe P\u00fcksid pakuvad peent segu maal\u00e4hedasest neutraalsusest ja kergest geomeetrilisest tekstuurist. Need on valmistatud tasakaalustatud linase ja puuvilla segust ning neil on \u00f5rn kalasabamuster, mis lisab tagasihoidlikule taupe toonile visuaalset s\u00fcgavust. Lina annab vajaliku hingavuse ja puuvill annab kangale &#8220;keha&#8221;, tagades, et p\u00fcksid hoiavad oma vormi paremini. Taupe v\u00e4rv \u2013 mitmek\u00fclgne halli ja pruuni segu \u2013 annab neutraalse v\u00e4rvi, mis toimib igal hooajal. Kalasabamuster on silmapaistev element, mis l\u00e4hedalt vaadates annab mitmetoonilise efekti. Rafineeritud, k\u00e4sit\u00f6\u00f6na valminud ja &#8220;pehmelt julge&#8221; \u2013 see on sammu v\u00f5rra k\u00f5rgem kui tavalised chino-p\u00fcksid, kuid vabam kui ametlikud \u00fclikonna p\u00fcksid.<\/strong><\/p>\n","protected":false},"featured_media":47492,"template":"","meta":{"_acf_changed":false,"site-sidebar-layout":"default","site-content-layout":"","ast-site-content-layout":"default","site-content-style":"default","site-sidebar-style":"default","ast-global-header-display":"","ast-banner-title-visibility":"","ast-main-header-display":"","ast-hfb-above-header-display":"","ast-hfb-below-header-display":"","ast-hfb-mobile-header-display":"","site-post-title":"","ast-breadcrumbs-content":"","ast-featured-img":"","footer-sml-layout":"","ast-disable-related-posts":"","theme-transparent-header-meta":"default","adv-header-id-meta":"","stick-header-meta":"","header-above-stick-meta":"","header-main-stick-meta":"","header-below-stick-meta":"","astra-migrate-meta-layouts":"set","ast-page-background-enabled":"default","ast-page-background-meta":{"desktop":{"background-color":"","background-image":"","background-repeat":"repeat","background-position":"center center","background-size":"auto","background-attachment":"scroll","background-type":"","background-media":"","overlay-type":"","overlay-color":"","overlay-opacity":"","overlay-gradient":""},"tablet":{"background-color":"","background-image":"","background-repeat":"repeat","background-position":"center center","background-size":"auto","background-attachment":"scroll","background-type":"","background-media":"","overlay-type":"","overlay-color":"","overlay-opacity":"","overlay-gradient":""},"mobile":{"background-color":"","background-image":"","background-repeat":"repeat","background-position":"center center","background-size":"auto","background-attachment":"scroll","background-type":"","background-media":"","overlay-type":"","overlay-color":"","overlay-opacity":"","overlay-gradient":""}},"ast-content-background-meta":{"desktop":{"background-color":"var(--ast-global-color-5)","background-image":"","background-repeat":"repeat","background-position":"center center","background-size":"auto","background-attachment":"scroll","background-type":"","background-media":"","overlay-type":"","overlay-color":"","overlay-opacity":"","overlay-gradient":""},"tablet":{"background-color":"var(--ast-global-color-5)","background-image":"","background-repeat":"repeat","background-position":"center center","background-size":"auto","background-attachment":"scroll","background-type":"","background-media":"","overlay-type":"","overlay-color":"","overlay-opacity":"","overlay-gradient":""},"mobile":{"background-color":"var(--ast-global-color-5)","background-image":"","background-repeat":"repeat","background-position":"center center","background-size":"auto","background-attachment":"scroll","background-type":"","background-media":"","overlay-type":"","overlay-color":"","overlay-opacity":"","overlay-gradient":""}}},"product_brand":[],"product_cat":[589],"product_tag":[],"class_list":{"0":"post-47441","1":"product","2":"type-product","3":"status-publish","4":"has-post-thumbnail","6":"product_cat-puksid","7":"desktop-align-center","8":"tablet-align-left","9":"mobile-align-left","11":"first","12":"instock","13":"taxable","14":"shipping-taxable","15":"purchasable","16":"product-type-variable"},"acf":[],"_links":{"self":[{"href":"https:\/\/gowri.eu\/et\/wp-json\/wp\/v2\/product\/47441","targetHints":{"allow":["GET"]}}],"collection":[{"href":"https:\/\/gowri.eu\/et\/wp-json\/wp\/v2\/product"}],"about":[{"href":"https:\/\/gowri.eu\/et\/wp-json\/wp\/v2\/types\/product"}],"wp:featuredmedia":[{"embeddable":true,"href":"https:\/\/gowri.eu\/et\/wp-json\/wp\/v2\/media\/47492"}],"wp:attachment":[{"href":"https:\/\/gowri.eu\/et\/wp-json\/wp\/v2\/media?parent=47441"}],"wp:term":[{"taxonomy":"product_brand","embeddable":true,"href":"https:\/\/gowri.eu\/et\/wp-json\/wp\/v2\/product_brand?post=47441"},{"taxonomy":"product_cat","embeddable":true,"href":"https:\/\/gowri.eu\/et\/wp-json\/wp\/v2\/product_cat?post=47441"},{"taxonomy":"product_tag","embeddable":true,"href":"https:\/\/gowri.eu\/et\/wp-json\/wp\/v2\/product_tag?post=47441"}],"curies":[{"name":"wp","href":"https:\/\/api.w.org\/{rel}","templated":true}]}}